{"id":2324,"date":"2018-02-08T16:46:08","date_gmt":"2018-02-08T16:46:08","guid":{"rendered":"https:\/\/jauteco.com\/?page_id=2324"},"modified":"2024-10-10T10:34:23","modified_gmt":"2024-10-10T10:34:23","slug":"caracteristicas-tecnicas-tablillas-mastiles","status":"publish","type":"page","link":"https:\/\/jauteco.com\/pt\/caracteristicas-tecnicas-tablillas-mastiles\/","title":{"rendered":"Caracter\u00edsticas t\u00e9cnicas Comprimidos e mastros"},"content":{"rendered":"<div class=\"term-description\">\n<h1 class=\"gmail_default\"><strong style=\"font-size: 16px;\">Caracter\u00edsticas t\u00e9cnicas de ripas e mastros para conservas<\/strong><span style=\"font-size: 16px;\">, Sinaliza\u00e7\u00e3o de Fazendas, Avisos e Campos de Ca\u00e7a ou Pesca (Privado e P\u00fablico).<\/span><\/h1>\n<div class=\"gmail_default\">\n<p>Voc\u00ea pode pedir Tabletes de Cogumelos ou tamb\u00e9m personalizados para Centros Esportivos, Comunidades, Prefeituras, Garagens, Piscinas, etc ...<\/p>\n<p>Os comprimidos de Jauteco s\u00e3o <strong>altamente refor\u00e7ado<\/strong>. Fabricado com<strong>n A chapa de a\u00e7o galvanizada suporta o clima, evitando a corros\u00e3o atmosf\u00e9rica.<\/strong><\/p>\n<p>A chapa de a\u00e7o galvanizada com a qual \u00e9 fabricada permite dar a voc\u00ea a<strong> robustez<\/strong> necess\u00e1rio, ent\u00e3o <strong>dificultar para o animal derrub\u00e1-lo.<\/strong><\/p>\n<p>As indica\u00e7\u00f5es impressas na tela dos tablets, bem como seu posicionamento correto, permitem que sejam exibidas corretamente, alertando sobre as indica\u00e7\u00f5es e os poss\u00edveis perigos.<\/p>\n<p>Tamb\u00e9m contamos\u00a0<a href=\"https:\/\/jauteco.com\/pt\/tienda\/mastil-180-m-incluye-tornillos\/\">mastros<\/a>\u00a0e\u00a0<a href=\"https:\/\/jauteco.com\/pt\/tienda\/soporte-plegable-tablillas-caza\/\">suportes dobr\u00e1veis<\/a>, para a coloca\u00e7\u00e3o dos comprimidos. Ambos incluem tudo o necess\u00e1rio para a coloca\u00e7\u00e3o simples e r\u00e1pida dos comprimidos, sendo solvente com um\u00a0<a href=\"https:\/\/youtu.be\/ur3I0UPdJCc\" target=\"_blank\" rel=\"noopener\">montagem correta.<\/a><\/p>\n<p>Para qualquer d\u00favida ou d\u00favida sobre os regulamentos dos tablets, voc\u00ea pode ir para a se\u00e7\u00e3o\u00a0<a href=\"https:\/\/jauteco.com\/pt\/senalizacion-cotos-caza\/\">sinaliza\u00e7\u00e3o de \u00e1reas de ca\u00e7a<\/a>\u00a0para resolv\u00ea-lo, al\u00e9m de nos contatar pessoalmente por telefone\u00a0<a class=\"fl r-idazptJa6XaA\" title=\"Ligar via Hangouts\" data-number=\"+34964602359\" data-pstn-out-call-url=\"\" data-rtid=\"idazptJa6XaA\" data-ved=\"0ahUKEwjQ_8qXx_fWAhUQa1AKHVkrC9wQkAgILCgAMAA\">964 60 23 59.<\/a><\/p>\n<\/div>\n<div class=\"gmail_default\">\n<p><strong>As ripas s\u00e3o fabricadas com:<\/strong><br \/>\n-\u00a0<strong>Chapa de a\u00e7o galvanizada<\/strong>, las de 1\u00ba orden \u00a0con marco embutido.<br \/>\n- Lacas brancas e<strong>\u00a0Serigrafia<\/strong>\u00a0Com tinta de alta pigmenta\u00e7\u00e3o.<br \/>\n- Revestimento e tratamento de<strong>\u00a0alta qualidade<\/strong>\u00a0para evitar corros\u00e3o atmosf\u00e9rica.<br \/>\n-\u00a0<strong>Perfurados para fix\u00e1-los ao mastro<\/strong>\u00a0e ent\u00e3o coloque a placa.<br \/>\n- Medidas: Primeira ordem 50 x 33 cm. Segunda ordem: 30 x 20 cm.<br \/>\n-\u00a0<strong>Matr\u00edcula<\/strong>\u00a0<strong>Inclu\u00eddo<\/strong>: Algumas placas precisam indicar o n\u00famero de coto, como as de &quot;Reserva Particular de Ca\u00e7a&quot; (o n\u00famero \u00e9 carimbado e 2 rebites est\u00e3o inclu\u00eddos para fix\u00e1-lo no tablet).<br \/>\n-<strong>\u00a0Placas \/ comprimidos de acordo com os regulamentos de cada comunidade aut\u00f4noma<\/strong><\/p>\n<\/div>\n<p>Filtro: \u00a0<a href=\"https:\/\/jauteco.com\/pt\/eti\/tablillas-caza-1-orden\/\">Comprimidos de 1\u00aa ordem<\/a>\u00a0 \u00a0| \u00a0<a href=\"https:\/\/jauteco.com\/pt\/eti\/tablillas-caza-2-orden\/\">Comprimidos de 2\u00aa ordem<\/a>\u00a0\u00a0 | \u00a0<a href=\"https:\/\/jauteco.com\/pt\/eti\/tablillas-con-placa-de-matricula\/\">With Plate<\/a><\/p>\n<\/div>\n<hr \/>\n<h2>Mastros para os tablets de 1\u00aa e 2\u00aa ordem - Recursos:<\/h2>\n<ul>\n<li>\u00c2ngulo de a\u00e7o galvanizado<\/li>\n<li>Tratamento especial para proteg\u00ea-los do meio ambiente: rural, industrial, mar\u00edtimo etc.<\/li>\n<li>Termina\u00e7\u00e3o da ponta &quot;para pregar&quot; facilmente no ch\u00e3o.<\/li>\n<li>Compat\u00edvel com todos os tablets (os de primeira e segunda ordem).<\/li>\n<li>Parafusos de montagem inclu\u00eddos.<\/li>\n<li>Mede 1,80 metros de comprimento; Espessura de 2,5 mm; \u00c2ngulo de 3x3cms.<\/li>\n<\/ul>\n<h2>Como colocar os comprimidos de ca\u00e7a<\/h2>\n<p>Encontre as informa\u00e7\u00f5es relacionadas ao projeto e coloca\u00e7\u00e3o das ripas, encontre o Regulamento de todas as comunidades aut\u00f4nomas da Espanha em\u00a0<strong><em><a href=\"https:\/\/jauteco.com\/pt\/senalizacion-cotos-caza\/\">Cotos sinalizando.<\/a>\u00a0<\/em><\/strong><\/p>","protected":false},"excerpt":{"rendered":"<p>Caracter\u00edsticas t\u00e9cnicas de Tablillas y M\u00e1stiles para Cotos, Se\u00f1alizaci\u00f3n de Fincas, Advertencias y Campos de Caza o Pesca (Privados y P\u00fablicos). Puedes pedirnos Tablillas para Setas o tambi\u00e9n personalizadas para Polideportivos, Comunidades, Ayuntamientos, Garajes, Piscinas, etc\u2026 Las Tablillas Jauteco est\u00e1n altamente reforzadas. Fabricadas con chapa de Acero Galvanizado resisten las inclemencias meteorol\u00f3gicas, evitando las corrosiones [&hellip;]<\/p>","protected":false},"author":11,"featured_media":0,"parent":0,"menu_order":0,"comment_status":"closed","ping_status":"closed","template":"","meta":{"footnotes":""},"class_list":["post-2324","page","type-page","status-publish","hentry"],"_links":{"self":[{"href":"https:\/\/jauteco.com\/pt\/wp-json\/wp\/v2\/pages\/2324","targetHints":{"allow":["GET"]}}],"collection":[{"href":"https:\/\/jauteco.com\/pt\/wp-json\/wp\/v2\/pages"}],"about":[{"href":"https:\/\/jauteco.com\/pt\/wp-json\/wp\/v2\/types\/page"}],"author":[{"embeddable":true,"href":"https:\/\/jauteco.com\/pt\/wp-json\/wp\/v2\/users\/11"}],"replies":[{"embeddable":true,"href":"https:\/\/jauteco.com\/pt\/wp-json\/wp\/v2\/comments?post=2324"}],"version-history":[{"count":0,"href":"https:\/\/jauteco.com\/pt\/wp-json\/wp\/v2\/pages\/2324\/revisions"}],"wp:attachment":[{"href":"https:\/\/jauteco.com\/pt\/wp-json\/wp\/v2\/media?parent=2324"}],"curies":[{"name":"wp","href":"https:\/\/api.w.org\/{rel}","templated":true}]}}