{"id":907,"date":"2017-06-28T14:20:36","date_gmt":"2017-06-28T14:20:36","guid":{"rendered":"https:\/\/jauteco.com\/?page_id=907"},"modified":"2024-02-14T11:39:33","modified_gmt":"2024-02-14T11:39:33","slug":"condiciones-de-venta","status":"publish","type":"page","link":"https:\/\/jauteco.com\/pt\/condiciones-de-venta\/","title":{"rendered":"Condi\u00e7\u00f5es de venda"},"content":{"rendered":"<p><span style=\"font-size: 150%;\">Termos e Condi\u00e7\u00f5es<\/span><\/p>\n<p>O link Condi\u00e7\u00f5es Gerais para\u00a0<strong><u><a href=\"https:\/\/jauteco.com\/pt\/\">www.jauteco.com<\/a><\/u><\/strong>\u00a0e ao comprador (Cliente), concedendo-lhes uma s\u00e9rie de direitos e obriga\u00e7\u00f5es, a partir do momento em que ele faz e aceita um pedido atrav\u00e9s da p\u00e1gina mencionada. Eles s\u00e3o obrigat\u00f3rios e t\u00eam conhecimento de ambas as partes; portanto, sua aceita\u00e7\u00e3o \u00e9 essencial para formalizar um pedido. Portanto, o cliente deve ler estas condi\u00e7\u00f5es cuidadosamente.<\/p>\n<p>Estas condi\u00e7\u00f5es gerais s\u00e3o reguladas de acordo com as disposi\u00e7\u00f5es da regulamenta\u00e7\u00e3o legal em vigor no territ\u00f3rio espanhol.<\/p>\n<ul>\n<li><strong> INFORMA\u00c7\u00d5ES GERAIS<\/strong><\/li>\n<\/ul>\n<p>www.jauteco.com, \u00e9 um site de propriedade da Jauteco 99 SL CIF: B12507729, com endere\u00e7o fiscal em C \/ Bonaire, 13 - 12200 Onda (Castell\u00f3n)<\/p>\n<p>Quando todas as etapas da compra on-line estiverem conclu\u00eddas, voc\u00ea receber\u00e1 uma c\u00f3pia do pedido feito no e-mail que voc\u00ea forneceu. Sugerimos que voc\u00ea verifique todos os dados de recebimento e os itens do pedido para verificar se tudo est\u00e1 correto antes de fazer o envio e, no caso de encontrar alguma discrep\u00e2ncia, gostar\u00edamos de comunic\u00e1-lo por telefone ou e-mail o mais r\u00e1pido poss\u00edvel.<\/p>\n<ul>\n<li><strong>TERRIT\u00d3RIO DA APLICA\u00c7\u00c3O<\/strong><\/li>\n<\/ul>\n<p>Nosso site\u00a0<strong><u><a href=\"https:\/\/jauteco.com\/pt\/\">www.jauteco.com<\/a><\/u><\/strong>, registra automaticamente pedidos no continente espanhol e nas Ilhas Baleares. As encomendas de material destinado a Ceuta, Melilla e Ilhas Can\u00e1rias ser\u00e3o feitas por telefone para calcular os custos de envio.<\/p>\n<p>Todos os pre\u00e7os exibidos na loja online de\u00a0<strong><u><a href=\"https:\/\/jauteco.com\/pt\/\">www.jauteco.com<\/a><\/u><\/strong>\u00a0 no incluyen el IVA vigente en el momento de la venta, que se calcula autom\u00e1ticamente en la p\u00e1gina de pago.<\/p>\n<ul>\n<li><strong> FORMAS DE PAGAMENTO<\/strong><\/li>\n<\/ul>\n<p><em>Transfer\u00eancia banc\u00e1ria<\/em><\/p>\n<p>Voc\u00ea deve efetuar o pagamento na seguinte conta:<\/p>\n<p>SANTANDER BANK: IBAN ES38 0049 6049 15 2510233049<\/p>\n<p>Depois que o pagamento for feito, voc\u00ea dever\u00e1 indicar, no conceito da mesma, o n\u00famero do pedido que receber\u00e1 por e-mail ap\u00f3s a conclus\u00e3o da compra on-line.<\/p>\n<p>O pedido n\u00e3o ser\u00e1 considerado efetivo at\u00e9 que a receita correspondente seja confirmada. O pagamento deve ser feito em euros e todas as eventuais comiss\u00f5es geradas ficar\u00e3o \u00e0s suas custas ao optar por este sistema de pagamento.<\/p>\n<p><em>Cart\u00e3o de cr\u00e9dito ou d\u00e9bito e PayPal<\/em><\/p>\n<p>El servicio de pago mediante tarjeta de cr\u00e9dito est\u00e1 proporcionado por Stripe que procesa los datos encriptados y tokenizados.<\/p>\n<p>O pagamento nesta modalidade \u00e9 imediatamente refletido pelo que j\u00e1 foi feito para preparar o pedido.<\/p>\n<p>SEGURAN\u00c7A: O site utiliza t\u00e9cnicas de seguran\u00e7a da informa\u00e7\u00e3o geralmente aceitas no setor, como firewalls, procedimentos de controle de acesso e mecanismos criptogr\u00e1ficos, tudo para impedir o acesso n\u00e3o autorizado a dados. Para atingir esses objetivos, o usu\u00e1rio \/ cliente aceita que o provedor obtenha dados para fins da autentica\u00e7\u00e3o correspondente dos controles de acesso.<br \/>\nOs dados pessoais s\u00e3o inseridos em uma p\u00e1gina segura, transmitida pelo protocolo de comunica\u00e7\u00e3o segura SSL, para que nenhum terceiro tenha acesso \u00e0s informa\u00e7\u00f5es transmitidas eletronicamente.<\/p>\n<ul>\n<li><strong> TEMPOS DE ENTREGA E CUSTOS DE ENVIO<\/strong><\/li>\n<\/ul>\n<p>Quando o material sair do nosso armaz\u00e9m, voc\u00ea receber\u00e1 o pedido em aprox. 1 a 3 dias \u00fateis e no endere\u00e7o indicado no momento da compra. O cliente concorda em nos fornecer as informa\u00e7\u00f5es corretas de remessa.<\/p>\n<p>Os custos de envio s\u00e3o calculados no carrinho da loja online.<\/p>\n<p>Como regra geral, os pedidos s\u00e3o enviados pelas ag\u00eancias de transporte urgentes.<\/p>\n<p>Deve-se ter em mente que, para fins de contabiliza\u00e7\u00e3o dos dias necess\u00e1rios para o envio, eles n\u00e3o t\u00eam efeito: s\u00e1bados, domingos e feriados (nacionais e locais).<\/p>\n<p>No caso de n\u00e3o possuir um produto devido a problemas al\u00e9m <strong><u><a href=\"https:\/\/jauteco.com\/pt\/\">www.jauteco.com<\/a><\/u><\/strong>\u00a0(produto descontinuado, quebra de estoque pelo fabricante, etc ...), o servi\u00e7o ao cliente entrar\u00e1 em contato com voc\u00ea para lhe oferecer a melhor solu\u00e7\u00e3o e, assim, poder emitir o pedido.<\/p>\n<p>N\u00f3s n\u00e3o vendemos produtos para menores. Os produtos que vendemos devem ser comprados por adultos acima de 18 anos, ou sob a supervis\u00e3o de um dos pais ou respons\u00e1vel.<\/p>\n<ul>\n<li><strong> Servi\u00e7o p\u00f3s-venda e devolu\u00e7\u00f5es<\/strong><\/li>\n<\/ul>\n<p>Se reconoce al Cliente el derecho a desistir del pedido en el plazo de catorce d\u00edas h\u00e1biles contados desde la recepci\u00f3n del mismo.<\/p>\n<p>O Cliente deve comunicar sua inten\u00e7\u00e3o de devolver o pedido por e-mail para\u00a0<a href=\"mailto:info@jauteco.com\">info@jauteco.com<\/a>. Dessa forma, o Cliente pode devolver o procedimento para devolu\u00e7\u00e3o do pedido (n\u00famero da devolu\u00e7\u00e3o, m\u00e9todo de entrega e endere\u00e7o de entrega).<\/p>\n<p><em>Devolu\u00e7\u00e3o de condi\u00e7\u00f5es de um pedido<\/em><\/p>\n<p>Os itens, para recuperar o valor total, devem ser devolvidos em perfeitas condi\u00e7\u00f5es, em suas caixas originais, com todos os documentos, etiquetas e acess\u00f3rios. Isso significa que o item n\u00e3o pode ter nenhuma marca, arranh\u00e3o ou mancha; que n\u00e3o h\u00e1 sinais de que tenha sido usado; que os r\u00f3tulos, embalagens ou qualquer outra parte relacionada ao produto n\u00e3o foram modificados.<\/p>\n<p>A embalagem do produto deve estar em perfeitas condi\u00e7\u00f5es, sem quebras, arranh\u00f5es, arranh\u00f5es ou deteriora\u00e7\u00e3o de qualquer tipo.<\/p>\n<p>O produto que voc\u00ea deseja devolver ser\u00e1 entregue em sua embalagem original, embalada da mesma maneira que foi entregue ao cliente.<\/p>\n<p><em>Instru\u00e7\u00f5es para retornar<\/em><\/p>\n<p>Siga as etapas abaixo para fazer um retorno:<\/p>\n<ol>\n<li>Certifique-se de ler nossa Pol\u00edtica de Devolu\u00e7\u00e3o discutida acima.<\/li>\n<li>Entre em contato e informe-nos imediatamente.<\/li>\n<li>Um e-mail com um n\u00famero de autoriza\u00e7\u00e3o ser\u00e1 enviado para fazer a devolu\u00e7\u00e3o e as instru\u00e7\u00f5es.<\/li>\n<li>Siga as instru\u00e7\u00f5es indicadas.<\/li>\n<li>Envie-nos o produto, em sua embalagem original e em perfeitas condi\u00e7\u00f5es, para o endere\u00e7o postal indicado por correio com as instru\u00e7\u00f5es de devolu\u00e7\u00e3o. Os custos dessa remessa devem ser suportados por voc\u00ea.<\/li>\n<li>Embale o produto em sua embalagem original, se poss\u00edvel. N\u00e3o inclua mais nada ou texto no pacote, a menos que especificado nas instru\u00e7\u00f5es.<\/li>\n<li>A mercadoria ser\u00e1 verificada uma vez em nossa posse para garantir que esteja em perfeitas condi\u00e7\u00f5es, tanto para uso quanto para apresenta\u00e7\u00e3o (em nenhum caso o recebimento do produto servir\u00e1 como aceita\u00e7\u00e3o da devolu\u00e7\u00e3o).<\/li>\n<li>Uma vez verificados, ser\u00e3o realizados os procedimentos para a devolu\u00e7\u00e3o do valor do produto ou produtos (descontando o valor dos custos de envio ou encargos para pagamento da compra original).<\/li>\n<li>O reembolso geralmente \u00e9 feito por transfer\u00eancia banc\u00e1ria, se o sistema de pagamento for por transfer\u00eancia banc\u00e1ria; O valor ser\u00e1 reembolsado na mesma conta.<\/li>\n<li>Se voc\u00ea efetuou o pagamento com cart\u00e3o de cr\u00e9dito e optou pelo reembolso do valor, o reembolso tamb\u00e9m ser\u00e1 feito por transfer\u00eancia banc\u00e1ria. Para isso, ligaremos ou enviaremos um e-mail para indicar o n\u00famero da conta.<\/li>\n<\/ol>\n<p>Se o que voc\u00ea deseja fazer \u00e9 uma altera\u00e7\u00e3o de um item para outro, o procedimento para corrigir o erro ser\u00e1 o mesmo; se o erro ocorreu na conclus\u00e3o do pedido pelo cliente, os custos da altera\u00e7\u00e3o ser\u00e3o suportados pelo cliente, em No caso de uma remessa com erro de prepara\u00e7\u00e3o ou produto defeituoso, as despesas ser\u00e3o assumidas pelo <a href=\"https:\/\/jauteco.com\/pt\/\">www.jauteco.com<\/a><\/p>\n<ul>\n<li><strong> MATERIAL QUEBRADO<\/strong><\/li>\n<\/ul>\n<p>Se voc\u00ea receber um produto danificado ou com defeito, entre em contato imediatamente por e-mail para info@jauteco.com. Voc\u00ea deve fornecer o n\u00famero do pedido encontrado no e-mail de confirma\u00e7\u00e3o. Tamb\u00e9m precisaremos do seu n\u00famero de telefone e endere\u00e7o de e-mail. Ser\u00e3o feitos todos os esfor\u00e7os para devolver o item o mais r\u00e1pido poss\u00edvel, totalmente gratuito para voc\u00ea.<\/p>\n<p>Todos os itens defeituosos ou danificados devolvidos sob esses requisitos estar\u00e3o sujeitos a reembolso ou voucher de compra em nossa loja, como preferir. Se voc\u00ea escolher o reembolso, o valor total da compra ser\u00e1 pago assim que processarmos sua devolu\u00e7\u00e3o (geralmente de 7 a 10 dias \u00fateis a partir da data de recebimento do item de devolu\u00e7\u00e3o).<\/p>\n<p>No caso de produto defeituoso, o vendedor proceder\u00e1, conforme apropriado, ao reparo, substitui\u00e7\u00e3o, redu\u00e7\u00e3o de pre\u00e7o ou rescis\u00e3o do contrato, procedimentos gratuitos para o consumidor e o usu\u00e1rio.<\/p>\n<ul>\n<li><strong> GARANTIA DO PRODUTO<\/strong><\/li>\n<\/ul>\n<p>O arcabou\u00e7o legal de garantia (Lei 23\/2003, de 10 de julho, de garantias na Venda de Bens de Consumo) tem como objetivo fornecer ao Cliente diferentes op\u00e7\u00f5es para exigir saneamento quando o im\u00f3vel adquirido n\u00e3o estiver em conformidade com o contrato, a op\u00e7\u00e3o de exigir o reparo ou a substitui\u00e7\u00e3o do bem, a menos que seja imposs\u00edvel ou desproporcional. Quando o reparo ou a substitui\u00e7\u00e3o n\u00e3o for poss\u00edvel ou malsucedido, o consumidor poder\u00e1 exigir a redu\u00e7\u00e3o ou rescis\u00e3o do pre\u00e7o do contrato. Um per\u00edodo de dois anos \u00e9 reconhecido, a partir do momento da compra, para que o Cliente possa fazer valer esses direitos.<\/p>\n<p>Sob isso, <a href=\"https:\/\/jauteco.com\/pt\/\">www.jauteco.com<\/a> \u00a0\u00a0responder\u00e1 ao Cliente sobre qualquer falta de conformidade existente no momento da entrega dos produtos do pedido, entendendo-os como bens corporais destinados ao consumo privado.<\/p>\n<p>Para cumprir esta garantia, o Cliente deve entrar em contato\u00a0<a href=\"https:\/\/jauteco.com\/pt\/\">www.jauteco.com<\/a> \u00a0por e-mail para o endere\u00e7o info@jauteco.com ou por telefone em:\u00a0<a href=\"tel:605%2071%2055%2006\">964602359<\/a> em que indicar\u00e1: nome do titular da fatura, n\u00famero do pedido, n\u00famero da fatura e causa da n\u00e3o conformidade.<\/p>\n<p>A responsabilidade de\u00a0<a href=\"https:\/\/jauteco.com\/pt\/\">www.jauteco.com<\/a> \u00a0\u00a0pois as viola\u00e7\u00f5es da conformidade do bem ser\u00e3o estendidas para aqueles que se manifestarem dentro de dois anos a partir da entrega do bem. O cliente deve informar\u00a0<a href=\"https:\/\/jauteco.com\/pt\/\">www.jauteco.com<\/a> \u00a0\u00a0da falta de conformidade dentro de um per\u00edodo m\u00e1ximo de dois meses desde que ele tomou conhecimento. Os casos de garantia n\u00e3o ser\u00e3o aceitos quando os produtos tiverem sido usados incorretamente ou n\u00e3o de acordo com suas caracter\u00edsticas pelo Cliente.<\/p>\n<p>Para todos os aspectos da garantia comercial referida no artigo 11 da Lei 23\/2003, de 10 de julho, relativa \u00e0s garantias na Venda de Bens de Consumo, o conte\u00fado da Lei 7\/1996, de 15 de janeiro de Retail Trade Management.<\/p>\n<ul>\n<li><strong> LEGISLA\u00c7\u00c3O E JURISDI\u00c7\u00c3O<\/strong><\/li>\n<\/ul>\n<p>Estas condi\u00e7\u00f5es gerais ser\u00e3o interpretadas de acordo com a legisla\u00e7\u00e3o em vigor na Espanha sobre o assunto, que ser\u00e1 aplicada de forma subsidi\u00e1ria em tudo o que n\u00e3o estiver previsto nela. (Basicamente, a Lei 34\/2002 de 11 de julho sobre servi\u00e7os de informa\u00e7\u00e3o e com\u00e9rcio eletr\u00f4nico, Lei de Prote\u00e7\u00e3o de Dados 15\/1999 de 13 de dezembro e Lei de Vendas \u00e0 Dist\u00e2ncia).<\/p>","protected":false},"excerpt":{"rendered":"<p>T\u00e9rminos y Condiciones Las Condiciones Generales vinculan a\u00a0www.jauteco.com\u00a0y al comprador (Cliente), otorg\u00e1ndoles una serie de derechos y obligaciones, desde el momento en que \u00e9ste realiza y acepta un pedido a trav\u00e9s de la mencionada p\u00e1gina. Son de obligado cumplimiento y conocimiento por ambas partes, por lo que su aceptaci\u00f3n es imprescindible para poder formalizar un [&hellip;]<\/p>","protected":false},"author":1,"featured_media":0,"parent":0,"menu_order":0,"comment_status":"closed","ping_status":"closed","template":"","meta":{"footnotes":""},"class_list":["post-907","page","type-page","status-publish","hentry"],"rankMath":{"parentDomain":"jauteco.com","noFollowDomains":[],"noFollowExcludeDomains":[],"noFollowExternalLinks":false,"featuredImageNotice":"The featured image should be at least 200 by 200 pixels to be picked up by Facebook and other social media sites.","pluginReviewed":false,"postSettings":{"linkSuggestions":true,"useFocusKeyword":false},"frontEndScore":false,"postName":"condiciones-de-venta","permalinkFormat":"https:\/\/jauteco.com\/pt\/%pagename%\/","showLockModifiedDate":true,"assessor":{"focusKeywordLink":"https:\/\/jauteco.com\/wp-admin\/edit.php?focus_keyword=%focus_keyword%&post_type=%post_type%","hasTOCPlugin":true,"primaryTaxonomy":false,"serpData":{"title":"","description":"","focusKeywords":"","pillarContent":false,"canonicalUrl":"","breadcrumbTitle":"","advancedRobots":[],"facebookTitle":"","facebookDescription":"","facebookImage":"","facebookImageID":"","facebookHasOverlay":false,"facebookImageOverlay":"","facebookAuthor":"","twitterCardType":"","twitterUseFacebook":true,"twitterTitle":"","twitterDescription":"","twitterImage":"","twitterImageID":"","twitterHasOverlay":false,"twitterImageOverlay":"","twitterPlayerUrl":"","twitterPlayerSize":"","twitterPlayerStream":"","twitterPlayerStreamCtype":"","twitterAppDescription":"","twitterAppIphoneName":"","twitterAppIphoneID":"","twitterAppIphoneUrl":"","twitterAppIpadName":"","twitterAppIpadID":"","twitterAppIpadUrl":"","twitterAppGoogleplayName":"","twitterAppGoogleplayID":"","twitterAppGoogleplayUrl":"","twitterAppCountry":"","robots":{"noindex":true},"twitterAuthor":"username","primaryTerm":0,"authorName":"sara gomez","titleTemplate":"%title% %page% %sep% %sitename%","descriptionTemplate":"","showScoreFrontend":true,"lockModifiedDate":false},"powerWords":[],"diacritics":{"A":"[\\u0041\\u24B6\\uFF21\\u00C0\\u00C1\\u00C2\\u1EA6\\u1EA4\\u1EAA\\u1EA8\\u00C3\\u0100\\u0102\\u1EB0\\u1EAE\\u1EB4\\u1EB2\\u0226\\u01E0\\u00C4\\u01DE\\u1EA2\\u00C5\\u01FA\\u01CD\\u0200\\u0202\\u1EA0\\u1EAC\\u1EB6\\u1E00\\u0104\\u023A\\u2C6F]","AA":"[\\uA732]","AE":"[\\u00C6\\u01FC\\u01E2]","AO":"[\\uA734]","AU":"[\\uA736]","AV":"[\\uA738\\uA73A]","AY":"[\\uA73C]","B":"[\\u0042\\u24B7\\uFF22\\u1E02\\u1E04\\u1E06\\u0243\\u0182\\u0181]","C":"[\\u0043\\u24B8\\uFF23\\u0106\\u0108\\u010A\\u010C\\u00C7\\u1E08\\u0187\\u023B\\uA73E]","D":"[\\u0044\\u24B9\\uFF24\\u1E0A\\u010E\\u1E0C\\u1E10\\u1E12\\u1E0E\\u0110\\u018B\\u018A\\u0189\\uA779]","DZ":"[\\u01F1\\u01C4]","Dz":"[\\u01F2\\u01C5]","E":"[\\u0045\\u24BA\\uFF25\\u00C8\\u00C9\\u00CA\\u1EC0\\u1EBE\\u1EC4\\u1EC2\\u1EBC\\u0112\\u1E14\\u1E16\\u0114\\u0116\\u00CB\\u1EBA\\u011A\\u0204\\u0206\\u1EB8\\u1EC6\\u0228\\u1E1C\\u0118\\u1E18\\u1E1A\\u0190\\u018E]","F":"[\\u0046\\u24BB\\uFF26\\u1E1E\\u0191\\uA77B]","G":"[\\u0047\\u24BC\\uFF27\\u01F4\\u011C\\u1E20\\u011E\\u0120\\u01E6\\u0122\\u01E4\\u0193\\uA7A0\\uA77D\\uA77E]","H":"[\\u0048\\u24BD\\uFF28\\u0124\\u1E22\\u1E26\\u021E\\u1E24\\u1E28\\u1E2A\\u0126\\u2C67\\u2C75\\uA78D]","I":"[\\u0049\\u24BE\\uFF29\\u00CC\\u00CD\\u00CE\\u0128\\u012A\\u012C\\u0130\\u00CF\\u1E2E\\u1EC8\\u01CF\\u0208\\u020A\\u1ECA\\u012E\\u1E2C\\u0197]","J":"[\\u004A\\u24BF\\uFF2A\\u0134\\u0248]","K":"[\\u004B\\u24C0\\uFF2B\\u1E30\\u01E8\\u1E32\\u0136\\u1E34\\u0198\\u2C69\\uA740\\uA742\\uA744\\uA7A2]","L":"[\\u004C\\u24C1\\uFF2C\\u013F\\u0139\\u013D\\u1E36\\u1E38\\u013B\\u1E3C\\u1E3A\\u0141\\u023D\\u2C62\\u2C60\\uA748\\uA746\\uA780]","LJ":"[\\u01C7]","Lj":"[\\u01C8]","M":"[\\u004D\\u24C2\\uFF2D\\u1E3E\\u1E40\\u1E42\\u2C6E\\u019C]","N":"[\\u004E\\u24C3\\uFF2E\\u01F8\\u0143\\u00D1\\u1E44\\u0147\\u1E46\\u0145\\u1E4A\\u1E48\\u0220\\u019D\\uA790\\uA7A4]","NJ":"[\\u01CA]","Nj":"[\\u01CB]","O":"[\\u004F\\u24C4\\uFF2F\\u00D2\\u00D3\\u00D4\\u1ED2\\u1ED0\\u1ED6\\u1ED4\\u00D5\\u1E4C\\u022C\\u1E4E\\u014C\\u1E50\\u1E52\\u014E\\u022E\\u0230\\u00D6\\u022A\\u1ECE\\u0150\\u01D1\\u020C\\u020E\\u01A0\\u1EDC\\u1EDA\\u1EE0\\u1EDE\\u1EE2\\u1ECC\\u1ED8\\u01EA\\u01EC\\u00D8\\u01FE\\u0186\\u019F\\uA74A\\uA74C]","OI":"[\\u01A2]","OO":"[\\uA74E]","OU":"[\\u0222]","P":"[\\u0050\\u24C5\\uFF30\\u1E54\\u1E56\\u01A4\\u2C63\\uA750\\uA752\\uA754]","Q":"[\\u0051\\u24C6\\uFF31\\uA756\\uA758\\u024A]","R":"[\\u0052\\u24C7\\uFF32\\u0154\\u1E58\\u0158\\u0210\\u0212\\u1E5A\\u1E5C\\u0156\\u1E5E\\u024C\\u2C64\\uA75A\\uA7A6\\uA782]","S":"[\\u0053\\u24C8\\uFF33\\u1E9E\\u015A\\u1E64\\u015C\\u1E60\\u0160\\u1E66\\u1E62\\u1E68\\u0218\\u015E\\u2C7E\\uA7A8\\uA784]","T":"[\\u0054\\u24C9\\uFF34\\u1E6A\\u0164\\u1E6C\\u021A\\u0162\\u1E70\\u1E6E\\u0166\\u01AC\\u01AE\\u023E\\uA786]","TZ":"[\\uA728]","U":"[\\u0055\\u24CA\\uFF35\\u00D9\\u00DA\\u00DB\\u0168\\u1E78\\u016A\\u1E7A\\u016C\\u00DC\\u01DB\\u01D7\\u01D5\\u01D9\\u1EE6\\u016E\\u0170\\u01D3\\u0214\\u0216\\u01AF\\u1EEA\\u1EE8\\u1EEE\\u1EEC\\u1EF0\\u1EE4\\u1E72\\u0172\\u1E76\\u1E74\\u0244]","V":"[\\u0056\\u24CB\\uFF36\\u1E7C\\u1E7E\\u01B2\\uA75E\\u0245]","VY":"[\\uA760]","W":"[\\u0057\\u24CC\\uFF37\\u1E80\\u1E82\\u0174\\u1E86\\u1E84\\u1E88\\u2C72]","X":"[\\u0058\\u24CD\\uFF38\\u1E8A\\u1E8C]","Y":"[\\u0059\\u24CE\\uFF39\\u1EF2\\u00DD\\u0176\\u1EF8\\u0232\\u1E8E\\u0178\\u1EF6\\u1EF4\\u01B3\\u024E\\u1EFE]","Z":"[\\u005A\\u24CF\\uFF3A\\u0179\\u1E90\\u017B\\u017D\\u1E92\\u1E94\\u01B5\\u0224\\u2C7F\\u2C6B\\uA762]","a":"[\\u0061\\u24D0\\uFF41\\u1E9A\\u00E0\\u00E1\\u00E2\\u1EA7\\u1EA5\\u1EAB\\u1EA9\\u00E3\\u0101\\u0103\\u1EB1\\u1EAF\\u1EB5\\u1EB3\\u0227\\u01E1\\u00E4\\u01DF\\u1EA3\\u00E5\\u01FB\\u01CE\\u0201\\u0203\\u1EA1\\u1EAD\\u1EB7\\u1E01\\u0105\\u2C65\\u0250]","aa":"[\\uA733]","ae":"[\\u00E6\\u01FD\\u01E3]","ao":"[\\uA735]","au":"[\\uA737]","av":"[\\uA739\\uA73B]","ay":"[\\uA73D]","b":"[\\u0062\\u24D1\\uFF42\\u1E03\\u1E05\\u1E07\\u0180\\u0183\\u0253]","c":"[\\u0063\\u24D2\\uFF43\\u0107\\u0109\\u010B\\u010D\\u00E7\\u1E09\\u0188\\u023C\\uA73F\\u2184]","d":"[\\u0064\\u24D3\\uFF44\\u1E0B\\u010F\\u1E0D\\u1E11\\u1E13\\u1E0F\\u0111\\u018C\\u0256\\u0257\\uA77A]","dz":"[\\u01F3\\u01C6]","e":"[\\u0065\\u24D4\\uFF45\\u00E8\\u00E9\\u00EA\\u1EC1\\u1EBF\\u1EC5\\u1EC3\\u1EBD\\u0113\\u1E15\\u1E17\\u0115\\u0117\\u00EB\\u1EBB\\u011B\\u0205\\u0207\\u1EB9\\u1EC7\\u0229\\u1E1D\\u0119\\u1E19\\u1E1B\\u0247\\u025B\\u01DD]","f":"[\\u0066\\u24D5\\uFF46\\u1E1F\\u0192\\uA77C]","g":"[\\u0067\\u24D6\\uFF47\\u01F5\\u011D\\u1E21\\u011F\\u0121\\u01E7\\u0123\\u01E5\\u0260\\uA7A1\\u1D79\\uA77F]","h":"[\\u0068\\u24D7\\uFF48\\u0125\\u1E23\\u1E27\\u021F\\u1E25\\u1E29\\u1E2B\\u1E96\\u0127\\u2C68\\u2C76\\u0265]","hv":"[\\u0195]","i":"[\\u0069\\u24D8\\uFF49\\u00EC\\u00ED\\u00EE\\u0129\\u012B\\u012D\\u00EF\\u1E2F\\u1EC9\\u01D0\\u0209\\u020B\\u1ECB\\u012F\\u1E2D\\u0268\\u0131]","j":"[\\u006A\\u24D9\\uFF4A\\u0135\\u01F0\\u0249]","k":"[\\u006B\\u24DA\\uFF4B\\u1E31\\u01E9\\u1E33\\u0137\\u1E35\\u0199\\u2C6A\\uA741\\uA743\\uA745\\uA7A3]","l":"[\\u006C\\u24DB\\uFF4C\\u0140\\u013A\\u013E\\u1E37\\u1E39\\u013C\\u1E3D\\u1E3B\\u017F\\u0142\\u019A\\u026B\\u2C61\\uA749\\uA781\\uA747]","lj":"[\\u01C9]","m":"[\\u006D\\u24DC\\uFF4D\\u1E3F\\u1E41\\u1E43\\u0271\\u026F]","n":"[\\u006E\\u24DD\\uFF4E\\u01F9\\u0144\\u00F1\\u1E45\\u0148\\u1E47\\u0146\\u1E4B\\u1E49\\u019E\\u0272\\u0149\\uA791\\uA7A5]","nj":"[\\u01CC]","o":"[\\u006F\\u24DE\\uFF4F\\u00F2\\u00F3\\u00F4\\u1ED3\\u1ED1\\u1ED7\\u1ED5\\u00F5\\u1E4D\\u022D\\u1E4F\\u014D\\u1E51\\u1E53\\u014F\\u022F\\u0231\\u00F6\\u022B\\u1ECF\\u0151\\u01D2\\u020D\\u020F\\u01A1\\u1EDD\\u1EDB\\u1EE1\\u1EDF\\u1EE3\\u1ECD\\u1ED9\\u01EB\\u01ED\\u00F8\\u01FF\\u0254\\uA74B\\uA74D\\u0275]","oi":"[\\u01A3]","ou":"[\\u0223]","oo":"[\\uA74F]","p":"[\\u0070\\u24DF\\uFF50\\u1E55\\u1E57\\u01A5\\u1D7D\\uA751\\uA753\\uA755]","q":"[\\u0071\\u24E0\\uFF51\\u024B\\uA757\\uA759]","r":"[\\u0072\\u24E1\\uFF52\\u0155\\u1E59\\u0159\\u0211\\u0213\\u1E5B\\u1E5D\\u0157\\u1E5F\\u024D\\u027D\\uA75B\\uA7A7\\uA783]","s":"[\\u0073\\u24E2\\uFF53\\u015B\\u1E65\\u015D\\u1E61\\u0161\\u1E67\\u1E63\\u1E69\\u0219\\u015F\\u023F\\uA7A9\\uA785\\u1E9B]","ss":"[\\u00DF]","t":"[\\u0074\\u24E3\\uFF54\\u1E6B\\u1E97\\u0165\\u1E6D\\u021B\\u0163\\u1E71\\u1E6F\\u0167\\u01AD\\u0288\\u2C66\\uA787]","tz":"[\\uA729]","u":"[\\u0075\\u24E4\\uFF55\\u00F9\\u00FA\\u00FB\\u0169\\u1E79\\u016B\\u1E7B\\u016D\\u00FC\\u01DC\\u01D8\\u01D6\\u01DA\\u1EE7\\u016F\\u0171\\u01D4\\u0215\\u0217\\u01B0\\u1EEB\\u1EE9\\u1EEF\\u1EED\\u1EF1\\u1EE5\\u1E73\\u0173\\u1E77\\u1E75\\u0289]","v":"[\\u0076\\u24E5\\uFF56\\u1E7D\\u1E7F\\u028B\\uA75F\\u028C]","vy":"[\\uA761]","w":"[\\u0077\\u24E6\\uFF57\\u1E81\\u1E83\\u0175\\u1E87\\u1E85\\u1E98\\u1E89\\u2C73]","x":"[\\u0078\\u24E7\\uFF58\\u1E8B\\u1E8D]","y":"[\\u0079\\u24E8\\uFF59\\u1EF3\\u00FD\\u0177\\u1EF9\\u0233\\u1E8F\\u00FF\\u1EF7\\u1E99\\u1EF5\\u01B4\\u024F\\u1EFF]","z":"[\\u007A\\u24E9\\uFF5A\\u017A\\u1E91\\u017C\\u017E\\u1E93\\u1E95\\u01B6\\u0225\\u0240\\u2C6C\\uA763]"},"researchesTests":["contentHasTOC","contentHasShortParagraphs","contentHasAssets","keywordInTitle","keywordInMetaDescription","keywordInPermalink","keywordIn10Percent","keywordInContent","keywordInSubheadings","keywordInImageAlt","keywordDensity","keywordNotUsed","lengthContent","lengthPermalink","linksHasInternal","linksHasExternals","linksNotAllExternals","titleStartWithKeyword","titleSentiment","titleHasPowerWords","titleHasNumber","hasContentAI"],"hasRedirection":true,"hasBreadcrumb":false},"homeUrl":"https:\/\/jauteco.com\/pt","objectID":907,"objectType":"post","locale":"pt","localeFull":"pt_PT","overlayImages":{"play":{"name":"Play icon","url":"https:\/\/jauteco.com\/wp-content\/plugins\/seo-by-rank-math\/assets\/admin\/img\/icon-play.png","path":"\/home\/goiiwuds\/jauteco.com\/wp-content\/plugins\/seo-by-rank-math\/assets\/admin\/img\/icon-play.png","position":"middle_center"},"gif":{"name":"GIF icon","url":"https:\/\/jauteco.com\/wp-content\/plugins\/seo-by-rank-math\/assets\/admin\/img\/icon-gif.png","path":"\/home\/goiiwuds\/jauteco.com\/wp-content\/plugins\/seo-by-rank-math\/assets\/admin\/img\/icon-gif.png","position":"middle_center"}},"defautOgImage":"https:\/\/jauteco.com\/wp-content\/plugins\/seo-by-rank-math\/assets\/admin\/img\/social-placeholder.jpg","customPermalinks":true,"isUserRegistered":true,"autoSuggestKeywords":true,"connectSiteUrl":"https:\/\/rankmath.com\/auth?site=https%3A%2F%2Fjauteco.com%2Fpt&r=https%3A%2F%2Fjauteco.com%2Fpt%2Fwp-json%2Fwp%2Fv2%2Fpages%2F907%3Fnonce%3D2233ca9511&pro=1","maxTags":100,"trendsIcon":"<svg viewBox=\"0 0 610 610\"><path d=\"M18.85,446,174.32,290.48l58.08,58.08L76.93,504a14.54,14.54,0,0,1-20.55,0L18.83,466.48a14.54,14.54,0,0,1,0-20.55Z\" style=\"fill:#4285f4\"\/><path d=\"M242.65,242.66,377.59,377.6l-47.75,47.75a14.54,14.54,0,0,1-20.55,0L174.37,290.43l47.75-47.75A14.52,14.52,0,0,1,242.65,242.66Z\" style=\"fill:#ea4335\"\/><polygon points=\"319.53 319.53 479.26 159.8 537.34 217.88 377.61 377.62 319.53 319.53\" style=\"fill:#fabb05\"\/><path d=\"M594.26,262.73V118.61h0a16.94,16.94,0,0,0-16.94-16.94H433.2a16.94,16.94,0,0,0-12,28.92L565.34,274.71h0a16.94,16.94,0,0,0,28.92-12Z\" style=\"fill:#34a853\"\/><rect width=\"610\" height=\"610\" style=\"fill:none\"\/><\/svg>","showScore":true,"siteFavIcon":"https:\/\/jauteco.com\/wp-content\/uploads\/2026\/02\/cropped-favicon-jau-32x32.png","canUser":{"general":false,"advanced":false,"snippet":false,"social":false,"analysis":false,"analytics":false,"content_ai":false},"showKeywordIntent":true,"isPro":true,"is_front_page":false,"trendsUpgradeLink":"https:\/\/rankmath.com\/pricing\/?utm_source=Plugin&utm_medium=CE%20General%20Tab%20Trends&utm_campaign=WP","trendsUpgradeLabel":"Upgrade","trendsPreviewImage":"https:\/\/jauteco.com\/wp-content\/plugins\/seo-by-rank-math\/assets\/admin\/img\/trends-preview.jpg","currentEditor":false,"homepageData":{"assessor":{"powerWords":[],"diacritics":true,"researchesTests":["contentHasTOC","contentHasShortParagraphs","contentHasAssets","keywordInTitle","keywordInMetaDescription","keywordInPermalink","keywordIn10Percent","keywordInContent","keywordInSubheadings","keywordInImageAlt","keywordDensity","keywordNotUsed","lengthContent","lengthPermalink","linksHasInternal","linksHasExternals","linksNotAllExternals","titleStartWithKeyword","titleSentiment","titleHasPowerWords","titleHasNumber","hasContentAI"],"hasBreadcrumb":false,"serpData":{"title":"%sitename% %page% %sep% %sitedesc%","description":"","titleTemplate":"%sitename% %page% %sep% %sitedesc%","descriptionTemplate":"","focusKeywords":"","breadcrumbTitle":"Portada","robots":{"index":true},"advancedRobots":[],"facebookTitle":"","facebookDescription":"","facebookImage":"","facebookImageID":""}}},"tocTitle":"Tabla de contenidos","tocExcludeHeadings":[],"listStyle":"ul"},"_links":{"self":[{"href":"https:\/\/jauteco.com\/pt\/wp-json\/wp\/v2\/pages\/907","targetHints":{"allow":["GET"]}}],"collection":[{"href":"https:\/\/jauteco.com\/pt\/wp-json\/wp\/v2\/pages"}],"about":[{"href":"https:\/\/jauteco.com\/pt\/wp-json\/wp\/v2\/types\/page"}],"author":[{"embeddable":true,"href":"https:\/\/jauteco.com\/pt\/wp-json\/wp\/v2\/users\/1"}],"replies":[{"embeddable":true,"href":"https:\/\/jauteco.com\/pt\/wp-json\/wp\/v2\/comments?post=907"}],"version-history":[{"count":0,"href":"https:\/\/jauteco.com\/pt\/wp-json\/wp\/v2\/pages\/907\/revisions"}],"wp:attachment":[{"href":"https:\/\/jauteco.com\/pt\/wp-json\/wp\/v2\/media?parent=907"}],"curies":[{"name":"wp","href":"https:\/\/api.w.org\/{rel}","templated":true}]}}