{"id":93,"date":"2015-03-02T11:05:49","date_gmt":"2015-03-02T11:05:49","guid":{"rendered":"https:\/\/jauteco.com\/?page_id=93"},"modified":"2023-06-16T10:59:23","modified_gmt":"2023-06-16T10:59:23","slug":"politica-de-privacidad","status":"publish","type":"page","link":"https:\/\/jauteco.com\/pt\/politica-de-privacidad\/","title":{"rendered":"Pol\u00edtica de privacidade"},"content":{"rendered":"<div data-elementor-type=\"wp-page\" data-elementor-id=\"93\" class=\"elementor elementor-93\" data-elementor-post-type=\"page\">\n\t\t\t\t\t\t<section class=\"elementor-section elementor-top-section elementor-element elementor-element-ecbc9f4 elementor-section-boxed elementor-section-height-default elementor-section-height-default\" data-id=\"ecbc9f4\" data-element_type=\"section\" data-e-type=\"section\">\n\t\t\t\t\t\t<div class=\"elementor-container elementor-column-gap-default\">\n\t\t\t\t\t<div class=\"elementor-column elementor-col-100 elementor-top-column elementor-element elementor-element-84a0982\" data-id=\"84a0982\" data-element_type=\"column\" data-e-type=\"column\">\n\t\t\t<div class=\"elementor-widget-wrap elementor-element-populated\">\n\t\t\t\t\t\t<div class=\"elementor-element elementor-element-e03c82a elementor-widget elementor-widget-text-editor\" data-id=\"e03c82a\" data-element_type=\"widget\" data-e-type=\"widget\" data-widget_type=\"text-editor.default\">\n\t\t\t\t<div class=\"elementor-widget-container\">\n\t\t\t\t\t\t\t\t\t<h2>Pol\u00edtica de Privacidad y Cookies<\/h2>\n<p>Esta Pol\u00edtica de Privacidad describe c\u00f3mo se recopila, utiliza y comparte tu informaci\u00f3n personal cuando visitas o realizas una compra en&nbsp;https:\/\/jauteco.com\/<\/p>\n<p><strong>QU\u00c9 INFORMACI\u00d3N PERSONAL RECOPILAMOS<\/strong><\/p>\n<p>Cuando visitas el Sitio, recopilamos autom\u00e1ticamente cierta informaci\u00f3n sobre tu dispositivo, incluida informaci\u00f3n sobre tu navegador web, direcci\u00f3n IP, zona horaria y algunas de las cookies que est\u00e1n instaladas en tu dispositivo.<\/p>\n<p>Adem\u00e1s, a medida que navegas por el Sitio, recopilamos informaci\u00f3n sobre las p\u00e1ginas web individuales o los productos que ves, qu\u00e9 sitios web o t\u00e9rminos de b\u00fasqueda te remiten al Sitio, e informaci\u00f3n sobre c\u00f3mo interact\u00faas con el Sitio. Nos referimos a esta informaci\u00f3n recopilada autom\u00e1ticamente como&nbsp;<strong>Informaci\u00f3n del Dispositivo<\/strong>.<\/p>\n<p>Recopilamos informaci\u00f3n del dispositivo utilizando las siguientes tecnolog\u00edas:<\/p>\n<ul>\n<li>\n<p><strong>Cookies<\/strong>: son archivos de datos que se colocan en tu dispositivo o computadora y con frecuencia incluyen un identificador \u00fanico an\u00f3nimo.<\/p>\n<\/li>\n<li>\n<p><strong>Archivos de registro<\/strong>: rastrean las acciones que ocurren en el Sitio y recopilan datos, incluida tu direcci\u00f3n IP, el tipo de navegador, el proveedor de servicios de Internet, las p\u00e1ginas de referencia\/salida y las marcas de fecha y hora.<\/p>\n<\/li>\n<\/ul>\n<p><span style=\"color: var( --e-global-color-text ); font-family: var( --e-global-typography-text-font-family ), Sans-serif; font-weight: var( --e-global-typography-text-font-weight );\">Adem\u00e1s, cuando efect\u00faas una compra o intentas realizar una compra a trav\u00e9s del Sitio, recopilamos cierta informaci\u00f3n tuya, como tu nombre, direcci\u00f3n de facturaci\u00f3n, direcci\u00f3n de env\u00edo, informaci\u00f3n de pago, tu IBAN de pago de pedido<\/span><span style=\"color: var( --e-global-color-text ); font-family: var( --e-global-typography-text-font-family ), Sans-serif; font-weight: var( --e-global-typography-text-font-weight );\">, direcci\u00f3n de email y el n\u00famero de tel\u00e9fono. Esto se denomina&nbsp;<\/span><strong style=\"color: var( --e-global-color-text ); font-family: var( --e-global-typography-text-font-family ), Sans-serif;\">Informaci\u00f3n del Pedido<\/strong><span style=\"color: var( --e-global-color-text ); font-family: var( --e-global-typography-text-font-family ), Sans-serif; font-weight: var( --e-global-typography-text-font-weight );\">.<\/span><\/p>\n<p><span style=\"color: var( --e-global-color-text ); font-family: var( --e-global-typography-text-font-family ), Sans-serif; font-weight: var( --e-global-typography-text-font-weight );\">No recopilamos tarjetas de d\u00e9bito \u00f3 cr\u00e9dito que son procesadas por stripe y se transmiten con encriptaci\u00f3n segura, y stripe las gestiona de manera tokenizada.<\/span><\/p>\n<p><span style=\"color: var( --e-global-color-text ); font-family: var( --e-global-typography-text-font-family ), Sans-serif; font-weight: var( --e-global-typography-text-font-weight );\">Al referirnos a&nbsp;<\/span><strong style=\"color: var( --e-global-color-text ); font-family: var( --e-global-typography-text-font-family ), Sans-serif;\">Informaci\u00f3n Personal<\/strong><span style=\"color: var( --e-global-color-text ); font-family: var( --e-global-typography-text-font-family ), Sans-serif; font-weight: var( --e-global-typography-text-font-weight );\">&nbsp;en esta Pol\u00edtica de Privacidad, estamos hablando tanto de la Informaci\u00f3n del Dispositivo como de la Informaci\u00f3n del Pedido.<\/span><\/p>\n<p><strong>C\u00d3MO USAMOS TU INFORMACI\u00d3N PERSONAL<\/strong><\/p>\n<p>Utilizamos la Informaci\u00f3n de Pedido que recopilamos por lo general para cumplir con los pedidos realizados a trav\u00e9s del Sitio (incluido el procesamiento de tu informaci\u00f3n de pago, la organizaci\u00f3n del env\u00edo y el env\u00edo de facturas y\/o confirmaciones de pedidos).<\/p>\n<p>Adem\u00e1s, usamos esta Informaci\u00f3n del Pedido para: comunicarnos contigo, examinar nuestros pedidos para detectar posibles riesgos o fraudes, para (en l\u00ednea con las preferencias que has compartido con nosotros) ofrecerte informaci\u00f3n o publicidad relacionada con nuestros productos o servicios.<\/p>\n<p>Utilizamos la Informaci\u00f3n del Dispositivo que recopilamos para ayudarnos a detectar posibles riesgos y fraudes (en particular, tu direcci\u00f3n IP) y, en general, para mejorar y optimizar nuestro sitio.<\/p>\n<p><strong>COMPARTIENDO TU INFORMACI\u00d3N PERSONAL<\/strong><\/p>\n<p>Compartimos tu Informaci\u00f3n Personal con terceros para ayudarnos a utilizarla como se describi\u00f3 anteriormente.<\/p>\n<p>Tambi\u00e9n empleamos Google Analytics para ayudarnos a comprender c\u00f3mo nuestros clientes usan (Nombre de la tienda). <a href=\"https:\/\/policies.google.com\/technologies\/partner-sites\" target=\"_blank\" rel=\"noopener\" data-saferedirecturl=\"https:\/\/www.google.com\/url?q=https:\/\/policies.google.com\/technologies\/partner-sites&amp;source=gmail&amp;ust=1686996024831000&amp;usg=AOvVaw2T6covmOmkJ03Rw4j4VTll\">T\u00e9rminos y privacidad de Google<\/a>&nbsp;<\/p>\n<p>Finalmente, tambi\u00e9n podemos compartir tu Informaci\u00f3n Personal para cumplir con las leyes y regulaciones aplicables, para responder a una citaci\u00f3n, una orden de registro u otras solicitudes legales de informaci\u00f3n que recibimos, o para proteger nuestros derechos.<\/p>\n<p><strong>PUBLICIDAD DE COMPORTAMIENTO<\/strong><\/p>\n<p>Utilizamos tu Informaci\u00f3n Personal para proporcionarte anuncios espec\u00edficos o comunicaciones de marketing que creemos que pueden ser de tu inter\u00e9s.<\/p>\n<p><strong>TUS DERECHOS<\/strong><\/p>\n<p>Si eres un residente europeo, tienes derecho a acceder a la informaci\u00f3n personal que tenemos sobre ti y a solicitar que tu informaci\u00f3n personal se corrija, actualice o elimine. Si deseas ejercer este derecho, por favor cont\u00e1ctanos.<\/p>\n<p>Adem\u00e1s, si eres un residente europeo, notamos que estamos procesando tu informaci\u00f3n para cumplir con los contratos que podr\u00edamos tener contigo (por ejemplo, si realizas un pedido a trav\u00e9s del Sitio), o de otra manera para perseguir nuestros intereses comerciales leg\u00edtimos mencionados anteriormente.<\/p>\n<p>Ten en cuenta que tu informaci\u00f3n se transferir\u00e1 fuera de Europa, incluso a Canad\u00e1 y Estados Unidos.<\/p>\n<p><strong>RETENCI\u00d3N DE DATOS<\/strong><\/p>\n<p>Cuando realices un pedido a trav\u00e9s del Sitio, mantendremos tu Informaci\u00f3n de Pedido para nuestros registros a menos que y hasta que nos solicites eliminar esta informaci\u00f3n.<\/p>\n<p><strong>CAMBIOS<\/strong>&nbsp;Podemos actualizar esta pol\u00edtica de privacidad de vez en cuando para reflejar, por ejemplo, cambios en nuestras pr\u00e1cticas o por otras razones operativas, legales o reglamentarias.<\/p>\n<p>Si tiene preguntas y\/o necesitas m\u00e1s informaci\u00f3n, no dudes en ponerte en contacto con nosotros escribi\u00e9ndonos a info@jauteco.com \u00f3 llam\u00e1ndonos al 964602359<\/p>\t\t\t\t\t\t\t\t<\/div>\n\t\t\t\t<\/div>\n\t\t\t\t\t<\/div>\n\t\t<\/div>\n\t\t\t\t\t<\/div>\n\t\t<\/section>\n\t\t\t\t<\/div>","protected":false},"excerpt":{"rendered":"<p>Pol\u00edtica de Privacidad y Cookies Esta Pol\u00edtica de Privacidad describe c\u00f3mo se recopila, utiliza y comparte tu informaci\u00f3n personal cuando visitas o realizas una compra en&nbsp;https:\/\/jauteco.com\/ QU\u00c9 INFORMACI\u00d3N PERSONAL RECOPILAMOS Cuando visitas el Sitio, recopilamos autom\u00e1ticamente cierta informaci\u00f3n sobre tu dispositivo, incluida informaci\u00f3n sobre tu navegador web, direcci\u00f3n IP, zona horaria y algunas de las [&hellip;]<\/p>","protected":false},"author":1,"featured_media":0,"parent":0,"menu_order":0,"comment_status":"closed","ping_status":"closed","template":"","meta":{"footnotes":""},"class_list":["post-93","page","type-page","status-publish","hentry"],"_links":{"self":[{"href":"https:\/\/jauteco.com\/pt\/wp-json\/wp\/v2\/pages\/93","targetHints":{"allow":["GET"]}}],"collection":[{"href":"https:\/\/jauteco.com\/pt\/wp-json\/wp\/v2\/pages"}],"about":[{"href":"https:\/\/jauteco.com\/pt\/wp-json\/wp\/v2\/types\/page"}],"author":[{"embeddable":true,"href":"https:\/\/jauteco.com\/pt\/wp-json\/wp\/v2\/users\/1"}],"replies":[{"embeddable":true,"href":"https:\/\/jauteco.com\/pt\/wp-json\/wp\/v2\/comments?post=93"}],"version-history":[{"count":0,"href":"https:\/\/jauteco.com\/pt\/wp-json\/wp\/v2\/pages\/93\/revisions"}],"wp:attachment":[{"href":"https:\/\/jauteco.com\/pt\/wp-json\/wp\/v2\/media?parent=93"}],"curies":[{"name":"wp","href":"https:\/\/api.w.org\/{rel}","templated":true}]}}