{"id":1077,"date":"2017-06-30T11:35:26","date_gmt":"2017-06-30T11:35:26","guid":{"rendered":"https:\/\/jauteco.com\/?post_type=product&#038;p=1077"},"modified":"2024-10-08T12:40:10","modified_gmt":"2024-10-08T12:40:10","slug":"atrayente-zorros","status":"publish","type":"product","link":"https:\/\/jauteco.com\/pt\/tienda\/atrayente-zorros\/","title":{"rendered":"Atraente Vulpeson Raposas (250 ml.)"},"content":{"rendered":"<p>Ele<strong> Atrativo Vulpenson Foxes<\/strong>obter<strong> atrair o animal<\/strong> para o local onde o produto foi destacado, facilitando a captura.<\/p>\n<p>A opera\u00e7\u00e3o do produto \u00e9 pr\u00e1tica e simples. Consiste em <strong>jogue um pouco do l\u00edquido<\/strong> no lugar onde queremos que a raposa venha, seja atra\u00eddo por um cheiro muito atraente<strong> ajudar a<\/strong> para o site<strong> onde destacamos<\/strong> o atrativo Desta forma, facilitaremos a captura ou controle do referido animal.<\/p>\n<p>Atrav\u00e9s das raposas Attrante Vulpenson, \u00e9 poss\u00edvel controlar poss\u00edveis pragas e superpopula\u00e7\u00f5es de animais. Assim, podemos manter a fauna de um determinado ambiente natural sem riscos para outras esp\u00e9cies ou vegeta\u00e7\u00e3o.<\/p>\n<p>O conte\u00fado de cada barco de<strong> Raposas atraentes Vulpenson \u00e9 de 250 ml<\/strong>. O cheiro produzido pelo l\u00edquido atinge uma grande dist\u00e2ncia, permitindo atrair raposas de longa dist\u00e2ncia.<\/p>\n<p>O uso do Vulpenson Fox Attractor \u00e9 legal sob a responsabilidade legal individual. <strong>Jauteco n\u00e3o se responsabiliza pelo uso indevido do atrativo ou pelo uso inadequado do produto.<\/strong><\/p>\n<p>O uso de outros produtos Jauteco com o Atrator facilita a captura e o controle do animal, sempre com a obriga\u00e7\u00e3o de respeitar as leis de prote\u00e7\u00e3o animal pessoalmente.<\/p>\n<h3>Mais Jauteco produtos<\/h3>\n<p><a href=\"https:\/\/jauteco.com\/pt\/tienda\/jaula-trampa-zorros\/\">Fox Trap Cage<\/a> \u00a0 \u00a0 <a href=\"https:\/\/jauteco.com\/pt\/tienda\/lazo-jauteco\/\">Gravata Jauteco<\/a> \u00a0 \u00a0 \u00a0 <a href=\"https:\/\/jauteco.com\/pt\/tienda\/lazo-collarum\/\">Colarinho<\/a> \u00a0 \u00a0 \u00a0 <a href=\"https:\/\/jauteco.com\/pt\/tienda\/lazo-winsconsin-homologado\/\">La\u00e7o de Wisconsin<\/a><\/p>","protected":false},"excerpt":{"rendered":"<p>Atraente raposas vasilha VULPESON 250ml<\/p>\n<p>Especialmente indicado para a captura de raposas<\/p>\n<p>Atrair extrato: Emite um cheiro muito atraente para a Fox, por isso chegar\u00e1 rapidamente ao local pulverizado<\/p>\n<p>&nbsp;<\/p>\n<p>AGOTADO<\/p>","protected":false},"featured_media":1620,"comment_status":"closed","ping_status":"closed","template":"","meta":[],"product_brand":[],"product_cat":[122,336],"product_tag":[657],"class_list":{"0":"post-1077","1":"product","2":"type-product","3":"status-publish","4":"has-post-thumbnail","6":"product_cat-jaulas-trampa","7":"product_cat-lazos-zorro","8":"product_tag-jaulas-trampa-zorros","9":"product_shipping_class-jaulas","11":"first","12":"outofstock","13":"taxable","14":"shipping-taxable","15":"purchasable","16":"product-type-simple"},"_links":{"self":[{"href":"https:\/\/jauteco.com\/pt\/wp-json\/wp\/v2\/product\/1077","targetHints":{"allow":["GET"]}}],"collection":[{"href":"https:\/\/jauteco.com\/pt\/wp-json\/wp\/v2\/product"}],"about":[{"href":"https:\/\/jauteco.com\/pt\/wp-json\/wp\/v2\/types\/product"}],"replies":[{"embeddable":true,"href":"https:\/\/jauteco.com\/pt\/wp-json\/wp\/v2\/comments?post=1077"}],"version-history":[{"count":0,"href":"https:\/\/jauteco.com\/pt\/wp-json\/wp\/v2\/product\/1077\/revisions"}],"wp:featuredmedia":[{"embeddable":true,"href":"https:\/\/jauteco.com\/pt\/wp-json\/wp\/v2\/media\/1620"}],"wp:attachment":[{"href":"https:\/\/jauteco.com\/pt\/wp-json\/wp\/v2\/media?parent=1077"}],"wp:term":[{"taxonomy":"product_brand","embeddable":true,"href":"https:\/\/jauteco.com\/pt\/wp-json\/wp\/v2\/product_brand?post=1077"},{"taxonomy":"product_cat","embeddable":true,"href":"https:\/\/jauteco.com\/pt\/wp-json\/wp\/v2\/product_cat?post=1077"},{"taxonomy":"product_tag","embeddable":true,"href":"https:\/\/jauteco.com\/pt\/wp-json\/wp\/v2\/product_tag?post=1077"}],"curies":[{"name":"wp","href":"https:\/\/api.w.org\/{rel}","templated":true}]}}