{"id":1087,"date":"2017-06-30T11:53:33","date_gmt":"2017-06-30T11:53:33","guid":{"rendered":"https:\/\/jauteco.com\/?post_type=product&#038;p=1087"},"modified":"2026-01-26T16:08:35","modified_gmt":"2026-01-26T16:08:35","slug":"lazo-wisconsin-homologado","status":"publish","type":"product","link":"https:\/\/jauteco.com\/pt\/tienda\/lazo-wisconsin-homologado\/","title":{"rendered":"Wisconsin Loop (aprovado)"},"content":{"rendered":"<h2>La\u00e7o de Wisconsin<\/h2>\n<p>Ele <strong>La\u00e7o de Wisconsin<\/strong> \u00e9 um loop usado para o <strong>capturar raposas e animais semelhantes<\/strong>, o sistema\u00a0<strong>pegar do pesco\u00e7o<\/strong>\u00a0com um sistema que cause o menor dano poss\u00edvel ao animal capturado<\/p>\n<p>O sistema possui um <strong>anti-retorno com parada e duas sa\u00eddas<\/strong>, impedindo assim o animal de se enredar sem causar grandes danos e impedir sua fuga.<\/p>\n<p><strong>Visite o Wisconsin Loop regularmente<\/strong>e para evitar que o animal capturado sofra fome ou exposi\u00e7\u00e3o desnecessariamente. Fazer os animais sofrerem desnecessariamente, al\u00e9m de serem imorais, \u00e9 severamente punido por lei.<\/p>\n<p>Nos testes de aprova\u00e7\u00e3o,<strong> Os la\u00e7os de raposa demonstraram efic\u00e1cia superior a outros m\u00e9todos de captura.<\/strong> Loops tradicionais com freios s\u00e3o colocados tanto para a raposa quanto para lebres, coelhos ou outros animais, mas a uma altura mais alta e com um olhal mais aberto do que para esses.<strong> Atrav\u00e9s de uma isca ou de um atrativo, o animal ir\u00e1 para o Loop<\/strong> cair pego sofrendo o menor dano poss\u00edvel.<\/p>\n<p>Atrav\u00e9s dos la\u00e7os de raposa \u00e9 <strong>poss\u00edvel controlar poss\u00edveis pragas de animais<\/strong>, mantendo as superpopula\u00e7\u00f5es controladas. Para que possamos <strong>manter a vida selvagem<\/strong> de um certo ambiente natural<strong> sem riscos<\/strong> para outras esp\u00e9cies ou vegeta\u00e7\u00f5es.<\/p>\n<p><strong>O Wisconsin Loop \u00e9 patenteado e aprovado pela Jauteco<\/strong>, sua c\u00f3pia ou imita\u00e7\u00e3o sendo punida legalmente. Jauteco <strong>Cumprimos os regulamentos de fabrica\u00e7\u00e3o do Wisconsin Loop,<\/strong> o uso de um loop n\u00e3o aprovado <strong>pode ser punido<\/strong> pelas autoridades<\/p>\n<p><strong>Pedido m\u00ednimo de 10 unidades.<\/strong><\/p>\n<h3>Mais Jauteco produtos<\/h3>\n<p><a href=\"https:\/\/jauteco.com\/pt\/tienda\/lazo-collarum\/\">Colarinho<\/a>\u00a0 \u00a0 \u00a0 \u00a0 \u00a0<a href=\"https:\/\/jauteco.com\/pt\/tienda\/lazo-jauteco\/\">Gravata Jauteco<\/a> \u00a0 \u00a0 \u00a0 \u00a0 <a href=\"https:\/\/jauteco.com\/pt\/tienda\/atrayente-zorros\/\">Atrativos Raposas<\/a> \u00a0 \u00a0 \u00a0<a href=\"https:\/\/jauteco.com\/pt\/tienda\/jaula-trampa-zorros\/\">Fox Trap Cage<\/a><\/p>","protected":false},"excerpt":{"rendered":"<p>O Loop de Wisconsin \u00e9 um loop usado para capturar raposas e outros animais, sendo capturado no pesco\u00e7o, causando o menor dano poss\u00edvel ao animal capturado.<\/p>\n<p>O sistema possui um anti-retorno com parada e duas voltas remov\u00edveis, impedindo o animal de se enredar sem causar grandes danos e impedir sua fuga.<\/p>\n<h3><strong>Pedido m\u00ednimo 10 unidades<\/strong><\/h3>","protected":false},"featured_media":1089,"comment_status":"closed","ping_status":"closed","template":"","meta":[],"product_brand":[],"product_cat":[336],"product_tag":[580],"class_list":{"0":"post-1087","1":"product","2":"type-product","3":"status-publish","4":"has-post-thumbnail","6":"product_cat-lazos-zorro","7":"product_tag-lazos-zorro","8":"product_shipping_class-jaulas","10":"first","11":"instock","12":"taxable","13":"shipping-taxable","14":"purchasable","15":"product-type-simple"},"_links":{"self":[{"href":"https:\/\/jauteco.com\/pt\/wp-json\/wp\/v2\/product\/1087","targetHints":{"allow":["GET"]}}],"collection":[{"href":"https:\/\/jauteco.com\/pt\/wp-json\/wp\/v2\/product"}],"about":[{"href":"https:\/\/jauteco.com\/pt\/wp-json\/wp\/v2\/types\/product"}],"replies":[{"embeddable":true,"href":"https:\/\/jauteco.com\/pt\/wp-json\/wp\/v2\/comments?post=1087"}],"version-history":[{"count":0,"href":"https:\/\/jauteco.com\/pt\/wp-json\/wp\/v2\/product\/1087\/revisions"}],"wp:featuredmedia":[{"embeddable":true,"href":"https:\/\/jauteco.com\/pt\/wp-json\/wp\/v2\/media\/1089"}],"wp:attachment":[{"href":"https:\/\/jauteco.com\/pt\/wp-json\/wp\/v2\/media?parent=1087"}],"wp:term":[{"taxonomy":"product_brand","embeddable":true,"href":"https:\/\/jauteco.com\/pt\/wp-json\/wp\/v2\/product_brand?post=1087"},{"taxonomy":"product_cat","embeddable":true,"href":"https:\/\/jauteco.com\/pt\/wp-json\/wp\/v2\/product_cat?post=1087"},{"taxonomy":"product_tag","embeddable":true,"href":"https:\/\/jauteco.com\/pt\/wp-json\/wp\/v2\/product_tag?post=1087"}],"curies":[{"name":"wp","href":"https:\/\/api.w.org\/{rel}","templated":true}]}}