{"id":1090,"date":"2017-06-30T11:56:19","date_gmt":"2017-06-30T11:56:19","guid":{"rendered":"https:\/\/jauteco.com\/?post_type=product&#038;p=1090"},"modified":"2025-08-06T09:18:04","modified_gmt":"2025-08-06T09:18:04","slug":"lazo-collarum","status":"publish","type":"product","link":"https:\/\/jauteco.com\/pt\/tienda\/lazo-collarum\/","title":{"rendered":"Lazo Collarum (Homologado)"},"content":{"rendered":"<div data-elementor-type=\"product-post\" data-elementor-id=\"1090\" class=\"elementor elementor-1090\" data-elementor-post-type=\"product\">\n\t\t\t\t\t\t<section class=\"elementor-section elementor-top-section elementor-element elementor-element-5c9e30c elementor-section-boxed elementor-section-height-default elementor-section-height-default\" data-id=\"5c9e30c\" data-element_type=\"section\">\n\t\t\t\t\t\t<div class=\"elementor-container elementor-column-gap-default\">\n\t\t\t\t\t<div class=\"elementor-column elementor-col-100 elementor-top-column elementor-element elementor-element-b653351\" data-id=\"b653351\" data-element_type=\"column\">\n\t\t\t<div class=\"elementor-widget-wrap elementor-element-populated\">\n\t\t\t\t\t\t<div class=\"elementor-element elementor-element-337a0fa elementor-widget elementor-widget-text-editor\" data-id=\"337a0fa\" data-element_type=\"widget\" data-widget_type=\"text-editor.default\">\n\t\t\t\t<div class=\"elementor-widget-container\">\n\t\t\t\t\t\t\t<h2><b>Collarum (Opera\u00e7\u00e3o)\u00a0<\/b><\/h2><p>Isto\u00a0<strong>O la\u00e7o Collarum para capturar raposas \u00e9 um sistema de reten\u00e7\u00e3o de cabos ativado ou impulsionado<\/strong>. \u00c9 o\u00a0<strong>pr\u00f3prio animal que deve ativar a armadilha<\/strong>\u00a0para que isso alcance o cabo de reten\u00e7\u00e3o.<\/p><p>Quando ativada, a mola que levanta os bra\u00e7os de metal \u00e9 liberada e, se a abordagem estiver correta, jogue o cabo de reten\u00e7\u00e3o sobre o pesco\u00e7o do animal. Ao mesmo tempo, a mola de l\u00e2mina lateral tensiona o cabo at\u00e9 o di\u00e2metro m\u00ednimo previamente estabelecido pela parada.<\/p><h2><b>Como instalar o colar<\/b><\/h2><p>Ele\u00a0<strong>O colarinho est\u00e1 arrumado enterrado no ch\u00e3o,<\/strong>\u00a0exceto o tubo de isca que \u00e9 colocado do lado de fora.<\/p><p>Ele deve ser instalado nas proximidades de<strong>\u00a0locais de suposto alto tr\u00e2nsito de Zorros e pouco tr\u00e2nsito de esp\u00e9cies n\u00e3o-alvo<\/strong>, j\u00e1 que outros podem se aproximar e operar o dispositivo e ficar igualmente presos. Em termos gerais, recomenda-se evitar locais onde o cabo de reten\u00e7\u00e3o, uma vez capturado o animal, possa ser trancado ou emaranhado, isso pode causar ferimentos graves aos animais capturados, pois isso pode atrapalhar o bom funcionamento da mola remov\u00edvel e remov\u00ea-lo. - voltas.<\/p><h2><b>Alta efici\u00eancia<\/b><\/h2><p>Nos testes de aprova\u00e7\u00e3o,\u00a0<strong>Os la\u00e7os de raposa demonstraram efic\u00e1cia superior a outros m\u00e9todos de captura<\/strong>. Loops tradicionais com freios s\u00e3o colocados tanto para a raposa quanto para lebres, coelhos ou outros animais, mas a uma altura mais alta e com um olhal mais aberto do que para esses. Com uma isca ou um Atrator, o animal ir\u00e1 para o Loop caindo preso, sofrendo o menor dano poss\u00edvel.<\/p><p>Atrav\u00e9s de<strong>\u00a0la\u00e7os de ca\u00e7a, \u00e9 poss\u00edvel controlar poss\u00edveis pragas de animais<\/strong>, mantendo as superpopula\u00e7\u00f5es controladas. Assim, podemos manter a fauna de um determinado ambiente natural sem riscos para outras esp\u00e9cies ou vegeta\u00e7\u00e3o.<\/p><p>Visite o Collar Colum regularmente para evitar que o animal capturado sofra fome ou exposi\u00e7\u00e3o desnecess\u00e1ria.<\/p><h2><strong>O que \u00e9 o Collarum e como instal\u00e1-lo (v\u00eddeo)<\/strong><\/h2>\t\t\t\t\t\t<\/div>\n\t\t\t\t<\/div>\n\t\t\t\t<div class=\"elementor-element elementor-element-703707f elementor-widget elementor-widget-video\" data-id=\"703707f\" data-element_type=\"widget\" data-settings=\"{&quot;youtube_url&quot;:&quot;https:\\\/\\\/www.youtube.com\\\/watch?v=TNH525LydRY&quot;,&quot;video_type&quot;:&quot;youtube&quot;,&quot;controls&quot;:&quot;yes&quot;}\" data-widget_type=\"video.default\">\n\t\t\t\t<div class=\"elementor-widget-container\">\n\t\t\t\t\t<div class=\"elementor-wrapper elementor-open-inline\">\n\t\t\t<div class=\"elementor-video\"><\/div>\t\t<\/div>\n\t\t\t\t<\/div>\n\t\t\t\t<\/div>\n\t\t\t\t\t<\/div>\n\t\t<\/div>\n\t\t\t\t\t<\/div>\n\t\t<\/section>\n\t\t\t\t<\/div>","protected":false},"excerpt":{"rendered":"<p><span style=\"color: #282828\">Este Fox Tie \u00e9 feito de a\u00e7o inoxid\u00e1vel e galvanizado, \u00e9 f\u00e1cil de usar, o animal ser\u00e1 <strong>pesco\u00e7o preso<\/strong> ao puxar a isca e sem sofrer nenhum dano. \u00c9 indicado para o <strong>Captura de raposas e c\u00e3es selvagens<\/strong>.<\/span><\/p>\n<p><span style=\"color: #282828\">Use luvas de borracha para tocar no colarinho, para que a raposa n\u00e3o note nenhum cheiro que o afaste.<\/span><\/p>\n<p><span style=\"color: #282828\">O Atrator Vulpeson (n\u00e3o inclu\u00eddo) atrai raposas de at\u00e9 200 metros de dist\u00e2ncia.<\/span><\/p>","protected":false},"featured_media":1092,"comment_status":"closed","ping_status":"closed","template":"","meta":[],"product_brand":[],"product_cat":[336],"product_tag":[],"class_list":{"0":"post-1090","1":"product","2":"type-product","3":"status-publish","4":"has-post-thumbnail","6":"product_cat-lazos-zorro","7":"product_shipping_class-jaulas","9":"first","10":"instock","11":"taxable","12":"shipping-taxable","13":"purchasable","14":"product-type-simple"},"_links":{"self":[{"href":"https:\/\/jauteco.com\/pt\/wp-json\/wp\/v2\/product\/1090","targetHints":{"allow":["GET"]}}],"collection":[{"href":"https:\/\/jauteco.com\/pt\/wp-json\/wp\/v2\/product"}],"about":[{"href":"https:\/\/jauteco.com\/pt\/wp-json\/wp\/v2\/types\/product"}],"replies":[{"embeddable":true,"href":"https:\/\/jauteco.com\/pt\/wp-json\/wp\/v2\/comments?post=1090"}],"version-history":[{"count":0,"href":"https:\/\/jauteco.com\/pt\/wp-json\/wp\/v2\/product\/1090\/revisions"}],"wp:featuredmedia":[{"embeddable":true,"href":"https:\/\/jauteco.com\/pt\/wp-json\/wp\/v2\/media\/1092"}],"wp:attachment":[{"href":"https:\/\/jauteco.com\/pt\/wp-json\/wp\/v2\/media?parent=1090"}],"wp:term":[{"taxonomy":"product_brand","embeddable":true,"href":"https:\/\/jauteco.com\/pt\/wp-json\/wp\/v2\/product_brand?post=1090"},{"taxonomy":"product_cat","embeddable":true,"href":"https:\/\/jauteco.com\/pt\/wp-json\/wp\/v2\/product_cat?post=1090"},{"taxonomy":"product_tag","embeddable":true,"href":"https:\/\/jauteco.com\/pt\/wp-json\/wp\/v2\/product_tag?post=1090"}],"curies":[{"name":"wp","href":"https:\/\/api.w.org\/{rel}","templated":true}]}}