{"id":1105,"date":"2017-06-30T20:18:17","date_gmt":"2017-06-30T20:18:17","guid":{"rendered":"https:\/\/jauteco.com\/?post_type=product&#038;p=1105"},"modified":"2026-01-30T13:57:34","modified_gmt":"2026-01-30T13:57:34","slug":"jaula-trampa-corvidos-p","status":"publish","type":"product","link":"https:\/\/jauteco.com\/pt\/tienda\/jaula-trampa-corvidos-p\/","title":{"rendered":"Gaiola de armadilha para pega (Corv\u00eddeos pequenos)"},"content":{"rendered":"<h2><strong>Gaiola de armadilha para pega (Corv\u00eddeos pequenos)<\/strong><\/h2>\n<p>A gaiola de armadilha para pega pequena \u00e9 indicada <strong>para a captura de Corvids<\/strong>: Pegas, pombos, corvos negros e gralhas (este \u00faltimo apenas na \u00e9poca de reprodu\u00e7\u00e3o).<\/p>\n<p>O produto \u00e9<strong> de malha galvanizada fina, presa por clipes de metal<\/strong>. Esses materiais impedir\u00e3o que o animal escape, al\u00e9m de causar danos \u00e0 gaiola, embora sua resist\u00eancia seja menor que\u00a0<a href=\"https:\/\/jauteco.com\/pt\/tienda\/jaula-trampa-corvidos-s-2\/\">Gaiola soldada de Corvid<\/a>.<\/p>\n<h3>M\u00e9todo de captura simples e eficaz<\/h3>\n<p>A opera\u00e7\u00e3o da gaiola \u00e9 simples, ser\u00e1 introduzida <strong>uma isca viva<\/strong> no centro da gaiola, que ser\u00e1 protegida por grades de predadores, <strong>quando eles v\u00e3o em busca da isca, eles ficam presos<\/strong> na gaiola devido ao seu sistema de guilhotina sem possibilidade de sair. Os 2 compartimentos individuais permitem capturar v\u00e1rios animais na mesma gaiola.<\/p>\n<p>O <strong>Gaiola de armadilha \u00e9 pintada com a cor prata<\/strong>, uma vez que esses p\u00e1ssaros s\u00e3o atra\u00eddos pelo brilho.<\/p>\n<p>Se o <strong>animal errado, pode ser liberado sem danos<\/strong>. \u00c9 recomendavel <strong>visite o Magpie Trap Cage diariamente<\/strong>, a fim de evitar animais que sofrem de fome ou exposi\u00e7\u00e3o.<\/p>\n<p>A gaiola de armadilha para pega pequena consiste em:<br \/>\n2 compartimentos individuais para captura.<br \/>\n1 Compartimento central para isca viva (inclui alimentador e bebedouro).<\/p>\n<p>As caracter\u00edsticas deste produto s\u00e3o:<\/p>\n<p>Dimens\u00f5es: 95 x 30 x 25 cm.<\/p>","protected":false},"excerpt":{"rendered":"<p>A gaiola de armadilha Magpie \u00e9 composta de tr\u00eas compartimentos: dois para captura e um compartimento para introdu\u00e7\u00e3o de isca viva (inclui calha e calha)<\/p>\n<p>Medidas: 95 x 30 x 25 cm.<\/p>\n<p><strong><span style=\"color: #ff0000;\">\u00a1Novedad!<\/span> <a href=\"\/pt\/tienda\/avisador-sms-jaulas-trampa\/\">Avisador Cierre Puertas para Jaulas Trampa<\/a><\/strong> Recibe una alerta en tu m\u00f3vil cada vez que las puertas se cierren y ahorra viajes innecesarios.<\/p>","protected":false},"featured_media":1106,"comment_status":"closed","ping_status":"closed","template":"","meta":[],"product_brand":[],"product_cat":[122],"product_tag":[654,652,655],"class_list":{"0":"post-1105","1":"product","2":"type-product","3":"status-publish","4":"has-post-thumbnail","6":"product_cat-jaulas-trampa","7":"product_tag-jaula-trampa","8":"product_tag-jaulas-trampa","9":"product_tag-jaulas-trampa-urracas","10":"product_shipping_class-jaulas","12":"first","13":"instock","14":"taxable","15":"shipping-taxable","16":"purchasable","17":"product-type-simple"},"_links":{"self":[{"href":"https:\/\/jauteco.com\/pt\/wp-json\/wp\/v2\/product\/1105","targetHints":{"allow":["GET"]}}],"collection":[{"href":"https:\/\/jauteco.com\/pt\/wp-json\/wp\/v2\/product"}],"about":[{"href":"https:\/\/jauteco.com\/pt\/wp-json\/wp\/v2\/types\/product"}],"replies":[{"embeddable":true,"href":"https:\/\/jauteco.com\/pt\/wp-json\/wp\/v2\/comments?post=1105"}],"version-history":[{"count":0,"href":"https:\/\/jauteco.com\/pt\/wp-json\/wp\/v2\/product\/1105\/revisions"}],"wp:featuredmedia":[{"embeddable":true,"href":"https:\/\/jauteco.com\/pt\/wp-json\/wp\/v2\/media\/1106"}],"wp:attachment":[{"href":"https:\/\/jauteco.com\/pt\/wp-json\/wp\/v2\/media?parent=1105"}],"wp:term":[{"taxonomy":"product_brand","embeddable":true,"href":"https:\/\/jauteco.com\/pt\/wp-json\/wp\/v2\/product_brand?post=1105"},{"taxonomy":"product_cat","embeddable":true,"href":"https:\/\/jauteco.com\/pt\/wp-json\/wp\/v2\/product_cat?post=1105"},{"taxonomy":"product_tag","embeddable":true,"href":"https:\/\/jauteco.com\/pt\/wp-json\/wp\/v2\/product_tag?post=1105"}],"curies":[{"name":"wp","href":"https:\/\/api.w.org\/{rel}","templated":true}]}}