{"id":1109,"date":"2017-06-30T20:30:20","date_gmt":"2017-06-30T20:30:20","guid":{"rendered":"https:\/\/jauteco.com\/?post_type=product&#038;p=1109"},"modified":"2026-02-23T14:07:40","modified_gmt":"2026-02-23T14:07:40","slug":"jaula-perdices-aclimatacion","status":"publish","type":"product","link":"https:\/\/jauteco.com\/pt\/tienda\/jaula-perdices-aclimatacion\/","title":{"rendered":"Gaiola de perdiz (aclimata\u00e7\u00e3o)"},"content":{"rendered":"<h2>Gaiola de perdiz (aclimata\u00e7\u00e3o)<\/h2>\n<p>Gaiola de perdiz (aclimata\u00e7\u00e3o) adequada para filhotes de perdiz crescerem e se desenvolverem.<\/p>\n<p>A gaiola possui um alimentador e bebedor de perdiz, o que facilitar\u00e1 sua aclimata\u00e7\u00e3o.<\/p>\n<p>Feito de metal, impedir\u00e1 que a perdiz escape da gaiola. Os materiais de que \u00e9 fabricado facilitam o desenvolvimento da perdiz, bem como o conforto do ser humano.<\/p>\n<p>O produto possui uma porta de entrada, com a qual o p\u00e1ssaro pode entrar ou sair. Suas caracter\u00edsticas permitem introduzir v\u00e1rias perdizes na gaiola.<\/p>\n<p>Introduzir gr\u00e3os ou outros alimentos para as perdizes, para que possam se alimentar dentro da gaiola.<\/p>\n<p>O ser humano deve fornecer comida e bebida \u00e0s perdizes, al\u00e9m de visitar assiduamente a gaiola, para evitar que os animais sofram de fome ou exposi\u00e7\u00e3o.<\/p>\n<p>A gaiola de perdiz n\u00e3o foi projetada para captur\u00e1-los, mas para sua correta aclimata\u00e7\u00e3o. A gaiola est\u00e1 em dois tamanhos diferentes, escolha o desejado ao fazer a compra.<\/p>\n<p>Quanto maior o tamanho escolhido, mais perdizes podem ser introduzidas na gaiola.<\/p>\n<p>Perdizes de gaiola tem as seguintes caracter\u00edsticas:<\/p>\n<p>-De 1m: 100x100x40 cm<\/p>\n<p>-De 1,80m: 100x180x40 cm.<\/p>","protected":false},"excerpt":{"rendered":"<p>Para escolher entre dois modelos:<\/p>\n<p>Dimensiones: 100 x 100 x 40 cms.<\/p>\n<p>Dimensiones: 100 x 180 x 40 cms.<\/p>","protected":false},"featured_media":1112,"comment_status":"closed","ping_status":"closed","template":"","meta":[],"product_brand":[],"product_cat":[122,907],"product_tag":[654,652,658],"class_list":{"0":"post-1109","1":"product","2":"type-product","3":"status-publish","4":"has-post-thumbnail","6":"product_cat-jaulas-trampa","7":"product_cat-transporte-animales","8":"product_tag-jaula-trampa","9":"product_tag-jaulas-trampa","10":"product_tag-jaulas-trampa-perdices","11":"product_shipping_class-jaulas","13":"first","14":"instock","15":"taxable","16":"shipping-taxable","17":"purchasable","18":"product-type-variable","19":"has-default-attributes"},"_links":{"self":[{"href":"https:\/\/jauteco.com\/pt\/wp-json\/wp\/v2\/product\/1109","targetHints":{"allow":["GET"]}}],"collection":[{"href":"https:\/\/jauteco.com\/pt\/wp-json\/wp\/v2\/product"}],"about":[{"href":"https:\/\/jauteco.com\/pt\/wp-json\/wp\/v2\/types\/product"}],"replies":[{"embeddable":true,"href":"https:\/\/jauteco.com\/pt\/wp-json\/wp\/v2\/comments?post=1109"}],"version-history":[{"count":0,"href":"https:\/\/jauteco.com\/pt\/wp-json\/wp\/v2\/product\/1109\/revisions"}],"wp:featuredmedia":[{"embeddable":true,"href":"https:\/\/jauteco.com\/pt\/wp-json\/wp\/v2\/media\/1112"}],"wp:attachment":[{"href":"https:\/\/jauteco.com\/pt\/wp-json\/wp\/v2\/media?parent=1109"}],"wp:term":[{"taxonomy":"product_brand","embeddable":true,"href":"https:\/\/jauteco.com\/pt\/wp-json\/wp\/v2\/product_brand?post=1109"},{"taxonomy":"product_cat","embeddable":true,"href":"https:\/\/jauteco.com\/pt\/wp-json\/wp\/v2\/product_cat?post=1109"},{"taxonomy":"product_tag","embeddable":true,"href":"https:\/\/jauteco.com\/pt\/wp-json\/wp\/v2\/product_tag?post=1109"}],"curies":[{"name":"wp","href":"https:\/\/api.w.org\/{rel}","templated":true}]}}