{"id":1117,"date":"2017-06-30T20:57:57","date_gmt":"2017-06-30T20:57:57","guid":{"rendered":"https:\/\/jauteco.com\/?post_type=product&#038;p=1117"},"modified":"2026-01-30T13:57:45","modified_gmt":"2026-01-30T13:57:45","slug":"jaula-trampa-palomas-pequena","status":"publish","type":"product","link":"https:\/\/jauteco.com\/pt\/tienda\/jaula-trampa-palomas-pequena\/","title":{"rendered":"Gaiola de armadilha de pombo pequeno"},"content":{"rendered":"<h2>Gaiola de armadilha de pombo pequeno<\/h2>\n<p>A gaiola de armadilha pequena de Palomas \u00e9 indicada para\u00a0<strong>captura de pombo<\/strong>.<\/p>\n<p>Esta gaiola \u00e9 galvanizada e<strong>\u00a0Prata<\/strong>, cor que atrai pombos, facilitando sua captura.<\/p>\n<p>Este produto \u00e9 indicado<strong>\u00a0para pombos e outros animais,<\/strong>\u00a0estes entrar\u00e3o es<strong>aldr\u00e1n tocando as cortinas de metal para comer o gr\u00e3o que colocamos no ch\u00e3o<\/strong>. Quando o animal estiver confiante, bloquearemos as portas de metal, para que, quando eles entrem para comer, fiquem presos e n\u00e3o tenham chance de escapar.<\/p>\n<h3>Grande amplitude<\/h3>\n<p>A amplitude da gaiola \u00e9 menor que a do resto das gaiolas para pombos, o que permite\u00a0<strong>pegar menos pombos<\/strong>. Tem um\u00a0<strong>maneira simples e altamente eficaz de uso<\/strong>.<\/p>\n<p>Se os animais errados forem capturados, esses\u00a0<strong>pode ser liberado sem sofrer nenhum dano<\/strong>. \u00c9 recomendavel\u00a0<strong>visita<\/strong>\u00a0a gaiola de armadilha para pequenos pombos\u00a0<strong>diariamente<\/strong>\u00a0para evitar que as aves sofram fome ou exposi\u00e7\u00e3o.<\/p>\n<p>As cortinas de metal t\u00eam\u00a0<strong>2 posi\u00e7\u00f5es: Entrada e Sa\u00edda e Somente Entrada.<\/strong>\u00a0A Entrada \/ Sa\u00edda ser\u00e1 ativada no in\u00edcio para que a Dove fique confiante, para que mais tarde, ao alternar para o modo Somente Entrada, ela fique presa.<\/p>\n<p>As<strong>\u00a0caracteristicas<\/strong>\u00a0da gaiola de armadilha para pequenos pombos s\u00e3o:<\/p>\n<div class=\"message-box-wrapper green\">\n<div class=\"message-box-content\">\n<p><strong>Dimens\u00f5es:<\/strong> 90 x 40 x 30 cm. (largo x ancho x alto)<\/p>\n<\/div>\n<\/div>\n<div class=\"message-box-wrapper green\"><\/div>","protected":false},"excerpt":{"rendered":"<p>Esta gaiola de armadilha \u00e9 indicada para os pombos, eles entrar\u00e3o e sair\u00e3o tocando as cortinas de metal para comer o gr\u00e3o que colocamos no ch\u00e3o; quando forem preparadas, bloquearemos as cortinas de metal e os pombos entrar\u00e3o confinados para comer, que ser\u00e3o presos.<\/p>\n<p><strong><span style=\"color: #ff0000;\">\u00a1Novedad!<\/span> <a href=\"\/pt\/tienda\/avisador-sms-jaulas-trampa\/\">Avisador Cierre Puertas para Jaulas Trampa<\/a><\/strong> Recibe una alerta en tu m\u00f3vil cada vez que las puertas se cierren y ahorra viajes innecesarios.<\/p>","protected":false},"featured_media":1118,"comment_status":"closed","ping_status":"closed","template":"","meta":[],"product_brand":[],"product_cat":[122],"product_tag":[654,651],"class_list":{"0":"post-1117","1":"product","2":"type-product","3":"status-publish","4":"has-post-thumbnail","6":"product_cat-jaulas-trampa","7":"product_tag-jaula-trampa","8":"product_tag-jaulas-trampa-palomas","9":"product_shipping_class-jaulas","11":"first","12":"instock","13":"taxable","14":"shipping-taxable","15":"purchasable","16":"product-type-simple"},"_links":{"self":[{"href":"https:\/\/jauteco.com\/pt\/wp-json\/wp\/v2\/product\/1117","targetHints":{"allow":["GET"]}}],"collection":[{"href":"https:\/\/jauteco.com\/pt\/wp-json\/wp\/v2\/product"}],"about":[{"href":"https:\/\/jauteco.com\/pt\/wp-json\/wp\/v2\/types\/product"}],"replies":[{"embeddable":true,"href":"https:\/\/jauteco.com\/pt\/wp-json\/wp\/v2\/comments?post=1117"}],"version-history":[{"count":0,"href":"https:\/\/jauteco.com\/pt\/wp-json\/wp\/v2\/product\/1117\/revisions"}],"wp:featuredmedia":[{"embeddable":true,"href":"https:\/\/jauteco.com\/pt\/wp-json\/wp\/v2\/media\/1118"}],"wp:attachment":[{"href":"https:\/\/jauteco.com\/pt\/wp-json\/wp\/v2\/media?parent=1117"}],"wp:term":[{"taxonomy":"product_brand","embeddable":true,"href":"https:\/\/jauteco.com\/pt\/wp-json\/wp\/v2\/product_brand?post=1117"},{"taxonomy":"product_cat","embeddable":true,"href":"https:\/\/jauteco.com\/pt\/wp-json\/wp\/v2\/product_cat?post=1117"},{"taxonomy":"product_tag","embeddable":true,"href":"https:\/\/jauteco.com\/pt\/wp-json\/wp\/v2\/product_tag?post=1117"}],"curies":[{"name":"wp","href":"https:\/\/api.w.org\/{rel}","templated":true}]}}