{"id":121,"date":"2017-03-29T17:28:55","date_gmt":"2017-03-29T17:28:55","guid":{"rendered":"https:\/\/jauteco.com\/?post_type=product&#038;p=121"},"modified":"2026-03-30T15:19:48","modified_gmt":"2026-03-30T15:19:48","slug":"jaula-trampa-zorros","status":"publish","type":"product","link":"https:\/\/jauteco.com\/pt\/tienda\/jaula-trampa-zorros\/","title":{"rendered":"Fox Trap Cage"},"content":{"rendered":"<div data-elementor-type=\"product-post\" data-elementor-id=\"121\" class=\"elementor elementor-121\" data-elementor-post-type=\"product\">\n\t\t\t\t<div class=\"elementor-element elementor-element-77ba1d4b e-flex e-con-boxed e-con e-parent\" data-id=\"77ba1d4b\" data-element_type=\"container\">\n\t\t\t\t\t<div class=\"e-con-inner\">\n\t\t\t\t<div class=\"elementor-element elementor-element-dfa4d76 elementor-widget elementor-widget-video\" data-id=\"dfa4d76\" data-element_type=\"widget\" data-settings=\"{&quot;youtube_url&quot;:&quot;https:\\\/\\\/www.youtube.com\\\/watch?v=ND1bS6ukthQ&quot;,&quot;video_type&quot;:&quot;youtube&quot;,&quot;controls&quot;:&quot;yes&quot;}\" data-widget_type=\"video.default\">\n\t\t\t\t<div class=\"elementor-widget-container\">\n\t\t\t\t\t<div class=\"elementor-wrapper elementor-open-inline\">\n\t\t\t<div class=\"elementor-video\"><\/div>\t\t<\/div>\n\t\t\t\t<\/div>\n\t\t\t\t<\/div>\n\t\t\t\t<div class=\"elementor-element elementor-element-1946c882 elementor-widget elementor-widget-text-editor\" data-id=\"1946c882\" data-element_type=\"widget\" data-widget_type=\"text-editor.default\">\n\t\t\t\t<div class=\"elementor-widget-container\">\n\t\t\t\t\t\t\t<h2><span style=\"color: #282828;\">Como capturar uma Fox<\/span><\/h2><p><span style=\"color: #282828;\">O Fox \u00e9 muito inteligente, ent\u00e3o voc\u00ea deve ver o Fox Trap Cage o mais natural poss\u00edvel, cobrindo o ch\u00e3o de terra, colocando-o pr\u00f3ximo a arbustos ou ribazos, onde voc\u00ea considera a zona de passagem habitual.<\/span><\/p><p><span style=\"color: #282828;\"> O mais eficaz \u00e9 colocar uma isca viva, por exemplo, um pombo no compartimento anexo, que ser\u00e1 protegido contra as agress\u00f5es do animal capturado e inclui alimentador e bebedor para a isca viva, como uma alternativa pode ser colocada como isca em qualquer carne com cheiro forte .<\/span><\/p><p>O Fox entrar\u00e1 na gaiola em busca da isca, pisando no balancim e abaixando imediatamente as portas. Assim, o animal ficar\u00e1 preso, sem possibilidade de fuga e sem sofrer nenhum dano. Se o animal errado for capturado, ele poder\u00e1 ser liberado com seguran\u00e7a.<\/p><p>Para melhorar a efic\u00e1cia da armadilha, \u00e9 aconselh\u00e1vel usar o atrativo para as raposas Vullpenson. Seu cheiro forte atrair\u00e1 a raposa para a \u00e1rea.<\/p><p><span style=\"color: #282828;\"> \u00c9 recomendavel <strong>visitar la Jaula Trampa Zorros cada d\u00eda,<\/strong>\u00a0para impedir que a raposa capturada passe fome ou sofra exposi\u00e7\u00e3o.<\/span><\/p><p><span style=\"color: #282828;\"> No dejar que el zorro sufra en el proceso de atraparlo, pues hacerle sufrir innecesariamente al animal es una acci\u00f3n cruel e inmoral y penada por la ley de protecci\u00f3n animal.<\/span><\/p><p><span style=\"color: #282828;\"> Quando capturar uma raposa, trate-a com <strong>muita cautela<\/strong> mesmo que pare\u00e7a manso, pode estar prestes a explodir de raiva.<\/span><\/p><h3>Recursos Armadilha de gaiola<\/h3><ul><li>Las dos puertas est\u00e1n fabricadas con malla con un sistema antiretorno.<\/li><\/ul><p>*Muy Efectiva<br \/>*Cumple legislaci\u00f3n: No Mata, No Lesiona, No hiere.<br \/>*La m\u00e1s recomendada por Expertos de Caza.<\/p><p><span style=\"color: #282828;\"><strong>Dimens\u00f5es:<\/strong><\/span><br \/><span style=\"color: #282828;\"> \u2013 Jaula Captura: 155 x 40 x 60 cm. (largo x ancho x alto)<\/span><br \/><span style=\"color: #282828;\"> \u2013 Caja Cebo Vivo: 60 x 20 x 50 cm. (largo x ancho x alto)<\/span><br \/><span style=\"color: #282828;\"> \u2013 Peso: 32 Kg.<\/span><\/p><div class=\"message-box-wrapper green\"><span style=\"color: #282828;\">\u00a0<\/span><span style=\"color: #282828;\"><i>SISTEMA DE ENCERRAMENTO DE PATENTES<\/i><span style=\"font-family: FontAwesome;\">O<\/span><\/span><\/div><p>O Trap Cage n\u00e3o \u00e9 o sistema autorizado para capturar raposas em todas as comunidades aut\u00f4nomas. \u00c9 importante levar em considera\u00e7\u00e3o a legisla\u00e7\u00e3o de cada territ\u00f3rio, a fim de usar o sistema correto. Em Jauteco, temos outros sistemas de captura autorizados em v\u00e1rias comunidades aut\u00f4nomas, como o Collarum Loop e o Wisconsin.<\/p>\t\t\t\t\t\t<\/div>\n\t\t\t\t<\/div>\n\t\t\t\t\t<\/div>\n\t\t\t\t<\/div>\n\t\t\t\t<\/div>","protected":false},"excerpt":{"rendered":"<p><span style=\"color: #282828;\">A gaiola de armadilha de raposa \u00e9 indicada para capturar diferentes animais, como: raposas, c\u00e3es selvagens e qualquer predador m\u00e9dio. Respeite a legisla\u00e7\u00e3o, pois utiliza um m\u00e9todo de captura seletiva, n\u00e3o massivo e n\u00e3o causa danos ao animal.<\/span><\/p>\n<p><strong><span style=\"color: #ff0000;\">\u00a1Novedad! <\/span><\/strong><a href=\"https:\/\/jauteco.com\/pt\/tienda\/avisapro-v1\/\" target=\"_blank\" rel=\"noopener\"><strong><span style=\"color: #ff0000;\"><span style=\"color: #008000;\">AvisaPro V1 &#8211; Alertas SMS de Animal Capturado:<\/span> <\/span><\/strong><\/a>es un sistema de alertas 24 horas que le enviar\u00e1 una notificaci\u00f3n a su m\u00f3vil cuando la Jaula Trampa cierre las puertas, desc\u00fabrelo haciendo <strong><a href=\"https:\/\/jauteco.com\/pt\/tienda\/avisapro-v1\/\" target=\"_blank\" rel=\"noopener\">click aqu\u00ed<\/a><\/strong>.<\/p>","protected":false},"featured_media":9578,"comment_status":"closed","ping_status":"closed","template":"","meta":[],"product_brand":[],"product_cat":[122],"product_tag":[654,652,657],"class_list":{"0":"post-121","1":"product","2":"type-product","3":"status-publish","4":"has-post-thumbnail","6":"product_cat-jaulas-trampa","7":"product_tag-jaula-trampa","8":"product_tag-jaulas-trampa","9":"product_tag-jaulas-trampa-zorros","10":"product_shipping_class-jaulas","12":"first","13":"instock","14":"taxable","15":"shipping-taxable","16":"purchasable","17":"product-type-variable","18":"has-default-attributes"},"_links":{"self":[{"href":"https:\/\/jauteco.com\/pt\/wp-json\/wp\/v2\/product\/121","targetHints":{"allow":["GET"]}}],"collection":[{"href":"https:\/\/jauteco.com\/pt\/wp-json\/wp\/v2\/product"}],"about":[{"href":"https:\/\/jauteco.com\/pt\/wp-json\/wp\/v2\/types\/product"}],"replies":[{"embeddable":true,"href":"https:\/\/jauteco.com\/pt\/wp-json\/wp\/v2\/comments?post=121"}],"version-history":[{"count":0,"href":"https:\/\/jauteco.com\/pt\/wp-json\/wp\/v2\/product\/121\/revisions"}],"wp:featuredmedia":[{"embeddable":true,"href":"https:\/\/jauteco.com\/pt\/wp-json\/wp\/v2\/media\/9578"}],"wp:attachment":[{"href":"https:\/\/jauteco.com\/pt\/wp-json\/wp\/v2\/media?parent=121"}],"wp:term":[{"taxonomy":"product_brand","embeddable":true,"href":"https:\/\/jauteco.com\/pt\/wp-json\/wp\/v2\/product_brand?post=121"},{"taxonomy":"product_cat","embeddable":true,"href":"https:\/\/jauteco.com\/pt\/wp-json\/wp\/v2\/product_cat?post=121"},{"taxonomy":"product_tag","embeddable":true,"href":"https:\/\/jauteco.com\/pt\/wp-json\/wp\/v2\/product_tag?post=121"}],"curies":[{"name":"wp","href":"https:\/\/api.w.org\/{rel}","templated":true}]}}