{"id":1228,"date":"2017-08-02T20:50:39","date_gmt":"2017-08-02T20:50:39","guid":{"rendered":"https:\/\/jauteco.com\/?post_type=product&#038;p=1228"},"modified":"2025-02-03T09:23:03","modified_gmt":"2025-02-03T09:23:03","slug":"soporte-plegable-tablillas-caza","status":"publish","type":"product","link":"https:\/\/jauteco.com\/pt\/tienda\/soporte-plegable-tablillas-caza\/","title":{"rendered":"Suporte de sinal dobr\u00e1vel"},"content":{"rendered":"<div data-elementor-type=\"product-post\" data-elementor-id=\"1228\" class=\"elementor elementor-1228\" data-elementor-post-type=\"product\">\n\t\t\t\t\t\t<section class=\"elementor-section elementor-top-section elementor-element elementor-element-d8a0b23 elementor-section-boxed elementor-section-height-default elementor-section-height-default\" data-id=\"d8a0b23\" data-element_type=\"section\">\n\t\t\t\t\t\t<div class=\"elementor-container elementor-column-gap-default\">\n\t\t\t\t\t<div class=\"elementor-column elementor-col-100 elementor-top-column elementor-element elementor-element-3fe1f4d\" data-id=\"3fe1f4d\" data-element_type=\"column\">\n\t\t\t<div class=\"elementor-widget-wrap elementor-element-populated\">\n\t\t\t\t\t\t<section class=\"elementor-section elementor-inner-section elementor-element elementor-element-fb8281d elementor-section-boxed elementor-section-height-default elementor-section-height-default\" data-id=\"fb8281d\" data-element_type=\"section\">\n\t\t\t\t\t\t<div class=\"elementor-container elementor-column-gap-default\">\n\t\t\t\t\t<div class=\"elementor-column elementor-col-50 elementor-inner-column elementor-element elementor-element-64971a9\" data-id=\"64971a9\" data-element_type=\"column\">\n\t\t\t<div class=\"elementor-widget-wrap elementor-element-populated\">\n\t\t\t\t\t\t<div class=\"elementor-element elementor-element-cb54971 elementor-widget elementor-widget-video\" data-id=\"cb54971\" data-element_type=\"widget\" data-settings=\"{&quot;youtube_url&quot;:&quot;https:\\\/\\\/www.youtube.com\\\/watch?v=ur3I0UPdJCc&quot;,&quot;video_type&quot;:&quot;youtube&quot;,&quot;controls&quot;:&quot;yes&quot;}\" data-widget_type=\"video.default\">\n\t\t\t\t<div class=\"elementor-widget-container\">\n\t\t\t\t\t<div class=\"elementor-wrapper elementor-open-inline\">\n\t\t\t<div class=\"elementor-video\"><\/div>\t\t<\/div>\n\t\t\t\t<\/div>\n\t\t\t\t<\/div>\n\t\t\t\t\t<\/div>\n\t\t<\/div>\n\t\t\t\t<div class=\"elementor-column elementor-col-50 elementor-inner-column elementor-element elementor-element-73f4cf7\" data-id=\"73f4cf7\" data-element_type=\"column\">\n\t\t\t<div class=\"elementor-widget-wrap elementor-element-populated\">\n\t\t\t\t\t\t<div class=\"elementor-element elementor-element-4f9f7e1 elementor-widget elementor-widget-text-editor\" data-id=\"4f9f7e1\" data-element_type=\"widget\" data-widget_type=\"text-editor.default\">\n\t\t\t\t<div class=\"elementor-widget-container\">\n\t\t\t\t\t\t\t<p>O suporte para mesa dobr\u00e1vel \u00e9 o complemento ideal para colocar os comprimidos. Suas caracter\u00edsticas permitem sua coloca\u00e7\u00e3o de maneira simples e eficaz.<\/p><p>O suporte \u00e9 dobr\u00e1vel, facilitando seu transporte e montagem. As ripas ser\u00e3o completamente fixadas quando montadas.<\/p><p>Este produto \u00e9 feito de materiais met\u00e1licos para facilitar o uso e o transporte. A coloca\u00e7\u00e3o da tala, para que seja simples e confort\u00e1vel.<\/p>\t\t\t\t\t\t<\/div>\n\t\t\t\t<\/div>\n\t\t\t\t\t<\/div>\n\t\t<\/div>\n\t\t\t\t\t<\/div>\n\t\t<\/section>\n\t\t\t\t\t<\/div>\n\t\t<\/div>\n\t\t\t\t\t<\/div>\n\t\t<\/section>\n\t\t\t\t<\/div>","protected":false},"excerpt":{"rendered":"<ul>\n<li>Suporte de mesa dobr\u00e1vel com texto horizontal.<\/li>\n<li>Galvanizado<\/li>\n<\/ul>\n<p>O pedido m\u00ednimo deste produto \u00e9 de tr\u00eas unidades; a partir da terceira, os custos de envio ser\u00e3o reduzidos.<\/p>\n<p>Nota: Se os suportes combinarem com ripas no pedido, ser\u00e3o necess\u00e1rias 16 unidades entre todas para deduzir os custos de envio.<\/p>\n<p>&nbsp;<\/p>","protected":false},"featured_media":5735,"comment_status":"closed","ping_status":"closed","template":"","meta":[],"product_brand":[],"product_cat":[75],"product_tag":[1270,559,401],"class_list":{"0":"post-1228","1":"product","2":"type-product","3":"status-publish","4":"has-post-thumbnail","6":"product_cat-tablillas-caza","7":"product_tag-soporte","8":"product_tag-tablillas-de-caza","9":"product_tag-tablillas-caza-1-orden","10":"product_shipping_class-tablillas","12":"first","13":"instock","14":"taxable","15":"shipping-taxable","16":"purchasable","17":"product-type-simple"},"_links":{"self":[{"href":"https:\/\/jauteco.com\/pt\/wp-json\/wp\/v2\/product\/1228","targetHints":{"allow":["GET"]}}],"collection":[{"href":"https:\/\/jauteco.com\/pt\/wp-json\/wp\/v2\/product"}],"about":[{"href":"https:\/\/jauteco.com\/pt\/wp-json\/wp\/v2\/types\/product"}],"replies":[{"embeddable":true,"href":"https:\/\/jauteco.com\/pt\/wp-json\/wp\/v2\/comments?post=1228"}],"version-history":[{"count":0,"href":"https:\/\/jauteco.com\/pt\/wp-json\/wp\/v2\/product\/1228\/revisions"}],"wp:featuredmedia":[{"embeddable":true,"href":"https:\/\/jauteco.com\/pt\/wp-json\/wp\/v2\/media\/5735"}],"wp:attachment":[{"href":"https:\/\/jauteco.com\/pt\/wp-json\/wp\/v2\/media?parent=1228"}],"wp:term":[{"taxonomy":"product_brand","embeddable":true,"href":"https:\/\/jauteco.com\/pt\/wp-json\/wp\/v2\/product_brand?post=1228"},{"taxonomy":"product_cat","embeddable":true,"href":"https:\/\/jauteco.com\/pt\/wp-json\/wp\/v2\/product_cat?post=1228"},{"taxonomy":"product_tag","embeddable":true,"href":"https:\/\/jauteco.com\/pt\/wp-json\/wp\/v2\/product_tag?post=1228"}],"curies":[{"name":"wp","href":"https:\/\/api.w.org\/{rel}","templated":true}]}}