{"id":128,"date":"2017-03-29T17:49:01","date_gmt":"2017-03-29T17:49:01","guid":{"rendered":"https:\/\/jauteco.com\/?post_type=product&#038;p=128"},"modified":"2026-02-19T14:21:51","modified_gmt":"2026-02-19T14:21:51","slug":"jaula-trampa-gatos","status":"publish","type":"product","link":"https:\/\/jauteco.com\/pt\/tienda\/jaula-trampa-gatos\/","title":{"rendered":"Armadilha Gaiola Gatos"},"content":{"rendered":"<h2>Armadilha Gaiola Gatos<\/h2>\n<p>O <strong>Cage Trap Cats \u00e9 indicado para capturar pequenos animais<\/strong> como: Gatos, r\u00e9pteis, ratos, fur\u00f5es, doninhas, etc ... Se o animal errado for capturado, o ser humano poder\u00e1 liber\u00e1-lo com seguran\u00e7a.<\/p>\n<p>Gatos e outros animais especificados s\u00e3o muito inteligentes. Para ser capturado, o ser humano precisar\u00e1 de um sistema altamente eficaz que n\u00e3o cause estranheza no animal. Devido \u00e0s suas caracter\u00edsticas, efici\u00eancia e capacidade de adapta\u00e7\u00e3o ao ambiente natural, as armadilhas s\u00e3o um dos produtos mais procurados para capturar gatos, r\u00e9pteis e similares.<\/p>\n<p>O sistema utilizado \u00e9 mec\u00e2nico, o animal entra no corredor da gaiola para comer e pisa no balancim, nesse momento as portas fecham imediatamente sendo pegas<strong>. Durante sua captura, o animal n\u00e3o sofrer\u00e1 nenhum dano,<\/strong> nem ele ter\u00e1 a op\u00e7\u00e3o de escapar da jaula.<\/p>\n<h3>A comida vai atrair o animal<\/h3>\n<p>Para atrair o animal, um alimento que incite as esp\u00e9cies que desejamos capturar deve ser colocado, por exemplo: um peda\u00e7o de queijo roedor, presunto de gato, peixe, carne ...<\/p>\n<p>As cores verdes da armadilha <strong>permitir adaptar-se ao ambiente natural<\/strong>, portanto, n\u00e3o causa estranheza aos animais. Portanto, a gaiola tamb\u00e9m \u00e9 indicada para espa\u00e7os abertos.<\/p>\n<p>Armadilha Gaiola Gatos\u00a0<strong>est\u00e1 em conformidade com todos os regulamentos da Lei de Prote\u00e7\u00e3o Animal<\/strong>. \u00c9 recomendavel\u00a0<strong>visite a gaiola todos os dias (aprox.),<\/strong>\u00a0para impedir que o animal capturado passe fome ou sofra exposi\u00e7\u00e3o.<\/p>\n<p><strong>Gaiola de armadilha de gaiola tem as seguintes caracter\u00edsticas<\/strong>:<\/p>\n<p>Dimensiones: 100 x 25 x 35 cm. (largo x ancho x alto)<br \/>\nPeso: 10 Kg<\/p>\n<p>&nbsp;<\/p>","protected":false},"excerpt":{"rendered":"<p>A gaiola de armadilha para gatos \u00e9 para capturar pequenos animais, como: gatos, r\u00e9pteis, ratos, fur\u00f5es, etc ...<br \/>\nQuando o animal entra no corredor da gaiola e pisa na balan\u00e7a, as portas fecham imediatamente, ficando presas sem serem danificadas.<br \/>\nO habitual ser\u00e1 colocar os alimentos que atraem o animal que procuramos, por exemplo: ao roedor um peda\u00e7o de queijo, aos peda\u00e7os de gato de presunto, peixe, carne, etc ...<\/p>\n<p><strong><span style=\"color: #ff0000;\">\u00a1Novedad! <\/span><\/strong><a href=\"https:\/\/jauteco.com\/pt\/tienda\/avisapro-v1\/\" target=\"_blank\" rel=\"noopener\"><strong><span style=\"color: #ff0000;\"><span style=\"color: #008000;\">AvisaPro V1 &#8211; Alertas SMS de Animal Capturado:<\/span> <\/span><\/strong><\/a>es un sistema de alertas 24 horas que le enviar\u00e1 una notificaci\u00f3n a su m\u00f3vil cuando la Jaula Trampa cierre las puertas. \u00bfPara qu\u00e9 hacer viajes innecesarios a revisar la jaula si tu m\u00f3vil puede avisarte? desc\u00fabrelo haciendo click en: <a href=\"https:\/\/jauteco.com\/pt\/tienda\/avisapro-v1\/\" target=\"_blank\" rel=\"noopener\"><strong>AvisaPro V1\u00a0<\/strong><\/a><\/p>\n<p>&nbsp;<\/p>\n<p>&nbsp;<\/p>\n<p>&nbsp;<\/p>","protected":false},"featured_media":7536,"comment_status":"closed","ping_status":"closed","template":"","meta":[],"product_brand":[],"product_cat":[122],"product_tag":[654,659,652],"class_list":{"0":"post-128","1":"product","2":"type-product","3":"status-publish","4":"has-post-thumbnail","6":"product_cat-jaulas-trampa","7":"product_tag-jaula-trampa","8":"product_tag-jaula-trampa-mamiferos","9":"product_tag-jaulas-trampa","10":"product_shipping_class-jaulas","12":"first","13":"instock","14":"taxable","15":"shipping-taxable","16":"purchasable","17":"product-type-simple"},"_links":{"self":[{"href":"https:\/\/jauteco.com\/pt\/wp-json\/wp\/v2\/product\/128","targetHints":{"allow":["GET"]}}],"collection":[{"href":"https:\/\/jauteco.com\/pt\/wp-json\/wp\/v2\/product"}],"about":[{"href":"https:\/\/jauteco.com\/pt\/wp-json\/wp\/v2\/types\/product"}],"replies":[{"embeddable":true,"href":"https:\/\/jauteco.com\/pt\/wp-json\/wp\/v2\/comments?post=128"}],"version-history":[{"count":0,"href":"https:\/\/jauteco.com\/pt\/wp-json\/wp\/v2\/product\/128\/revisions"}],"wp:featuredmedia":[{"embeddable":true,"href":"https:\/\/jauteco.com\/pt\/wp-json\/wp\/v2\/media\/7536"}],"wp:attachment":[{"href":"https:\/\/jauteco.com\/pt\/wp-json\/wp\/v2\/media?parent=128"}],"wp:term":[{"taxonomy":"product_brand","embeddable":true,"href":"https:\/\/jauteco.com\/pt\/wp-json\/wp\/v2\/product_brand?post=128"},{"taxonomy":"product_cat","embeddable":true,"href":"https:\/\/jauteco.com\/pt\/wp-json\/wp\/v2\/product_cat?post=128"},{"taxonomy":"product_tag","embeddable":true,"href":"https:\/\/jauteco.com\/pt\/wp-json\/wp\/v2\/product_tag?post=128"}],"curies":[{"name":"wp","href":"https:\/\/api.w.org\/{rel}","templated":true}]}}