{"id":131,"date":"2017-03-29T17:55:18","date_gmt":"2017-03-29T17:55:18","guid":{"rendered":"https:\/\/jauteco.com\/?post_type=product&#038;p=131"},"modified":"2026-01-30T13:56:28","modified_gmt":"2026-01-30T13:56:28","slug":"jaula-trampa-corvidos-grapada","status":"publish","type":"product","link":"https:\/\/jauteco.com\/pt\/tienda\/jaula-trampa-corvidos-grapada\/","title":{"rendered":"Armadilha para pega (Corvids grampeado)"},"content":{"rendered":"<h2>Jaula Trampa Urracas G (Homologada)<\/h2>\n<p><span style=\"color: #333333; font-size: 14.4px;\">A gaiola de armadilha Magpie (Corvids) \u00e9 indicada para a captura de: pegas, pombos, corvos negros e gralhas (esta \u00faltima apenas na esta\u00e7\u00e3o reprodutiva). Suas caracter\u00edsticas o tornam ideal para capturar p\u00e1ssaros de tamanho m\u00e9dio.<\/span><\/p>\n<p>O produto \u00e9\u00a0<strong>feito de: malha galvanizada fina, unida por clipes de metal.<\/strong>\u00a0A gaiola de armadilha Magpie \u00e9 composta por: esses materiais impedir\u00e3o que o animal escape, al\u00e9m de causar danos \u00e0 gaiola, embora sua resist\u00eancia seja menor que <a href=\"https:\/\/jauteco.com\/pt\/tienda\/jaula-trampa-corvidos-s-2\/\">Gaiola soldada de Corvid.<\/a><\/p>\n<p>A gaiola \u00e9 feita de grampos de metal, com exce\u00e7\u00e3o das portas que s\u00e3o soldadas para capturar o animal para ser eficaz, deixando o corvid preso.<\/p>\n<p>Ele<strong>\u00a0correndo<\/strong>\u00a0da gaiola \u00e9 simples, uma isca viva ser\u00e1 introduzida no centro da gaiola, que ser\u00e1<strong>\u00a0protegido por grades de predadores,<\/strong>\u00a0quando entram em busca da isca, ficam presos na gaiola pelo sistema de guilhotina, sem a possibilidade de sair. Os 4 compartimentos individuais permitem que v\u00e1rios animais sejam capturados na mesma gaiola.<\/p>\n<h3>Prata para atrair corv\u00eddeos<\/h3>\n<p>A gaiola \u00e9 prata, porque esses p\u00e1ssaros s\u00e3o atra\u00eddos pelo brilho, ent\u00e3o eles ir\u00e3o para a armadilha.<\/p>\n<p>Se o animal errado for capturado, esse\u00a0<strong>pode ser liberado<\/strong>\u00a0Sem sofrer nenhum dano. \u00c9 recomendavel\u00a0<strong>visite a gaiola de armadilhas de Urracas diariamente,<\/strong>\u00a0a fim de impedir que os animais sofram fome ou exposi\u00e7\u00e3o.<\/p>\n<p><span style=\"color: #333333; font-size: 14.4px;\">A jaula<strong> Armadilha para Corvids G<\/strong> \u00e9 formada por:<\/span><\/p>\n<div class=\"message-box-wrapper green\">\n<div class=\"message-box-title\">4 compartimentos individuais para captura.<br \/>\n1 Compartimento central para isca viva (inclui alimentador e bebedouro).<\/div>\n<div><\/div>\n<\/div>\n<div>A sua <strong>caracteristicas<\/strong> s\u00e3o:<\/div>\n<div><\/div>\n<div class=\"message-box-wrapper green\">\n<div class=\"message-box-content\">Dimens\u00f5es: 85 x 85 x 35 cm.<br \/>\nPeso: 8 Kg.<\/div>\n<\/div>\n<p>&nbsp;<\/p>\n<p>&nbsp;<\/p>","protected":false},"excerpt":{"rendered":"<p>A gaiola de armadilha Corvid \u00e9 indicada para a captura de: pegas, pombos, corvos negros e gralhas (este \u00faltimo apenas na \u00e9poca de reprodu\u00e7\u00e3o).<\/p>\n<p>O produto \u00e9<strong>\u00a0<\/strong>feito de: malha galvanizada fina, unida por clipes de metal.<\/p>\n<p>Ele<strong>\u00a0<\/strong>A opera\u00e7\u00e3o da gaiola \u00e9 simples, uma isca viva ser\u00e1 introduzida no centro da gaiola, que ser\u00e1<strong>\u00a0<\/strong>protegido por grades de predadores<strong>,<\/strong>\u00a0quando entram em busca da isca, ficam presos na gaiola pelo seu sistema de guilhotina, sem possibilidade de sair.<\/p>\n<p><strong><span style=\"color: #ff0000;\">\u00a1Novedad!<\/span> <a href=\"\/pt\/tienda\/avisador-sms-jaulas-trampa\/\">Avisador Cierre Puertas para Jaulas Trampa<\/a><\/strong> Recibe una alerta en tu m\u00f3vil cada vez que las puertas se cierren y ahorra viajes innecesarios.<\/p>\n<p>&nbsp;<\/p>","protected":false},"featured_media":8091,"comment_status":"closed","ping_status":"closed","template":"","meta":[],"product_brand":[],"product_cat":[122],"product_tag":[654,652,655],"class_list":{"0":"post-131","1":"product","2":"type-product","3":"status-publish","4":"has-post-thumbnail","6":"product_cat-jaulas-trampa","7":"product_tag-jaula-trampa","8":"product_tag-jaulas-trampa","9":"product_tag-jaulas-trampa-urracas","10":"product_shipping_class-jaulas","12":"first","13":"instock","14":"taxable","15":"shipping-taxable","16":"purchasable","17":"product-type-simple"},"_links":{"self":[{"href":"https:\/\/jauteco.com\/pt\/wp-json\/wp\/v2\/product\/131","targetHints":{"allow":["GET"]}}],"collection":[{"href":"https:\/\/jauteco.com\/pt\/wp-json\/wp\/v2\/product"}],"about":[{"href":"https:\/\/jauteco.com\/pt\/wp-json\/wp\/v2\/types\/product"}],"replies":[{"embeddable":true,"href":"https:\/\/jauteco.com\/pt\/wp-json\/wp\/v2\/comments?post=131"}],"version-history":[{"count":0,"href":"https:\/\/jauteco.com\/pt\/wp-json\/wp\/v2\/product\/131\/revisions"}],"wp:featuredmedia":[{"embeddable":true,"href":"https:\/\/jauteco.com\/pt\/wp-json\/wp\/v2\/media\/8091"}],"wp:attachment":[{"href":"https:\/\/jauteco.com\/pt\/wp-json\/wp\/v2\/media?parent=131"}],"wp:term":[{"taxonomy":"product_brand","embeddable":true,"href":"https:\/\/jauteco.com\/pt\/wp-json\/wp\/v2\/product_brand?post=131"},{"taxonomy":"product_cat","embeddable":true,"href":"https:\/\/jauteco.com\/pt\/wp-json\/wp\/v2\/product_cat?post=131"},{"taxonomy":"product_tag","embeddable":true,"href":"https:\/\/jauteco.com\/pt\/wp-json\/wp\/v2\/product_tag?post=131"}],"curies":[{"name":"wp","href":"https:\/\/api.w.org\/{rel}","templated":true}]}}