{"id":134,"date":"2017-03-29T18:00:46","date_gmt":"2017-03-29T18:00:46","guid":{"rendered":"https:\/\/jauteco.com\/?post_type=product&#038;p=134"},"modified":"2026-01-30T13:57:01","modified_gmt":"2026-01-30T13:57:01","slug":"jaula-trampa-corvidos-s-2","status":"publish","type":"product","link":"https:\/\/jauteco.com\/pt\/tienda\/jaula-trampa-corvidos-s-2\/","title":{"rendered":"Gaiola de armadilha para pega (Corv\u00eddeos soldados)"},"content":{"rendered":"<h2>Jaula Trampa Urracas (C\u00f3rvidos Soldada) (Homologada)<\/h2>\n<p>O compartimento da armadilha para pega \u00e9 indicado para <strong>captura de corv\u00eddeos<\/strong>: Pegas, pombos, corvos negros e gralhas (este \u00faltimo apenas na \u00e9poca de reprodu\u00e7\u00e3o).<\/p>\n<p>O produto \u00e9 <strong>Feito de material resistente e de alta qualidade:<\/strong> Malha soldada, grossa e r\u00edgida. Esses materiais impedir\u00e3o que o animal escape, al\u00e9m de causar danos \u00e0 gaiola.<\/p>\n<p>Sua resist\u00eancia permitir\u00e1 que a gaiola mantenha sua efic\u00e1cia ao longo do tempo.<\/p>\n<h3>M\u00e9todo de captura simples e eficaz<\/h3>\n<p>Ele<strong> correndo<\/strong> da gaiola \u00e9 simples, uma isca viva ser\u00e1 introduzida no centro da gaiola, que ser\u00e1<strong> protegido por grades de predadores,<\/strong> quando entram em busca da isca, ficam presos na gaiola pelo sistema de guilhotina, sem a possibilidade de sair. Os 4 compartimentos individuais permitem que v\u00e1rios animais sejam capturados na mesma gaiola.<\/p>\n<p><strong>A caixa da armadilha \u00e9 pintada com a cor prata<\/strong>, uma vez que esses p\u00e1ssaros s\u00e3o atra\u00eddos pelo brilho.<\/p>\n<p>Se o animal errado for capturado, esse <strong>pode ser liberado<\/strong> Sem sofrer nenhum dano. \u00c9 recomendavel <strong>visite a gaiola de armadilhas de Urracas diariamente,<\/strong> a fim de impedir que os animais sofram fome ou exposi\u00e7\u00e3o.<\/p>\n<p>A gaiola de armadilha de Urracas \u00e9 formada por:<br \/>\n4 compartimentos individuais para captura.<br \/>\n1 Compartimento central para isca viva (inclui alimentador e bebedouro).<\/p>\n<p>As caracter\u00edsticas deste produto s\u00e3o:<\/p>\n<p>Dimens\u00f5es: 85 x 85 x 35 cm.<br \/>\nPeso: 15 Kg<\/p>","protected":false},"excerpt":{"rendered":"<p>Armadilha para pega indicada para a captura de corv\u00eddeos: pegas, pombos, corvos negros e gralhas (este \u00faltimo apenas na \u00e9poca de reprodu\u00e7\u00e3o).<\/p>\n<p>Feito de material resistente e de alta qualidade: malha soldada, grossa e r\u00edgida.<\/p>\n<p><strong><span style=\"color: #ff0000;\">\u00a1Novedad!<\/span> <a href=\"\/pt\/tienda\/avisador-sms-jaulas-trampa\/\">Avisador Cierre Puertas para Jaulas Trampa<\/a><\/strong> Recibe una alerta en tu m\u00f3vil cada vez que las puertas se cierren y ahorra viajes innecesarios.<\/p>","protected":false},"featured_media":135,"comment_status":"closed","ping_status":"closed","template":"","meta":[],"product_brand":[],"product_cat":[2708,122],"product_tag":[652,655],"class_list":{"0":"post-134","1":"product","2":"type-product","3":"status-publish","4":"has-post-thumbnail","6":"product_cat-sin-categoria","7":"product_cat-jaulas-trampa","8":"product_tag-jaulas-trampa","9":"product_tag-jaulas-trampa-urracas","10":"product_shipping_class-jaulas","12":"first","13":"instock","14":"taxable","15":"shipping-taxable","16":"purchasable","17":"product-type-simple"},"_links":{"self":[{"href":"https:\/\/jauteco.com\/pt\/wp-json\/wp\/v2\/product\/134","targetHints":{"allow":["GET"]}}],"collection":[{"href":"https:\/\/jauteco.com\/pt\/wp-json\/wp\/v2\/product"}],"about":[{"href":"https:\/\/jauteco.com\/pt\/wp-json\/wp\/v2\/types\/product"}],"replies":[{"embeddable":true,"href":"https:\/\/jauteco.com\/pt\/wp-json\/wp\/v2\/comments?post=134"}],"version-history":[{"count":0,"href":"https:\/\/jauteco.com\/pt\/wp-json\/wp\/v2\/product\/134\/revisions"}],"wp:featuredmedia":[{"embeddable":true,"href":"https:\/\/jauteco.com\/pt\/wp-json\/wp\/v2\/media\/135"}],"wp:attachment":[{"href":"https:\/\/jauteco.com\/pt\/wp-json\/wp\/v2\/media?parent=134"}],"wp:term":[{"taxonomy":"product_brand","embeddable":true,"href":"https:\/\/jauteco.com\/pt\/wp-json\/wp\/v2\/product_brand?post=134"},{"taxonomy":"product_cat","embeddable":true,"href":"https:\/\/jauteco.com\/pt\/wp-json\/wp\/v2\/product_cat?post=134"},{"taxonomy":"product_tag","embeddable":true,"href":"https:\/\/jauteco.com\/pt\/wp-json\/wp\/v2\/product_tag?post=134"}],"curies":[{"name":"wp","href":"https:\/\/api.w.org\/{rel}","templated":true}]}}