{"id":136,"date":"2017-03-29T18:10:08","date_gmt":"2017-03-29T18:10:08","guid":{"rendered":"https:\/\/jauteco.com\/?post_type=product&#038;p=136"},"modified":"2021-08-31T11:59:26","modified_gmt":"2021-08-31T11:59:26","slug":"trampa-conejos-vacunacion","status":"publish","type":"product","link":"https:\/\/jauteco.com\/pt\/tienda\/trampa-conejos-vacunacion\/","title":{"rendered":"Gaiola de armadilha de coelho (vacina\u00e7\u00e3o)"},"content":{"rendered":"<h3>Gaiola de armadilha de coelho (vacina\u00e7\u00e3o)<\/h3>\n<p>A gaiola de armadilha para coelhos (vacina\u00e7\u00e3o) \u00e9 <strong>Concebido para a captura de coelhos-buraqueira.<\/strong>. As caracter\u00edsticas da gaiola permitem ter\u00a0<strong>coelhos controlados<\/strong>, sendo muito \u00fatil para a\u00e7\u00f5es como vacina\u00e7\u00e3o.<\/p>\n<p><b>A gaiola \u00e9 leve, porque pode ser facilmente transportada atrav\u00e9s do campo<\/b>. Esta gaiola \u00e9 <strong>seletiva<\/strong>, porque \u00e9 feito de malha galvanizada e esmaltado em prata.<\/p>\n<p>O produto usa um<strong> mecanismo de captura simples e eficaz<\/strong>, com o qual o coelho ao entrar n\u00e3o pode mais escapar pelo mecanismo da porta que n\u00e3o pode abrir. O<strong> malha alongada voc\u00ea tem<\/strong>\u00a0\u00c9 aconselh\u00e1vel introduzi-lo na boca da toca, para que o animal ao sair seja introduzido na gaiola.<\/p>\n<p><b>Ao entrar na gaiola <\/b>os coelhos n\u00e3o sofrer\u00e3o nenhum dano, assim como <strong>eles n\u00e3o ter\u00e3o escolha para escapar<\/strong>. Se o animal errado for capturado, esse <strong>pode ser liberado sem sofrer nenhum dano<\/strong>.<\/p>\n<p>Ele<strong> Como usar \u00e9 simples,<\/strong> O humano colocar\u00e1 a Gaiola de Armadilha na boca da toca para que o coelho (com a necessidade de comer, beber ou roer) saia e seja pego, sem op\u00e7\u00e3o de escapar.<\/p>\n<p>Vacina\u00e7\u00e3o de gaiola de coelho <strong>Possui os seguintes recursos:<\/strong><\/p>\n<div class=\"message-box-wrapper green\">\n<div class=\"message-box-content\">\n<p><strong>Dimens\u00f5es:<\/strong> 50 x 26 x 18<\/p>\n<p><strong>Peso:<\/strong> 2 kg<\/p>\n<\/div>\n<\/div>","protected":false},"excerpt":{"rendered":"<p>Gaiola de coelho para vacina\u00e7\u00e3o de coelhos, especialmente para tocas.<\/p>\n<p>Os coelhos sair\u00e3o da toca devido \u00e0 necessidade de comer, beber ou roer, atravessando a passarela que d\u00e1 acesso \u00e0 gaiola, ficando presos aqui at\u00e9 serem vacinados, sem op\u00e7\u00e3o de escapar.<\/p>","protected":false},"featured_media":137,"comment_status":"closed","ping_status":"closed","template":"","meta":[],"product_brand":[],"product_cat":[122],"product_tag":[654,656,652],"class_list":{"0":"post-136","1":"product","2":"type-product","3":"status-publish","4":"has-post-thumbnail","6":"product_cat-jaulas-trampa","7":"product_tag-jaula-trampa","8":"product_tag-jaula-trampa-conejos","9":"product_tag-jaulas-trampa","10":"product_shipping_class-jaulas","12":"first","13":"instock","14":"taxable","15":"shipping-taxable","16":"purchasable","17":"product-type-simple"},"_links":{"self":[{"href":"https:\/\/jauteco.com\/pt\/wp-json\/wp\/v2\/product\/136","targetHints":{"allow":["GET"]}}],"collection":[{"href":"https:\/\/jauteco.com\/pt\/wp-json\/wp\/v2\/product"}],"about":[{"href":"https:\/\/jauteco.com\/pt\/wp-json\/wp\/v2\/types\/product"}],"replies":[{"embeddable":true,"href":"https:\/\/jauteco.com\/pt\/wp-json\/wp\/v2\/comments?post=136"}],"version-history":[{"count":0,"href":"https:\/\/jauteco.com\/pt\/wp-json\/wp\/v2\/product\/136\/revisions"}],"wp:featuredmedia":[{"embeddable":true,"href":"https:\/\/jauteco.com\/pt\/wp-json\/wp\/v2\/media\/137"}],"wp:attachment":[{"href":"https:\/\/jauteco.com\/pt\/wp-json\/wp\/v2\/media?parent=136"}],"wp:term":[{"taxonomy":"product_brand","embeddable":true,"href":"https:\/\/jauteco.com\/pt\/wp-json\/wp\/v2\/product_brand?post=136"},{"taxonomy":"product_cat","embeddable":true,"href":"https:\/\/jauteco.com\/pt\/wp-json\/wp\/v2\/product_cat?post=136"},{"taxonomy":"product_tag","embeddable":true,"href":"https:\/\/jauteco.com\/pt\/wp-json\/wp\/v2\/product_tag?post=136"}],"curies":[{"name":"wp","href":"https:\/\/api.w.org\/{rel}","templated":true}]}}