{"id":138,"date":"2017-03-29T18:33:35","date_gmt":"2017-03-29T18:33:35","guid":{"rendered":"https:\/\/jauteco.com\/?post_type=product&#038;p=138"},"modified":"2026-01-30T13:57:23","modified_gmt":"2026-01-30T13:57:23","slug":"jaula-trampa-conejos-campo","status":"publish","type":"product","link":"https:\/\/jauteco.com\/pt\/tienda\/jaula-trampa-conejos-campo\/","title":{"rendered":"Gaiola de coelho Gaiola (campo)"},"content":{"rendered":"<h3>Gaiola de coelho Gaiola (campo)<\/h3>\n<p>A gaiola de armadilha de coelho usada<strong>\u00a0para a captura de animais como coelhos de campo, r\u00e9pteis e outros animais<\/strong>\u00a0similar. O animal pode ser capturado atrav\u00e9s de um sistema eficaz.<\/p>\n<p>Para capturar o coelho, o humano deve colocar um <strong>isca dentro da armadilha<\/strong> para o animal vir. <strong>Ao entrar atra\u00eddo<\/strong> para comida <strong>o animal pisar\u00e1 na gangorra<\/strong> caindo pelas portas da frente sendo pego. O animal <strong>n\u00e3o ser\u00e1 capaz de escapar<\/strong> devido \u00e0 forte grade da gaiola, bem como <strong>N\u00e3o sofrer\u00e1 danos.<\/strong><\/p>\n<p>A gaiola \u00e9 pintada de verde com o objetivo de facilitar sua adapta\u00e7\u00e3o ao ambiente natural, impedindo sua presen\u00e7a de animais. A armadilha \u00e9 ideal para ser usada em espa\u00e7os abertos, como jardins ou campos, devido \u00e0s suas caracter\u00edsticas.<\/p>\n<p>\u00c9 <strong>Recomenda-se visitar a armadilha para coelhos pelo menos uma vez ao dia<\/strong>, para impedir que o animal passe fome ou sofra exposi\u00e7\u00e3o. Se o animal errado for pego, <strong>pode ser liberado sem danos<\/strong>bem como com seguran\u00e7a.<\/p>\n<p>A armadilha da gaiola<strong> respeita quaisquer regras ou legisla\u00e7\u00e3o sobre o tratamento de animais<\/strong>.<\/p>\n<p><strong>Jauteco \u00e9 pioneiro no sistema de travamento<\/strong> das <a href=\"https:\/\/jauteco.com\/pt\/productos\/jaulas-trampa\/\">Armadilha de gaiolas<\/a>. Possui um sistema confi\u00e1vel que<strong> quando o animal o ativar, sua captura ser\u00e1 iminente.<\/strong><\/p>\n<p>A armadilha da gaiola de coelho <strong>Possui os seguintes recursos:<\/strong><\/p>\n<p>Dimensiones: 54 x 26 x 26 Cm. (largo x ancho x alto)<\/p>\n<div class=\"message-box-wrapper green\">\n<div class=\"message-box-title\">\n<div class=\"message-box-wrapper green\">\n<div class=\"message-box-content\">\n<p>Peso: 4,2 Kg.<\/p>\n<\/div>\n<\/div>\n<p>&nbsp;<\/p>\n<p>&nbsp;<\/p>\n<\/div>\n<div class=\"message-box-content\"><\/div>\n<\/div>","protected":false},"excerpt":{"rendered":"<p>Pegar coelhos em campo aberto.<\/p>\n<p>Esta gaiola de armadilha \u00e9 muito pequena e tem uma porta de entrada, \u00e9 indicada para capturar coelhos em campo aberto e outros pequenos animais e r\u00e9pteis, inclui um alimentador para colocar comida de isca.<\/p>\n<p><strong><span style=\"color: #ff0000;\">\u00a1Novedad!<\/span> <a href=\"\/pt\/tienda\/avisador-sms-jaulas-trampa\/\">Avisador Cierre Puertas para Jaulas Trampa<\/a><\/strong> Recibe una alerta en tu m\u00f3vil cada vez que las puertas se cierren y ahorra viajes innecesarios.<\/p>\n<p>&nbsp;<\/p>","protected":false},"featured_media":7503,"comment_status":"closed","ping_status":"closed","template":"","meta":[],"product_brand":[],"product_cat":[122],"product_tag":[654,656,652],"class_list":{"0":"post-138","1":"product","2":"type-product","3":"status-publish","4":"has-post-thumbnail","6":"product_cat-jaulas-trampa","7":"product_tag-jaula-trampa","8":"product_tag-jaula-trampa-conejos","9":"product_tag-jaulas-trampa","10":"product_shipping_class-jaulas","12":"first","13":"instock","14":"taxable","15":"shipping-taxable","16":"purchasable","17":"product-type-simple"},"_links":{"self":[{"href":"https:\/\/jauteco.com\/pt\/wp-json\/wp\/v2\/product\/138","targetHints":{"allow":["GET"]}}],"collection":[{"href":"https:\/\/jauteco.com\/pt\/wp-json\/wp\/v2\/product"}],"about":[{"href":"https:\/\/jauteco.com\/pt\/wp-json\/wp\/v2\/types\/product"}],"replies":[{"embeddable":true,"href":"https:\/\/jauteco.com\/pt\/wp-json\/wp\/v2\/comments?post=138"}],"version-history":[{"count":0,"href":"https:\/\/jauteco.com\/pt\/wp-json\/wp\/v2\/product\/138\/revisions"}],"wp:featuredmedia":[{"embeddable":true,"href":"https:\/\/jauteco.com\/pt\/wp-json\/wp\/v2\/media\/7503"}],"wp:attachment":[{"href":"https:\/\/jauteco.com\/pt\/wp-json\/wp\/v2\/media?parent=138"}],"wp:term":[{"taxonomy":"product_brand","embeddable":true,"href":"https:\/\/jauteco.com\/pt\/wp-json\/wp\/v2\/product_brand?post=138"},{"taxonomy":"product_cat","embeddable":true,"href":"https:\/\/jauteco.com\/pt\/wp-json\/wp\/v2\/product_cat?post=138"},{"taxonomy":"product_tag","embeddable":true,"href":"https:\/\/jauteco.com\/pt\/wp-json\/wp\/v2\/product_tag?post=138"}],"curies":[{"name":"wp","href":"https:\/\/api.w.org\/{rel}","templated":true}]}}