{"id":140,"date":"2017-03-29T18:36:50","date_gmt":"2017-03-29T18:36:50","guid":{"rendered":"https:\/\/jauteco.com\/?post_type=product&#038;p=140"},"modified":"2026-03-10T13:08:07","modified_gmt":"2026-03-10T13:08:07","slug":"jaula-trampa-palomas","status":"publish","type":"product","link":"https:\/\/jauteco.com\/pt\/tienda\/jaula-trampa-palomas\/","title":{"rendered":"Armadilha para Palomas Grande"},"content":{"rendered":"<div data-elementor-type=\"product-post\" data-elementor-id=\"140\" class=\"elementor elementor-140\" data-elementor-post-type=\"product\">\n\t\t\t\t<div class=\"elementor-element elementor-element-3129e65f e-flex e-con-boxed e-con e-parent\" data-id=\"3129e65f\" data-element_type=\"container\">\n\t\t\t\t\t<div class=\"e-con-inner\">\n\t\t\t\t<div class=\"elementor-element elementor-element-2a18fab elementor-widget elementor-widget-video\" data-id=\"2a18fab\" data-element_type=\"widget\" data-settings=\"{&quot;youtube_url&quot;:&quot;https:\\\/\\\/www.youtube.com\\\/watch?v=zD3V1gPJrxk&quot;,&quot;video_type&quot;:&quot;youtube&quot;,&quot;controls&quot;:&quot;yes&quot;}\" data-widget_type=\"video.default\">\n\t\t\t\t<div class=\"elementor-widget-container\">\n\t\t\t\t\t<div class=\"elementor-wrapper elementor-open-inline\">\n\t\t\t<div class=\"elementor-video\"><\/div>\t\t<\/div>\n\t\t\t\t<\/div>\n\t\t\t\t<\/div>\n\t\t\t\t<div class=\"elementor-element elementor-element-23eab1ae elementor-widget elementor-widget-text-editor\" data-id=\"23eab1ae\" data-element_type=\"widget\" data-widget_type=\"text-editor.default\">\n\t\t\t\t<div class=\"elementor-widget-container\">\n\t\t\t\t\t\t\t<p>A gaiola de armadilha para pombos grandes \u00e9 indicada para <strong>captura de pombo<\/strong>.<\/p><p>Esta Jaula est\u00e1 fabricada con malla galvanizada, color que atrae a las Palomas, as\u00ed facilitando su captura.<\/p><p>Este producto est\u00e1 indicado <strong>para palomas y diversos animales,<\/strong> estes entrar\u00e3o es<strong>aldr\u00e1n tocando as cortinas de metal para comer o gr\u00e3o que colocamos no ch\u00e3o<\/strong>. Quando o animal estiver confiante, bloquearemos as portas de metal, para que, quando eles entrem para comer, fiquem presos e n\u00e3o tenham chance de escapar.<\/p><h3>Grande amplitude<\/h3><p>A grande largura da gaiola, juntamente com seu sistema de captura, permite que <strong>pegar muitos pombos<\/strong>. Tem um <strong>maneira simples e altamente eficaz de uso<\/strong>.<\/p><p>Se os animais errados forem capturados, esses <strong>pode ser liberado sem sofrer nenhum dano<\/strong>. \u00c9 recomendavel <strong>visita<\/strong> a gaiola de armadilha grande para pombos <strong>diariamente<\/strong> para evitar que as aves sofram fome ou exposi\u00e7\u00e3o.<\/p><p>As cortinas de metal t\u00eam <strong>2 posi\u00e7\u00f5es: Entrada e Sa\u00edda e Somente Entrada.<\/strong> A Entrada \/ Sa\u00edda ser\u00e1 ativada no in\u00edcio para que a Dove fique confiante, para que mais tarde, ao alternar para o modo Somente Entrada, ela fique presa.<\/p><p>As<strong> caracteristicas<\/strong> da gaiola de armadilha para pombos grandes s\u00e3o:<\/p><div class=\"message-box-wrapper green\"><div class=\"message-box-content\"><p><strong>Dimens\u00f5es:<\/strong> 97 x 97 x 26 cm.<\/p><p>*Todos los laterales se fabrican con malla.<\/p><\/div><\/div>\t\t\t\t\t\t<\/div>\n\t\t\t\t<\/div>\n\t\t\t\t\t<\/div>\n\t\t\t\t<\/div>\n\t\t\t\t<\/div>","protected":false},"excerpt":{"rendered":"<p>Esta Jaula Trampa est\u00e1 indicada para Palomas, estas entrar\u00e1n y saldr\u00e1n tocando las cortinas met\u00e1licas para comer el grano que hayamos puesto por el suelo, cuando ya est\u00e9n cebadas bloquearemos las cortinas met\u00e1licas y las Palomas ir\u00e1n entrando confiadas a comer, las cuales ir\u00e1n quedando atrapadas.<\/p>\n<p>Sua amplitude permitir\u00e1 capturar um grande n\u00famero de pombos.<\/p>","protected":false},"featured_media":1152,"comment_status":"closed","ping_status":"closed","template":"","meta":[],"product_brand":[],"product_cat":[122],"product_tag":[652,651],"class_list":{"0":"post-140","1":"product","2":"type-product","3":"status-publish","4":"has-post-thumbnail","6":"product_cat-jaulas-trampa","7":"product_tag-jaulas-trampa","8":"product_tag-jaulas-trampa-palomas","9":"product_shipping_class-jaulas","11":"first","12":"instock","13":"taxable","14":"shipping-taxable","15":"purchasable","16":"product-type-simple"},"_links":{"self":[{"href":"https:\/\/jauteco.com\/pt\/wp-json\/wp\/v2\/product\/140","targetHints":{"allow":["GET"]}}],"collection":[{"href":"https:\/\/jauteco.com\/pt\/wp-json\/wp\/v2\/product"}],"about":[{"href":"https:\/\/jauteco.com\/pt\/wp-json\/wp\/v2\/types\/product"}],"replies":[{"embeddable":true,"href":"https:\/\/jauteco.com\/pt\/wp-json\/wp\/v2\/comments?post=140"}],"version-history":[{"count":0,"href":"https:\/\/jauteco.com\/pt\/wp-json\/wp\/v2\/product\/140\/revisions"}],"wp:featuredmedia":[{"embeddable":true,"href":"https:\/\/jauteco.com\/pt\/wp-json\/wp\/v2\/media\/1152"}],"wp:attachment":[{"href":"https:\/\/jauteco.com\/pt\/wp-json\/wp\/v2\/media?parent=140"}],"wp:term":[{"taxonomy":"product_brand","embeddable":true,"href":"https:\/\/jauteco.com\/pt\/wp-json\/wp\/v2\/product_brand?post=140"},{"taxonomy":"product_cat","embeddable":true,"href":"https:\/\/jauteco.com\/pt\/wp-json\/wp\/v2\/product_cat?post=140"},{"taxonomy":"product_tag","embeddable":true,"href":"https:\/\/jauteco.com\/pt\/wp-json\/wp\/v2\/product_tag?post=140"}],"curies":[{"name":"wp","href":"https:\/\/api.w.org\/{rel}","templated":true}]}}