{"id":142,"date":"2017-03-29T18:49:51","date_gmt":"2017-03-29T18:49:51","guid":{"rendered":"https:\/\/jauteco.com\/?post_type=product&#038;p=142"},"modified":"2026-02-23T14:20:25","modified_gmt":"2026-02-23T14:20:25","slug":"jaula-trampa-aves","status":"publish","type":"product","link":"https:\/\/jauteco.com\/pt\/tienda\/jaula-trampa-aves\/","title":{"rendered":"Armadilha de pombos e aves dom\u00e9sticas"},"content":{"rendered":"<div data-elementor-type=\"product-post\" data-elementor-id=\"142\" class=\"elementor elementor-142\" data-elementor-post-type=\"product\">\n\t\t\t\t\t\t<section class=\"elementor-section elementor-top-section elementor-element elementor-element-151e8d1 elementor-section-boxed elementor-section-height-default elementor-section-height-default\" data-id=\"151e8d1\" data-element_type=\"section\">\n\t\t\t\t\t\t<div class=\"elementor-container elementor-column-gap-default\">\n\t\t\t\t\t<div class=\"elementor-column elementor-col-100 elementor-top-column elementor-element elementor-element-e4d338b\" data-id=\"e4d338b\" data-element_type=\"column\">\n\t\t\t<div class=\"elementor-widget-wrap elementor-element-populated\">\n\t\t\t\t\t\t<div class=\"elementor-element elementor-element-3fc9a6d elementor-widget elementor-widget-video\" data-id=\"3fc9a6d\" data-element_type=\"widget\" data-settings=\"{&quot;youtube_url&quot;:&quot;https:\\\/\\\/www.youtube.com\\\/watch?v=O_OxN83qFPA&quot;,&quot;video_type&quot;:&quot;youtube&quot;,&quot;controls&quot;:&quot;yes&quot;}\" data-widget_type=\"video.default\">\n\t\t\t\t<div class=\"elementor-widget-container\">\n\t\t\t\t\t<div class=\"elementor-wrapper elementor-open-inline\">\n\t\t\t<div class=\"elementor-video\"><\/div>\t\t<\/div>\n\t\t\t\t<\/div>\n\t\t\t\t<\/div>\n\t\t\t\t<div class=\"elementor-element elementor-element-38de068 elementor-widget elementor-widget-text-editor\" data-id=\"38de068\" data-element_type=\"widget\" data-widget_type=\"text-editor.default\">\n\t\t\t\t<div class=\"elementor-widget-container\">\n\t\t\t\t\t\t\t<h2>Armadilha de gaiola Diversos p\u00e1ssaros e pombos<\/h2>\n<p>O&nbsp;<strong>Armadilha de gaiola Diversos p\u00e1ssaros e pombos<\/strong>&nbsp;usa um sistema de ca\u00e7a de aves inovador e eficaz. A armadilha permite capturar o animal&nbsp;<strong>sem a possibilidade de fuga, bem como sem sofrer danos.<\/strong><\/p>\n<p>A opera\u00e7\u00e3o dessa entrada de captura na gaiola de armadilhas para aves e pombos diversos&nbsp;<strong>\u00c9 totalmente mec\u00e2nico e n\u00e3o requer corrente.<\/strong>&nbsp;Eu sei<strong>&nbsp;arma manualmente<\/strong>&nbsp;e sua capacidade de captura \u00e9 de 55 a 60 pombos ou mais, cada vez que \u00e9 carregado, porque<strong>&nbsp;os pombos s\u00e3o depositados na gaiola de armazenamento<\/strong>, que pode variar de acordo com a quantidade de col\u00f4nia a ser tratada.<\/p>\n<p><strong>*JAULA ALMACENAJE CON DEP\u00d3SITO PEQUE\u00d1O 280 Litros: 90 X 90 X 35 cm. (largo x ancho x alto)<\/strong><\/p>\n<p><strong>*JAULA ALMACENAJE CON DEP\u00d3SITO GRANDE 1200 Litros: 100 X 100 X 120 cm. (largo x ancho x alto)<\/strong><\/p>\n<p>Esta gaiola serve comida de isca, pisa no dispositivo e, assim, move automaticamente o pombo para dentro. L\u00e1 est\u00e1 alojado e imediatamente a pr\u00f3pria gaiola novamente serve comida de isca e espera pacientemente pela nova presa.&nbsp;<strong>Pode capturar 55-60 pombos por vez<\/strong>&nbsp;N\u00f3s carregamos a corda<\/p>\n<h2>Sistema de captura mec\u00e2nica<\/h2>\n<p>Essas fun\u00e7\u00f5es s\u00e3o desenvolvidas sem energia el\u00e9trica, porque&nbsp;<strong>\u00e9 totalmente mec\u00e2nico<\/strong>&nbsp;e&nbsp;<strong>resistente \u00e0s intemp\u00e9ries<\/strong>.<\/p>\n<p>As gaiolas de captura s\u00e3o feitas de&nbsp;<strong>medidas diferentes<\/strong>, de acordo com a capacidade desejada. Quanto maior a capacidade da armadilha, mais p\u00e1ssaros podem ser capturados.<\/p>\n<p>A armadilha da gaiola V\u00e1rios p\u00e1ssaros e pombos<strong>&nbsp;est\u00e1 em conformidade com os regulamentos da Lei de Prote\u00e7\u00e3o Animal<\/strong>. \u00c9 aconselh\u00e1vel visitar a armadilha diariamente, bem como&nbsp;<strong>Vamos impedir que o animal passe fome ou sofra exposi\u00e7\u00e3o.<\/strong><\/p>\t\t\t\t\t\t<\/div>\n\t\t\t\t<\/div>\n\t\t\t\t\t<\/div>\n\t\t<\/div>\n\t\t\t\t\t<\/div>\n\t\t<\/section>\n\t\t\t\t<\/div>","protected":false},"excerpt":{"rendered":"<p>Uma entrada de captura de pombo foi projetada exclusivamente para ter sucesso ao usar este sistema de controle (patenteado).<\/p>\n<p>Garante um bom funcionamento e permite capturar um grande n\u00famero de pombos.<\/p>\n<p>Escolha entre as 3 op\u00e7\u00f5es de gaiola de p\u00e1ssaro (todas incluem alimentador):<\/p>","protected":false},"featured_media":143,"comment_status":"closed","ping_status":"closed","template":"","meta":[],"product_brand":[],"product_cat":[122],"product_tag":[652,651],"class_list":{"0":"post-142","1":"product","2":"type-product","3":"status-publish","4":"has-post-thumbnail","6":"product_cat-jaulas-trampa","7":"product_tag-jaulas-trampa","8":"product_tag-jaulas-trampa-palomas","9":"product_shipping_class-jaulas","11":"first","12":"instock","13":"taxable","14":"shipping-taxable","15":"purchasable","16":"product-type-variable","17":"has-default-attributes"},"_links":{"self":[{"href":"https:\/\/jauteco.com\/pt\/wp-json\/wp\/v2\/product\/142","targetHints":{"allow":["GET"]}}],"collection":[{"href":"https:\/\/jauteco.com\/pt\/wp-json\/wp\/v2\/product"}],"about":[{"href":"https:\/\/jauteco.com\/pt\/wp-json\/wp\/v2\/types\/product"}],"replies":[{"embeddable":true,"href":"https:\/\/jauteco.com\/pt\/wp-json\/wp\/v2\/comments?post=142"}],"version-history":[{"count":0,"href":"https:\/\/jauteco.com\/pt\/wp-json\/wp\/v2\/product\/142\/revisions"}],"wp:featuredmedia":[{"embeddable":true,"href":"https:\/\/jauteco.com\/pt\/wp-json\/wp\/v2\/media\/143"}],"wp:attachment":[{"href":"https:\/\/jauteco.com\/pt\/wp-json\/wp\/v2\/media?parent=142"}],"wp:term":[{"taxonomy":"product_brand","embeddable":true,"href":"https:\/\/jauteco.com\/pt\/wp-json\/wp\/v2\/product_brand?post=142"},{"taxonomy":"product_cat","embeddable":true,"href":"https:\/\/jauteco.com\/pt\/wp-json\/wp\/v2\/product_cat?post=142"},{"taxonomy":"product_tag","embeddable":true,"href":"https:\/\/jauteco.com\/pt\/wp-json\/wp\/v2\/product_tag?post=142"}],"curies":[{"name":"wp","href":"https:\/\/api.w.org\/{rel}","templated":true}]}}