{"id":1433,"date":"2017-09-18T10:17:29","date_gmt":"2017-09-18T10:17:29","guid":{"rendered":"https:\/\/jauteco.com\/?post_type=product&#038;p=1433"},"modified":"2026-02-11T10:15:28","modified_gmt":"2026-02-11T10:15:28","slug":"tablilla-propiedad-privada","status":"publish","type":"product","link":"https:\/\/jauteco.com\/pt\/tienda\/tablilla-propiedad-privada\/","title":{"rendered":"Tablilla Propiedad Privada (Espa\u00f1a) 50&#215;33 \u00abRojo\u00bb"},"content":{"rendered":"<h2>Tablilla Propiedad Privada<\/h2>\n<p>Tablilla Propiedad Privada utilizada para la advertencia en Espa\u00f1a con medidas 50\u00d733.<\/p>\n<p>Esta tablilla est\u00e1 marcada para que sea utilizada en Espa\u00f1a,<strong>\u00a0a excepci\u00f3n de las Comunidades Aut\u00f3nomas\u00a0<\/strong>que\u00a0utilizan una propia indicada en su\u00a0<a href=\"https:\/\/jauteco.com\/pt\/senalizacion-cotos-caza\/\">normativo<\/a>.<\/p>\n<p>O tablet tem alguns\u00a0<strong>medidas 50 \u00d7 33<\/strong>, por lo que est\u00e1 agrupada dentro de las de segundo orden. Esta tablilla deber\u00e1 colocarse antes de las de segundo orden, para as\u00ed advertir a las personas del peligro.<\/p>\n<h3>Altamente refor\u00e7ado<\/h3>\n<p>Este tablet \u00e9 feito com um<strong>\u00a0Chapa de a\u00e7o galvanizada altamente refor\u00e7ada<\/strong>. Este material le permite resistir inclemencias meteorol\u00f3gicas, as\u00ed como golpes de los animales.<\/p>\n<p>A compra do\u00a0<a href=\"https:\/\/jauteco.com\/pt\/tienda\/mastil-180-m-incluye-tornillos\/\">mastro\u00a0<\/a>junto com a tala, porque com ela voc\u00ea pode fixar no ch\u00e3o. O Tablet deve\u00a0<strong>sinal em um local vis\u00edvel<\/strong>\u00a0para advertir de encontrarse en Propiedad Privada. Una mala colocaci\u00f3n, puede impedir que la persona pueda ser advertida, adentr\u00e1ndose en la zona y as\u00ed incumpliendo la orden de la tablilla, pudiendo poner en peligro la integridad de las personas.<\/p>\n<p>As cores usadas por este Tablet s\u00e3o as<strong>\u00a0branco, com letras vermelhas<\/strong>. As cores usadas s\u00e3o comuns na tala, ent\u00e3o o humano ver\u00e1 que \u00e9 um aviso importante.<\/p>","protected":false},"excerpt":{"rendered":"<p>Tablilla Propiedad Privada Tablilla Propiedad Privada utilizada para la advertencia en Espa\u00f1a con medidas 50\u00d733. Esta tablilla est\u00e1 marcada para que sea utilizada en Espa\u00f1a,\u00a0a excepci\u00f3n de las Comunidades Aut\u00f3nomas\u00a0que\u00a0utilizan una propia indicada en su\u00a0normativa. La Tablilla tiene unas\u00a0medidas de 50\u00d733, por lo que est\u00e1 agrupada dentro de las de segundo orden. Esta tablilla deber\u00e1 [&hellip;]<\/p>","protected":false},"featured_media":1434,"comment_status":"closed","ping_status":"closed","template":"","meta":[],"product_brand":[],"product_cat":[75],"product_tag":[561,565,559,401],"class_list":{"0":"post-1433","1":"product","2":"type-product","3":"status-publish","4":"has-post-thumbnail","6":"product_cat-tablillas-caza","7":"product_tag-espana","8":"product_tag-propiedad-privada","9":"product_tag-tablillas-de-caza","10":"product_tag-tablillas-caza-1-orden","11":"product_shipping_class-tablillas","13":"first","14":"instock","15":"taxable","16":"shipping-taxable","17":"purchasable","18":"product-type-simple"},"_links":{"self":[{"href":"https:\/\/jauteco.com\/pt\/wp-json\/wp\/v2\/product\/1433","targetHints":{"allow":["GET"]}}],"collection":[{"href":"https:\/\/jauteco.com\/pt\/wp-json\/wp\/v2\/product"}],"about":[{"href":"https:\/\/jauteco.com\/pt\/wp-json\/wp\/v2\/types\/product"}],"replies":[{"embeddable":true,"href":"https:\/\/jauteco.com\/pt\/wp-json\/wp\/v2\/comments?post=1433"}],"version-history":[{"count":0,"href":"https:\/\/jauteco.com\/pt\/wp-json\/wp\/v2\/product\/1433\/revisions"}],"wp:featuredmedia":[{"embeddable":true,"href":"https:\/\/jauteco.com\/pt\/wp-json\/wp\/v2\/media\/1434"}],"wp:attachment":[{"href":"https:\/\/jauteco.com\/pt\/wp-json\/wp\/v2\/media?parent=1433"}],"wp:term":[{"taxonomy":"product_brand","embeddable":true,"href":"https:\/\/jauteco.com\/pt\/wp-json\/wp\/v2\/product_brand?post=1433"},{"taxonomy":"product_cat","embeddable":true,"href":"https:\/\/jauteco.com\/pt\/wp-json\/wp\/v2\/product_cat?post=1433"},{"taxonomy":"product_tag","embeddable":true,"href":"https:\/\/jauteco.com\/pt\/wp-json\/wp\/v2\/product_tag?post=1433"}],"curies":[{"name":"wp","href":"https:\/\/api.w.org\/{rel}","templated":true}]}}