{"id":1436,"date":"2017-09-18T10:31:57","date_gmt":"2017-09-18T10:31:57","guid":{"rendered":"https:\/\/jauteco.com\/?post_type=product&#038;p=1436"},"modified":"2026-02-11T10:15:21","modified_gmt":"2026-02-11T10:15:21","slug":"tablilla-prohibido-paso-espana-50x33","status":"publish","type":"product","link":"https:\/\/jauteco.com\/pt\/tienda\/tablilla-prohibido-paso-espana-50x33\/","title":{"rendered":"Tablet proibido El Paso (Espanha) 50 \u00d7 33"},"content":{"rendered":"<h3>Tablet Proibido invadir<\/h3>\n<p><strong>Tablet Proibido invadir<\/strong>\u00a0utilizado para o aviso em Espanha com as medidas 50 \u00d7 33.<\/p>\n<p>A tala est\u00e1 marcada para ser\u00a0<strong>usado na Espanha,<\/strong>\u00a0Com exce\u00e7\u00e3o das Comunidades Aut\u00f4nomas com tablet pr\u00f3prio que, portanto, utilizar\u00e3o aquele indicado em seu\u00a0<a href=\"https:\/\/jauteco.com\/pt\/senalizacion-cotos-caza\/\">normativo<\/a>.<\/p>\n<p>O tablet tem alguns\u00a0<strong>medidas 50 \u00d7 33<\/strong>, por isso \u00e9 agrupado dentro dos<strong>\u00a0primeira ordem<\/strong>. Este tablet deve ser colocado antes da segunda ordem, para\u00a0<strong>aviso de perigo<\/strong>\u00a0\u00e0s pessoas.<\/p>\n<h3>Altamente refor\u00e7ado<\/h3>\n<p>Este tablet \u00e9 feito com um<strong>\u00a0Chapa de a\u00e7o galvanizada altamente refor\u00e7ada<\/strong>. Este material permite que voc\u00ea\u00a0<strong>suportar condi\u00e7\u00f5es clim\u00e1ticas adversas<\/strong>bem como golpes de animais.<\/p>\n<p>\u00c9\u00a0<strong>recomendou a compra de<\/strong>\u00a0<a href=\"https:\/\/jauteco.com\/pt\/tienda\/mastil-180-m-incluye-tornillos\/\">mastro<\/a>\u00a0junto com o tablet, porque com ele\u00a0<strong>pode ser fixado no ch\u00e3o<\/strong>. O Tablet\u00a0<strong>deve sinalizar em um local vis\u00edvel<\/strong>\u00a0para avisar que a passagem n\u00e3o \u00e9 permitida.<strong>\u00a0Um mau posicionamento pode impedir que a pessoa seja avisada<\/strong>, entrando na \u00e1rea e colocando em risco sua integridade<\/p>\n<p>O<strong>\u00a0As cores usadas por este Tablet s\u00e3o brancas, com as letras vermelhas.<\/strong>\u00a0As cores usadas s\u00e3o comuns no tablet, para que o ser humano, ao v\u00ea-lo, saiba que \u00e9 um aviso importante.<\/p>","protected":false},"excerpt":{"rendered":"<p>Tablilla Prohibido el Paso Tablilla Prohibido el Paso\u00a0utilizada para la advertencia en Espa\u00f1a con medidas 50\u00d733. El tablilla est\u00e1 marcada para que sea\u00a0utilizada en Espa\u00f1a,\u00a0a excepci\u00f3n las Comunidades Aut\u00f3nomas con una tablilla propia que as\u00ed utilizar\u00e1n la indicada en su\u00a0normativa. La Tablilla tiene unas\u00a0medidas de 50\u00d733, por lo que est\u00e1 agrupada dentro de las de\u00a0primer [&hellip;]<\/p>","protected":false},"featured_media":1437,"comment_status":"closed","ping_status":"closed","template":"","meta":[],"product_brand":[],"product_cat":[75],"product_tag":[561,566,559,401],"class_list":{"0":"post-1436","1":"product","2":"type-product","3":"status-publish","4":"has-post-thumbnail","6":"product_cat-tablillas-caza","7":"product_tag-espana","8":"product_tag-prohibido-el-paso","9":"product_tag-tablillas-de-caza","10":"product_tag-tablillas-caza-1-orden","11":"product_shipping_class-tablillas","13":"first","14":"instock","15":"taxable","16":"shipping-taxable","17":"purchasable","18":"product-type-simple"},"_links":{"self":[{"href":"https:\/\/jauteco.com\/pt\/wp-json\/wp\/v2\/product\/1436","targetHints":{"allow":["GET"]}}],"collection":[{"href":"https:\/\/jauteco.com\/pt\/wp-json\/wp\/v2\/product"}],"about":[{"href":"https:\/\/jauteco.com\/pt\/wp-json\/wp\/v2\/types\/product"}],"replies":[{"embeddable":true,"href":"https:\/\/jauteco.com\/pt\/wp-json\/wp\/v2\/comments?post=1436"}],"version-history":[{"count":0,"href":"https:\/\/jauteco.com\/pt\/wp-json\/wp\/v2\/product\/1436\/revisions"}],"wp:featuredmedia":[{"embeddable":true,"href":"https:\/\/jauteco.com\/pt\/wp-json\/wp\/v2\/media\/1437"}],"wp:attachment":[{"href":"https:\/\/jauteco.com\/pt\/wp-json\/wp\/v2\/media?parent=1436"}],"wp:term":[{"taxonomy":"product_brand","embeddable":true,"href":"https:\/\/jauteco.com\/pt\/wp-json\/wp\/v2\/product_brand?post=1436"},{"taxonomy":"product_cat","embeddable":true,"href":"https:\/\/jauteco.com\/pt\/wp-json\/wp\/v2\/product_cat?post=1436"},{"taxonomy":"product_tag","embeddable":true,"href":"https:\/\/jauteco.com\/pt\/wp-json\/wp\/v2\/product_tag?post=1436"}],"curies":[{"name":"wp","href":"https:\/\/api.w.org\/{rel}","templated":true}]}}