{"id":1445,"date":"2017-09-18T10:56:43","date_gmt":"2017-09-18T10:56:43","guid":{"rendered":"https:\/\/jauteco.com\/?post_type=product&#038;p=1445"},"modified":"2026-02-11T10:15:01","modified_gmt":"2026-02-11T10:15:01","slug":"tablilla-atencio-abelles-catalunya-50x33","status":"publish","type":"product","link":"https:\/\/jauteco.com\/pt\/tienda\/tablilla-atencio-abelles-catalunya-50x33\/","title":{"rendered":"Ripa de madeira ATEN\u00c7\u00c3O! ABELLES (Catalunha) 50 \u00d7 33"},"content":{"rendered":"<h2>Aten\u00e7\u00e3o Tablet! Abelles<\/h2>\n<p>Aten\u00e7\u00e3o Tablet! Abelles usado para o aviso na Catalunha com medidas 50 \u00d7 33.<\/p>\n<p>Os regulamentos indicam que este tablet \u00e9\u00a0<strong>usado na Catalunha, sendo diferente do usado no resto da Espanha<\/strong> indicado em seu\u00a0<a href=\"https:\/\/jauteco.com\/pt\/senalizacion-cotos-caza\/\">normativo<\/a>.<\/p>\n<p>O tablet tem alguns\u00a0<strong>medidas 50 \u00d7 33<\/strong>, portanto, \u00e9 agrupado no primeiro pedido. Este tablet deve ser colocado antes do segundo pedido, para informar as pessoas.<\/p>\n<h3>Altamente refor\u00e7ado<\/h3>\n<p>Este produto \u00e9 fabricado com um<strong>\u00a0Chapa de a\u00e7o galvanizada altamente refor\u00e7ada<\/strong>. Este material permite suportar intemp\u00e9ries, bem como golpes de animais.<\/p>\n<p>A compra do <a href=\"https:\/\/jauteco.com\/pt\/tienda\/mastil-180-m-incluye-tornillos\/\">mastro\u00a0<\/a>junto com a tala, porque com ela voc\u00ea pode fixar no ch\u00e3o. O Tablet deve\u00a0<strong>sinal em um local vis\u00edvel<\/strong>\u00a0para alertar sobre o perigo das abelhas. A m\u00e1 coloca\u00e7\u00e3o da tala pode impedir a pessoa de ser avisada, de entrar na \u00e1rea e colocar em risco sua integridade.<\/p>\n<p>As cores usadas por este Tablet s\u00e3o as<strong> amarelo, com letras pretas<\/strong>. Esses indiv\u00edduos<strong> cores, n\u00e3o comuns em pranchas<\/strong>, pelo que <strong>Eles s\u00e3o marcantes para os olhos e, portanto, fixar\u00e3o a aten\u00e7\u00e3o do humano\u00a0<\/strong>para avis\u00e1-lo do perigo das abelhas.<\/p>","protected":false},"excerpt":{"rendered":"<p>Para grandes or\u00e7amentos, entre em contato conosco pelo 964 60 23 59 ou envie um e-mail para: info@jauteco.com.<\/p>","protected":false},"featured_media":1446,"comment_status":"closed","ping_status":"closed","template":"","meta":[],"product_brand":[],"product_cat":[75],"product_tag":[569,560,559,401],"class_list":{"0":"post-1445","1":"product","2":"type-product","3":"status-publish","4":"has-post-thumbnail","6":"product_cat-tablillas-caza","7":"product_tag-atencio-abelles","8":"product_tag-catalunya","9":"product_tag-tablillas-de-caza","10":"product_tag-tablillas-caza-1-orden","11":"product_shipping_class-tablillas","13":"first","14":"instock","15":"taxable","16":"shipping-taxable","17":"purchasable","18":"product-type-simple"},"_links":{"self":[{"href":"https:\/\/jauteco.com\/pt\/wp-json\/wp\/v2\/product\/1445","targetHints":{"allow":["GET"]}}],"collection":[{"href":"https:\/\/jauteco.com\/pt\/wp-json\/wp\/v2\/product"}],"about":[{"href":"https:\/\/jauteco.com\/pt\/wp-json\/wp\/v2\/types\/product"}],"replies":[{"embeddable":true,"href":"https:\/\/jauteco.com\/pt\/wp-json\/wp\/v2\/comments?post=1445"}],"version-history":[{"count":0,"href":"https:\/\/jauteco.com\/pt\/wp-json\/wp\/v2\/product\/1445\/revisions"}],"wp:featuredmedia":[{"embeddable":true,"href":"https:\/\/jauteco.com\/pt\/wp-json\/wp\/v2\/media\/1446"}],"wp:attachment":[{"href":"https:\/\/jauteco.com\/pt\/wp-json\/wp\/v2\/media?parent=1445"}],"wp:term":[{"taxonomy":"product_brand","embeddable":true,"href":"https:\/\/jauteco.com\/pt\/wp-json\/wp\/v2\/product_brand?post=1445"},{"taxonomy":"product_cat","embeddable":true,"href":"https:\/\/jauteco.com\/pt\/wp-json\/wp\/v2\/product_cat?post=1445"},{"taxonomy":"product_tag","embeddable":true,"href":"https:\/\/jauteco.com\/pt\/wp-json\/wp\/v2\/product_tag?post=1445"}],"curies":[{"name":"wp","href":"https:\/\/api.w.org\/{rel}","templated":true}]}}