{"id":1452,"date":"2017-09-18T11:25:20","date_gmt":"2017-09-18T11:25:20","guid":{"rendered":"https:\/\/jauteco.com\/?post_type=product&#038;p=1452"},"modified":"2026-02-11T10:14:36","modified_gmt":"2026-02-11T10:14:36","slug":"tablilla-perill-camp-tir-30x20","status":"publish","type":"product","link":"https:\/\/jauteco.com\/pt\/tienda\/tablilla-perill-camp-tir-30x20\/","title":{"rendered":"Ripa de Tir Perill Camp 30 \u00d7 20"},"content":{"rendered":"<h2>Tablilla Perill Camp de Tir<\/h2>\n<p>Tablilla Perill Camp de Tir utilizada para la advertencia en zonas catalano-parlantes con medidas 30\u00d720.<\/p>\n<p>Este tablet est\u00e1 marcado para ser\u00a0<strong>\u00c1reas de l\u00edngua catal\u00e3, sendo diferente da usada no resto da Espanha\u00a0<\/strong>que usar\u00e1 o indicado em seu\u00a0<a href=\"https:\/\/jauteco.com\/pt\/senalizacion-cotos-caza\/\">normativo<\/a>.<\/p>\n<p>O tablet tem alguns\u00a0<strong>medidas 30 \u00d7 20<\/strong>, portanto, \u00e9 agrupado na segunda ordem. Este tablet deve ser colocado ap\u00f3s o primeiro pedido, para informar as pessoas.<\/p>\n<h3>Altamente refor\u00e7ado<\/h3>\n<p>Este tablet \u00e9 feito com um<strong>\u00a0Chapa de a\u00e7o galvanizada altamente refor\u00e7ada<\/strong>. Este material permite suportar intemp\u00e9ries, bem como golpes de animais.<\/p>\n<p>A compra do\u00a0<a href=\"https:\/\/jauteco.com\/pt\/tienda\/mastil-180-m-incluye-tornillos\/\">mastro<\/a>\u00a0junto com a tala, porque com ela voc\u00ea pode fixar no ch\u00e3o. O Tablet deve\u00a0<strong>sinal em um local vis\u00edvel<\/strong>\u00a0para advertir del peligro por campo de tiro. Una mala colocaci\u00f3n, puede impedir que la persona pueda ser advertida, adentr\u00e1ndose en la zona y as\u00ed poniendo en riesgo su integridad.<\/p>\n<p>As cores usadas por este Tablet s\u00e3o as<strong>\u00a0branco, com letras vermelhas<\/strong>. As cores usadas s\u00e3o comuns na tala, ent\u00e3o o humano ver\u00e1 que \u00e9 um aviso importante.<\/p>","protected":false},"excerpt":{"rendered":"<p>Para grandes or\u00e7amentos, entre em contato conosco pelo 964 60 23 59 ou envie um e-mail para: info@jauteco.com.<\/p>","protected":false},"featured_media":1453,"comment_status":"closed","ping_status":"closed","template":"","meta":[],"product_brand":[],"product_cat":[75],"product_tag":[572,559,402],"class_list":{"0":"post-1452","1":"product","2":"type-product","3":"status-publish","4":"has-post-thumbnail","6":"product_cat-tablillas-caza","7":"product_tag-perill-camp-de-tir","8":"product_tag-tablillas-de-caza","9":"product_tag-tablillas-caza-2-orden","10":"product_shipping_class-tablillas","12":"first","13":"instock","14":"taxable","15":"shipping-taxable","16":"purchasable","17":"product-type-simple"},"_links":{"self":[{"href":"https:\/\/jauteco.com\/pt\/wp-json\/wp\/v2\/product\/1452","targetHints":{"allow":["GET"]}}],"collection":[{"href":"https:\/\/jauteco.com\/pt\/wp-json\/wp\/v2\/product"}],"about":[{"href":"https:\/\/jauteco.com\/pt\/wp-json\/wp\/v2\/types\/product"}],"replies":[{"embeddable":true,"href":"https:\/\/jauteco.com\/pt\/wp-json\/wp\/v2\/comments?post=1452"}],"version-history":[{"count":0,"href":"https:\/\/jauteco.com\/pt\/wp-json\/wp\/v2\/product\/1452\/revisions"}],"wp:featuredmedia":[{"embeddable":true,"href":"https:\/\/jauteco.com\/pt\/wp-json\/wp\/v2\/media\/1453"}],"wp:attachment":[{"href":"https:\/\/jauteco.com\/pt\/wp-json\/wp\/v2\/media?parent=1452"}],"wp:term":[{"taxonomy":"product_brand","embeddable":true,"href":"https:\/\/jauteco.com\/pt\/wp-json\/wp\/v2\/product_brand?post=1452"},{"taxonomy":"product_cat","embeddable":true,"href":"https:\/\/jauteco.com\/pt\/wp-json\/wp\/v2\/product_cat?post=1452"},{"taxonomy":"product_tag","embeddable":true,"href":"https:\/\/jauteco.com\/pt\/wp-json\/wp\/v2\/product_tag?post=1452"}],"curies":[{"name":"wp","href":"https:\/\/api.w.org\/{rel}","templated":true}]}}