{"id":1471,"date":"2017-09-19T08:39:13","date_gmt":"2017-09-19T08:39:13","guid":{"rendered":"https:\/\/jauteco.com\/?post_type=product&#038;p=1471"},"modified":"2026-02-11T10:13:33","modified_gmt":"2026-02-11T10:13:33","slug":"tablilla-grafico-escopeta-catalunya-30x20","status":"publish","type":"product","link":"https:\/\/jauteco.com\/pt\/tienda\/tablilla-grafico-escopeta-catalunya-30x20\/","title":{"rendered":"Tablet gr\u00e1fico de espingarda (Catalunha) 30 \u00d7 20"},"content":{"rendered":"<h2>Tablilla Gr\u00e1fico Escopeta<\/h2>\n<p>Tablilla Gr\u00e1fico Escopeta utilizada para la advertencia en Catalu\u00f1a con medidas 30\u00d720.<\/p>\n<p>O idioma deste tablet permite que ele seja\u00a0<strong>utilizada en las Catalu\u00f1a, siendo diferente a la utilizada en el resto de Espa\u00f1a\u00a0<\/strong>que\u00a0utilizar\u00e1n la indicada en la<a href=\"https:\/\/jauteco.com\/pt\/senalizacion-cotos-caza\/\"> normativa de su Comunidad Aut\u00f3noma<\/a>.<\/p>\n<p>O tablet tem alguns\u00a0<strong>medidas 30 \u00d7 20<\/strong>, por isso \u00e9 agrupado na segunda ordem.<\/p>\n<h3>Altamente refor\u00e7ado<\/h3>\n<p>Este tablet \u00e9 feito com um<strong>\u00a0Chapa de a\u00e7o galvanizada altamente refor\u00e7ada<\/strong>. Este material permite suportar intemp\u00e9ries.<\/p>\n<p>A compra do\u00a0<a href=\"https:\/\/jauteco.com\/pt\/tienda\/mastil-180-m-incluye-tornillos\/\">mastro\u00a0<\/a>junto com a tala, porque com ela voc\u00ea pode fixar no ch\u00e3o. O Tablet deve\u00a0<strong>sinal em um local vis\u00edvel<\/strong>\u00a0para advertir del peligro. Una mala colocaci\u00f3n, puede impedir que la persona pueda ser advertida, adentr\u00e1ndose en la zona y as\u00ed poniendo en riesgo su integridad.<\/p>\n<p>As cores usadas por este Tablet s\u00e3o as<strong>\u00a0branco, com letras pretas<\/strong>. El dibujo de la escopeta en el centro, indica el peligro que tiene adentrarse en la zona, por la posibilidad del uso de escopeta.<\/p>","protected":false},"excerpt":{"rendered":"<p>Para grandes or\u00e7amentos, entre em contato conosco pelo 964 60 23 59 ou envie um e-mail para: info@jauteco.com.<\/p>","protected":false},"featured_media":1472,"comment_status":"closed","ping_status":"closed","template":"","meta":[],"product_brand":[],"product_cat":[75],"product_tag":[560,579,559,402],"class_list":{"0":"post-1471","1":"product","2":"type-product","3":"status-publish","4":"has-post-thumbnail","6":"product_cat-tablillas-caza","7":"product_tag-catalunya","8":"product_tag-grafico-escopeta","9":"product_tag-tablillas-de-caza","10":"product_tag-tablillas-caza-2-orden","11":"product_shipping_class-tablillas","13":"first","14":"instock","15":"taxable","16":"shipping-taxable","17":"purchasable","18":"product-type-simple"},"_links":{"self":[{"href":"https:\/\/jauteco.com\/pt\/wp-json\/wp\/v2\/product\/1471","targetHints":{"allow":["GET"]}}],"collection":[{"href":"https:\/\/jauteco.com\/pt\/wp-json\/wp\/v2\/product"}],"about":[{"href":"https:\/\/jauteco.com\/pt\/wp-json\/wp\/v2\/types\/product"}],"replies":[{"embeddable":true,"href":"https:\/\/jauteco.com\/pt\/wp-json\/wp\/v2\/comments?post=1471"}],"version-history":[{"count":0,"href":"https:\/\/jauteco.com\/pt\/wp-json\/wp\/v2\/product\/1471\/revisions"}],"wp:featuredmedia":[{"embeddable":true,"href":"https:\/\/jauteco.com\/pt\/wp-json\/wp\/v2\/media\/1472"}],"wp:attachment":[{"href":"https:\/\/jauteco.com\/pt\/wp-json\/wp\/v2\/media?parent=1471"}],"wp:term":[{"taxonomy":"product_brand","embeddable":true,"href":"https:\/\/jauteco.com\/pt\/wp-json\/wp\/v2\/product_brand?post=1471"},{"taxonomy":"product_cat","embeddable":true,"href":"https:\/\/jauteco.com\/pt\/wp-json\/wp\/v2\/product_cat?post=1471"},{"taxonomy":"product_tag","embeddable":true,"href":"https:\/\/jauteco.com\/pt\/wp-json\/wp\/v2\/product_tag?post=1471"}],"curies":[{"name":"wp","href":"https:\/\/api.w.org\/{rel}","templated":true}]}}