{"id":1480,"date":"2017-09-19T09:46:39","date_gmt":"2017-09-19T09:46:39","guid":{"rendered":"https:\/\/jauteco.com\/?post_type=product&#038;p=1480"},"modified":"2026-02-11T10:13:25","modified_gmt":"2026-02-11T10:13:25","slug":"tablilla-refugio-perdiz-espana-30x20","status":"publish","type":"product","link":"https:\/\/jauteco.com\/pt\/tienda\/tablilla-refugio-perdiz-espana-30x20\/","title":{"rendered":"Perdiz Shelter Tablet (Espanha) 30 \u00d7 20"},"content":{"rendered":"<h2>Tablilla Refugio de Perdiz<\/h2>\n<p>Tablilla Refugio de Perdiz utilizada para la advertencia en Espa\u00f1a con medidas 30\u00d720.<\/p>\n<p>Esta tala \u00e9 marcada para uso em\u00a0<strong>Espa\u00f1a, siendo usada en todas las Comunidades Aut\u00f3nomas a excepci\u00f3n de las que cuenten con una propia\u00a0<\/strong>que usar\u00e1 o indicado em seu\u00a0<a href=\"https:\/\/jauteco.com\/pt\/senalizacion-cotos-caza\/\">normativo<\/a>.<\/p>\n<p>O tablet tem alguns\u00a0<strong>medidas 30 \u00d7 20<\/strong>, por isso \u00e9 agrupado na segunda ordem.<\/p>\n<h3>Altamente refor\u00e7ado<\/h3>\n<p>Este tablet \u00e9 feito com um<strong>\u00a0Chapa de a\u00e7o galvanizada altamente refor\u00e7ada<\/strong>. Este material permite suportar intemp\u00e9ries.<\/p>\n<p>A compra do\u00a0<a href=\"https:\/\/jauteco.com\/pt\/tienda\/mastil-180-m-incluye-tornillos\/\">mastro\u00a0<\/a>junto com a tala, porque com ela voc\u00ea pode fixar no ch\u00e3o. O Tablet deve\u00a0<strong>sinal em um local vis\u00edvel<\/strong>\u00a0para advertir de Refugio de Perdiz. Una mala colocaci\u00f3n, puede impedir que la persona pueda ser advertida, adentr\u00e1ndose en la zona y as\u00ed incumpliendo la orden de la tablilla.<\/p>\n<p>As cores usadas por este Tablet s\u00e3o as<strong>\u00a0rojo, con las letras de color blanco<\/strong>. As cores usadas s\u00e3o comuns na tala, ent\u00e3o o humano ver\u00e1 que \u00e9 um aviso importante.<\/p>","protected":false},"excerpt":{"rendered":"<p>Para grandes cantidades, cont\u00e1ctenos por tel\u00e9fono \u00f3 e-mail para pedirnos presupuesto.<\/p>","protected":false},"featured_media":1482,"comment_status":"closed","ping_status":"closed","template":"","meta":[],"product_brand":[],"product_cat":[75],"product_tag":[561,586,567,402],"class_list":{"0":"post-1480","1":"product","2":"type-product","3":"status-publish","4":"has-post-thumbnail","6":"product_cat-tablillas-caza","7":"product_tag-espana","8":"product_tag-refugio-de-perdiz","9":"product_tag-tablilla-de-caza","10":"product_tag-tablillas-caza-2-orden","11":"product_shipping_class-tablillas","13":"first","14":"instock","15":"taxable","16":"shipping-taxable","17":"purchasable","18":"product-type-simple"},"_links":{"self":[{"href":"https:\/\/jauteco.com\/pt\/wp-json\/wp\/v2\/product\/1480","targetHints":{"allow":["GET"]}}],"collection":[{"href":"https:\/\/jauteco.com\/pt\/wp-json\/wp\/v2\/product"}],"about":[{"href":"https:\/\/jauteco.com\/pt\/wp-json\/wp\/v2\/types\/product"}],"replies":[{"embeddable":true,"href":"https:\/\/jauteco.com\/pt\/wp-json\/wp\/v2\/comments?post=1480"}],"version-history":[{"count":0,"href":"https:\/\/jauteco.com\/pt\/wp-json\/wp\/v2\/product\/1480\/revisions"}],"wp:featuredmedia":[{"embeddable":true,"href":"https:\/\/jauteco.com\/pt\/wp-json\/wp\/v2\/media\/1482"}],"wp:attachment":[{"href":"https:\/\/jauteco.com\/pt\/wp-json\/wp\/v2\/media?parent=1480"}],"wp:term":[{"taxonomy":"product_brand","embeddable":true,"href":"https:\/\/jauteco.com\/pt\/wp-json\/wp\/v2\/product_brand?post=1480"},{"taxonomy":"product_cat","embeddable":true,"href":"https:\/\/jauteco.com\/pt\/wp-json\/wp\/v2\/product_cat?post=1480"},{"taxonomy":"product_tag","embeddable":true,"href":"https:\/\/jauteco.com\/pt\/wp-json\/wp\/v2\/product_tag?post=1480"}],"curies":[{"name":"wp","href":"https:\/\/api.w.org\/{rel}","templated":true}]}}