{"id":1492,"date":"2017-09-19T10:42:06","date_gmt":"2017-09-19T10:42:06","guid":{"rendered":"https:\/\/jauteco.com\/?post_type=product&#038;p=1492"},"modified":"2026-02-11T10:10:21","modified_gmt":"2026-02-11T10:10:21","slug":"zona-reserva-castilla-la-mancha-20x20","status":"publish","type":"product","link":"https:\/\/jauteco.com\/pt\/tienda\/zona-reserva-castilla-la-mancha-20x20\/","title":{"rendered":"Zona de reserva de mesa (Castilla la Mancha) 20 \u00d7 20"},"content":{"rendered":"<h2>Tablilla Zona de Reserva<\/h2>\n<p>Tablilla Zona de Reserva utilizada para la advertencia en Castilla la Mancha con medidas 20\u00d720.<\/p>\n<p>Este tablet est\u00e1 marcado para ser\u00a0<strong>utilizada en Castilla la Mancha, siendo diferente a la utilizada en el resto de Espa\u00f1a\u00a0<\/strong>que usar\u00e1 o indicado em seu\u00a0<a href=\"https:\/\/jauteco.com\/pt\/senalizacion-cotos-caza\/\">normativo<\/a>.<\/p>\n<p>O tablet tem alguns\u00a0<strong>medidas de 20\u00d720<\/strong>, por isso \u00e9 agrupado na segunda ordem.<\/p>\n<h3>Altamente refor\u00e7ado<\/h3>\n<p>Este tablet \u00e9 feito com um<strong>\u00a0Chapa de a\u00e7o galvanizada altamente refor\u00e7ada<\/strong>. Este material permite suportar intemp\u00e9ries.<\/p>\n<p>A compra do\u00a0<a href=\"https:\/\/jauteco.com\/pt\/tienda\/mastil-180-m-incluye-tornillos\/\">mastro\u00a0<\/a>junto com a tala, porque com ela voc\u00ea pode fixar no ch\u00e3o. O Tablet deve\u00a0<strong>sinal em um local vis\u00edvel<\/strong>\u00a0para advertir de<strong> Zona de Reserva<\/strong>. Una mala colocaci\u00f3n, puede<strong> impedir que la persona pueda ser advertida,<\/strong> adentr\u00e1ndose en la zona y as\u00ed poniendo en riesgo su integridad.<\/p>\n<p>Los colores utilizados por esta Tablilla son colores blancos y negros. C\u00edrculo en blanco (SIN LEYENDA) sobre Fondo negro.<\/p>","protected":false},"excerpt":{"rendered":"<p>Para grandes cantidades, cont\u00e1ctenos por tel\u00e9fono \u00f3 e-mail para pedirnos presupuesto.<\/p>","protected":false},"featured_media":4130,"comment_status":"closed","ping_status":"closed","template":"","meta":[],"product_brand":[],"product_cat":[75],"product_tag":[591,567,402,592],"class_list":{"0":"post-1492","1":"product","2":"type-product","3":"status-publish","4":"has-post-thumbnail","6":"product_cat-tablillas-caza","7":"product_tag-castilla-la-mancha","8":"product_tag-tablilla-de-caza","9":"product_tag-tablillas-caza-2-orden","10":"product_tag-zona-de-reserva","11":"product_shipping_class-tablillas","13":"first","14":"instock","15":"taxable","16":"shipping-taxable","17":"purchasable","18":"product-type-simple"},"_links":{"self":[{"href":"https:\/\/jauteco.com\/pt\/wp-json\/wp\/v2\/product\/1492","targetHints":{"allow":["GET"]}}],"collection":[{"href":"https:\/\/jauteco.com\/pt\/wp-json\/wp\/v2\/product"}],"about":[{"href":"https:\/\/jauteco.com\/pt\/wp-json\/wp\/v2\/types\/product"}],"replies":[{"embeddable":true,"href":"https:\/\/jauteco.com\/pt\/wp-json\/wp\/v2\/comments?post=1492"}],"version-history":[{"count":0,"href":"https:\/\/jauteco.com\/pt\/wp-json\/wp\/v2\/product\/1492\/revisions"}],"wp:featuredmedia":[{"embeddable":true,"href":"https:\/\/jauteco.com\/pt\/wp-json\/wp\/v2\/media\/4130"}],"wp:attachment":[{"href":"https:\/\/jauteco.com\/pt\/wp-json\/wp\/v2\/media?parent=1492"}],"wp:term":[{"taxonomy":"product_brand","embeddable":true,"href":"https:\/\/jauteco.com\/pt\/wp-json\/wp\/v2\/product_brand?post=1492"},{"taxonomy":"product_cat","embeddable":true,"href":"https:\/\/jauteco.com\/pt\/wp-json\/wp\/v2\/product_cat?post=1492"},{"taxonomy":"product_tag","embeddable":true,"href":"https:\/\/jauteco.com\/pt\/wp-json\/wp\/v2\/product_tag?post=1492"}],"curies":[{"name":"wp","href":"https:\/\/api.w.org\/{rel}","templated":true}]}}