{"id":150,"date":"2017-03-29T19:18:14","date_gmt":"2017-03-29T19:18:14","guid":{"rendered":"https:\/\/jauteco.com\/?post_type=product&#038;p=150"},"modified":"2026-01-30T13:57:13","modified_gmt":"2026-01-30T13:57:13","slug":"jaula-trampa-roedores","status":"publish","type":"product","link":"https:\/\/jauteco.com\/pt\/tienda\/jaula-trampa-roedores\/","title":{"rendered":"Armadilha para roedores"},"content":{"rendered":"<h2>Armadilha para roedores<\/h2>\n<p><strong>A armadilha para roedores destina-se \u00e0 captura de roedores m\u00e9dios e grandes,\u00a0<\/strong>atrav\u00e9s de um sistema altamente eficaz.<\/p>\n<p>O m\u00e9todo de uso do sistema \u00e9 simples, mas eficiente. Quando o roedor entra na gaiola, ele pisar\u00e1 no balancim e a porta ser\u00e1 fechada, ent\u00e3o<strong>O animal ficar\u00e1 preso sem op\u00e7\u00e3o de escapar e sem sofrer nenhum dano.<\/strong><\/p>\n<p>Coloque um <strong>comida que atrai o animal<\/strong> que queremos capturar \u00e9 altamente recomendado, pois isso vir\u00e1 para ele. No caso de roedores, o queijo \u00e9 recomendado, pois \u00e9 muito atraente.<\/p>\n<p>Armadilha para roedores\u00a0<strong>est\u00e1 em conformidade com todos os regulamentos da Lei de Prote\u00e7\u00e3o Animal<\/strong>. \u00c9 recomendavel\u00a0<strong>visite a gaiola todos os dias (aprox.),<\/strong>\u00a0para evitar que o roedor capturado passe fome ou sofra exposi\u00e7\u00e3o.<\/p>\n<p>Seu tamanho e seu baixo peso (menos de 1 kg), juntamente com a al\u00e7a que carrega na parte superior, permitem <strong>transporte f\u00e1cil<\/strong> de lugar. Sendo indicado tanto para espa\u00e7os abertos quanto para lugares fechados.<\/p>\n<p>A gaiola da armadilha para roedores tem o seguinte <strong>caracteristicas:<\/strong><\/p>\n<p><strong>Dimens\u00f5es:<\/strong> 50 x 15 x 18 Cm. (largo x ancho x alto)<\/p>\n<div class=\"message-box-wrapper green\">\n<div class=\"message-box-content\">\n<p><strong>Peso: <\/strong>0,8 kg<\/p>\n<\/div>\n<\/div>\n<p><strong>Nota:<\/strong> Essa armadilha seletiva respeita qualquer norma ou legisla\u00e7\u00e3o sobre o tratamento de animais.<\/p>\n<p>Se o animal errado for capturado, ele poder\u00e1 ser liberado sem sofrer nenhum dano.<\/p>\n<p>.<\/p>","protected":false},"excerpt":{"rendered":"<p>Gaiola de captura para captura de roedores m\u00e9dios e grandes.<\/p>\n<p>&nbsp;<\/p>\n<p><strong><span style=\"color: #ff0000;\">\u00a1Novedad!<\/span> <a href=\"\/pt\/tienda\/avisador-sms-jaulas-trampa\/\">Avisador Cierre Puertas para Jaulas Trampa<\/a><\/strong> Recibe una alerta en tu m\u00f3vil cada vez que las puertas se cierren y ahorra viajes innecesarios.<\/p>","protected":false},"featured_media":1116,"comment_status":"closed","ping_status":"closed","template":"","meta":[],"product_brand":[],"product_cat":[122],"product_tag":[654,659,652],"class_list":{"0":"post-150","1":"product","2":"type-product","3":"status-publish","4":"has-post-thumbnail","6":"product_cat-jaulas-trampa","7":"product_tag-jaula-trampa","8":"product_tag-jaula-trampa-mamiferos","9":"product_tag-jaulas-trampa","10":"product_shipping_class-jaulas","12":"first","13":"instock","14":"taxable","15":"shipping-taxable","16":"purchasable","17":"product-type-simple"},"_links":{"self":[{"href":"https:\/\/jauteco.com\/pt\/wp-json\/wp\/v2\/product\/150","targetHints":{"allow":["GET"]}}],"collection":[{"href":"https:\/\/jauteco.com\/pt\/wp-json\/wp\/v2\/product"}],"about":[{"href":"https:\/\/jauteco.com\/pt\/wp-json\/wp\/v2\/types\/product"}],"replies":[{"embeddable":true,"href":"https:\/\/jauteco.com\/pt\/wp-json\/wp\/v2\/comments?post=150"}],"version-history":[{"count":0,"href":"https:\/\/jauteco.com\/pt\/wp-json\/wp\/v2\/product\/150\/revisions"}],"wp:featuredmedia":[{"embeddable":true,"href":"https:\/\/jauteco.com\/pt\/wp-json\/wp\/v2\/media\/1116"}],"wp:attachment":[{"href":"https:\/\/jauteco.com\/pt\/wp-json\/wp\/v2\/media?parent=150"}],"wp:term":[{"taxonomy":"product_brand","embeddable":true,"href":"https:\/\/jauteco.com\/pt\/wp-json\/wp\/v2\/product_brand?post=150"},{"taxonomy":"product_cat","embeddable":true,"href":"https:\/\/jauteco.com\/pt\/wp-json\/wp\/v2\/product_cat?post=150"},{"taxonomy":"product_tag","embeddable":true,"href":"https:\/\/jauteco.com\/pt\/wp-json\/wp\/v2\/product_tag?post=150"}],"curies":[{"name":"wp","href":"https:\/\/api.w.org\/{rel}","templated":true}]}}