{"id":1506,"date":"2017-09-20T07:54:51","date_gmt":"2017-09-20T07:54:51","guid":{"rendered":"https:\/\/jauteco.com\/?post_type=product&#038;p=1506"},"modified":"2026-02-09T09:31:50","modified_gmt":"2026-02-09T09:31:50","slug":"tablilla-fin-zona-codorniz-espana-30x20","status":"publish","type":"product","link":"https:\/\/jauteco.com\/pt\/tienda\/tablilla-fin-zona-codorniz-espana-30x20\/","title":{"rendered":"Placa final Zona Codorniz (Espanha) 30 \u00d7 20"},"content":{"rendered":"<h2>Tablilla Fin Zona Codorniz<\/h2>\n<p>Tablilla Fin Zona Codorniz utilizada <strong>para la advertencia en Espa\u00f1a con medidas 30\u00d720, siendo una tablilla de segundo orden.<\/strong><\/p>\n<p>Os regulamentos marcam que esta placa \u00e9<strong> usado em toda a Espanha,<\/strong> Com exce\u00e7\u00e3o de algumas Comunidades Aut\u00f4nomas que far\u00e3o uso de suas pr\u00f3prias, aquela indicada em suas\u00a0<a href=\"https:\/\/jauteco.com\/pt\/senalizacion-cotos-caza\/\">normativo<\/a>.<\/p>\n<p>O tablet tem alguns\u00a0<strong>medidas 30 \u00d7 20<\/strong>, por isso \u00e9 agrupado na segunda ordem.<\/p>\n<h3>Altamente refor\u00e7ado<\/h3>\n<p>Este tablet \u00e9 feito com um<strong>\u00a0Chapa de a\u00e7o galvanizada altamente refor\u00e7ada<\/strong>. Este material permite suportar intemp\u00e9ries.<\/p>\n<p>A compra do\u00a0<a href=\"https:\/\/jauteco.com\/pt\/tienda\/mastil-180-m-incluye-tornillos\/\">mastro\u00a0<\/a>junto com a tala, porque com ela voc\u00ea pode fixar no ch\u00e3o. O Tablet deve\u00a0<strong>sinal em um local vis\u00edvel<\/strong>\u00a0para advertir de Fin Zona Codorniz. Una mala colocaci\u00f3n, puede impedir que la persona pueda ser advertida, adentr\u00e1ndose en la zona y as\u00ed poniendo en riesgo su integridad.<\/p>\n<p>As cores usadas por este Tablet s\u00e3o as<strong>\u00a0branco, com letras pretas.\u00a0<\/strong>Estos son habituales en tablilla, por lo que el humano al verla sabr\u00e1 que se trata de una importante advertencia.<\/p>","protected":false},"excerpt":{"rendered":"<p>Para grandes or\u00e7amentos, entre em contato conosco pelo 964 60 23 59 ou envie um e-mail para: info@jauteco.com.<\/p>","protected":false},"featured_media":1507,"comment_status":"closed","ping_status":"closed","template":"","meta":[],"product_brand":[],"product_cat":[75],"product_tag":[561,600,567,402],"class_list":{"0":"post-1506","1":"product","2":"type-product","3":"status-publish","4":"has-post-thumbnail","6":"product_cat-tablillas-caza","7":"product_tag-espana","8":"product_tag-fin-zona-codorniz","9":"product_tag-tablilla-de-caza","10":"product_tag-tablillas-caza-2-orden","11":"product_shipping_class-tablillas","13":"first","14":"instock","15":"taxable","16":"shipping-taxable","17":"purchasable","18":"product-type-simple"},"_links":{"self":[{"href":"https:\/\/jauteco.com\/pt\/wp-json\/wp\/v2\/product\/1506","targetHints":{"allow":["GET"]}}],"collection":[{"href":"https:\/\/jauteco.com\/pt\/wp-json\/wp\/v2\/product"}],"about":[{"href":"https:\/\/jauteco.com\/pt\/wp-json\/wp\/v2\/types\/product"}],"replies":[{"embeddable":true,"href":"https:\/\/jauteco.com\/pt\/wp-json\/wp\/v2\/comments?post=1506"}],"version-history":[{"count":0,"href":"https:\/\/jauteco.com\/pt\/wp-json\/wp\/v2\/product\/1506\/revisions"}],"wp:featuredmedia":[{"embeddable":true,"href":"https:\/\/jauteco.com\/pt\/wp-json\/wp\/v2\/media\/1507"}],"wp:attachment":[{"href":"https:\/\/jauteco.com\/pt\/wp-json\/wp\/v2\/media?parent=1506"}],"wp:term":[{"taxonomy":"product_brand","embeddable":true,"href":"https:\/\/jauteco.com\/pt\/wp-json\/wp\/v2\/product_brand?post=1506"},{"taxonomy":"product_cat","embeddable":true,"href":"https:\/\/jauteco.com\/pt\/wp-json\/wp\/v2\/product_cat?post=1506"},{"taxonomy":"product_tag","embeddable":true,"href":"https:\/\/jauteco.com\/pt\/wp-json\/wp\/v2\/product_tag?post=1506"}],"curies":[{"name":"wp","href":"https:\/\/api.w.org\/{rel}","templated":true}]}}