{"id":1528,"date":"2017-09-20T09:08:30","date_gmt":"2017-09-20T09:08:30","guid":{"rendered":"https:\/\/jauteco.com\/?post_type=product&#038;p=1528"},"modified":"2026-02-09T09:29:29","modified_gmt":"2026-02-09T09:29:29","slug":"tablilla-nomes-caca-major-roja-30x20","status":"publish","type":"product","link":"https:\/\/jauteco.com\/pt\/tienda\/tablilla-nomes-caca-major-roja-30x20\/","title":{"rendered":"Nom\u00e9s Ca\u00e7a Major comprimido vermelho 30 \u00d7 20"},"content":{"rendered":"<h2>Tablilla Nom\u00e9s Ca\u00e7a Major roja<\/h2>\n<p>Tablilla Nom\u00e9s Ca\u00e7a Major roja utilizada para la advertencia en las zonas catalanoparlantes con medidas 30\u00d720.<\/p>\n<p>O idioma deste tablet permite que ele seja\u00a0<strong>usado nas \u00e1reas de l\u00edngua catal\u00e3, sendo diferente do usado no resto da Espanha\u00a0<\/strong>que usar\u00e1 o indicado em seu\u00a0<a href=\"https:\/\/jauteco.com\/pt\/senalizacion-cotos-caza\/\">normativo<\/a>.<\/p>\n<p>O tablet tem alguns\u00a0<strong>medidas 30 \u00d7 20<\/strong>, portanto, \u00e9 agrupado na segunda ordem. Este tablet deve ser colocado ap\u00f3s o primeiro pedido, para informar as pessoas.<\/p>\n<h3>Altamente refor\u00e7ado<\/h3>\n<p>Este tablet \u00e9 feito com um<strong>\u00a0Chapa de a\u00e7o galvanizada altamente refor\u00e7ada<\/strong>. Este material permite suportar intemp\u00e9ries.<\/p>\n<p>A compra do\u00a0<a href=\"https:\/\/jauteco.com\/pt\/tienda\/mastil-180-m-incluye-tornillos\/\">mastro\u00a0<\/a>junto com a tala, porque com ela voc\u00ea pode fixar no ch\u00e3o. O Tablet deve\u00a0<strong>sinal em um local vis\u00edvel<\/strong>\u00a0para avisar que somente a ca\u00e7a grossa \u00e9 permitida. Uma m\u00e1 coloca\u00e7\u00e3o pode impedir a pessoa de ser avisada, de entrar na \u00e1rea e colocar em risco a sua integridade.<\/p>\n<p>As cores usadas por este Tablet s\u00e3o as<strong>\u00a0branco, com letras vermelhas.\u00a0<\/strong>As cores usadas s\u00e3o comuns no tablet, para que o ser humano, ao v\u00ea-lo, saiba que \u00e9 um aviso importante.<\/p>","protected":false},"excerpt":{"rendered":"<p>Tablilla Nom\u00e9s Ca\u00e7a Major roja Tablilla Nom\u00e9s Ca\u00e7a Major roja utilizada para la advertencia en las zonas catalanoparlantes con medidas 30\u00d720. El lenguaje de esta tablilla permite que sea\u00a0utilizada en las zonas catalanoparlantes, siendo diferente a la utilizada en el resto de Espa\u00f1a\u00a0que\u00a0utilizar\u00e1n la indicada en su\u00a0normativa. La Tablilla tiene unas\u00a0medidas de 30\u00d720, por lo [&hellip;]<\/p>","protected":false},"featured_media":1529,"comment_status":"closed","ping_status":"closed","template":"","meta":[],"product_brand":[],"product_cat":[75],"product_tag":[611,567,402],"class_list":{"0":"post-1528","1":"product","2":"type-product","3":"status-publish","4":"has-post-thumbnail","6":"product_cat-tablillas-caza","7":"product_tag-nomes-caca-major","8":"product_tag-tablilla-de-caza","9":"product_tag-tablillas-caza-2-orden","10":"product_shipping_class-tablillas","12":"first","13":"instock","14":"taxable","15":"shipping-taxable","16":"purchasable","17":"product-type-simple"},"_links":{"self":[{"href":"https:\/\/jauteco.com\/pt\/wp-json\/wp\/v2\/product\/1528","targetHints":{"allow":["GET"]}}],"collection":[{"href":"https:\/\/jauteco.com\/pt\/wp-json\/wp\/v2\/product"}],"about":[{"href":"https:\/\/jauteco.com\/pt\/wp-json\/wp\/v2\/types\/product"}],"replies":[{"embeddable":true,"href":"https:\/\/jauteco.com\/pt\/wp-json\/wp\/v2\/comments?post=1528"}],"version-history":[{"count":0,"href":"https:\/\/jauteco.com\/pt\/wp-json\/wp\/v2\/product\/1528\/revisions"}],"wp:featuredmedia":[{"embeddable":true,"href":"https:\/\/jauteco.com\/pt\/wp-json\/wp\/v2\/media\/1529"}],"wp:attachment":[{"href":"https:\/\/jauteco.com\/pt\/wp-json\/wp\/v2\/media?parent=1528"}],"wp:term":[{"taxonomy":"product_brand","embeddable":true,"href":"https:\/\/jauteco.com\/pt\/wp-json\/wp\/v2\/product_brand?post=1528"},{"taxonomy":"product_cat","embeddable":true,"href":"https:\/\/jauteco.com\/pt\/wp-json\/wp\/v2\/product_cat?post=1528"},{"taxonomy":"product_tag","embeddable":true,"href":"https:\/\/jauteco.com\/pt\/wp-json\/wp\/v2\/product_tag?post=1528"}],"curies":[{"name":"wp","href":"https:\/\/api.w.org\/{rel}","templated":true}]}}