{"id":1534,"date":"2017-09-20T09:25:36","date_gmt":"2017-09-20T09:25:36","guid":{"rendered":"https:\/\/jauteco.com\/?post_type=product&#038;p=1534"},"modified":"2026-02-09T09:29:07","modified_gmt":"2026-02-09T09:29:07","slug":"tablilla-puesto-caza-no-espana-20x10","status":"publish","type":"product","link":"https:\/\/jauteco.com\/pt\/tienda\/tablilla-puesto-caza-no-espana-20x10\/","title":{"rendered":"N\u00ba da tenda de ca\u00e7a (Espanha) 20 \u00d7 10"},"content":{"rendered":"<h2>Posto de ca\u00e7a n\u00ba<\/h2>\n<p>Posto de ca\u00e7a n\u00ba<strong>\u00a0usado para sinaliza\u00e7\u00e3o<\/strong> Posto de ca\u00e7a na Espanha com medidas 20 \u00d7 10.<\/p>\n<p>Os regulamentos indicam que este tablet est\u00e1 marcado como\u00a0<strong>usado na Espanha, <\/strong>exceto as Comunidades Aut\u00f4nomas que usar\u00e3o as pr\u00f3prias, que ser\u00e3o indicadas em suas <a href=\"https:\/\/jauteco.com\/pt\/senalizacion-cotos-caza\/\">normativo<\/a>.<\/p>\n<p>O tablet tem alguns <strong>mede 20 \u00d7 10<\/strong>, por isso \u00e9 agrupado na segunda ordem. Este comprimido deve ser colocado ap\u00f3s os de primeira ordem, a fim de alertar o humano do perigo novamente.<\/p>\n<h3>Altamente refor\u00e7ado<\/h3>\n<p>Este tablet \u00e9 feito com um<strong> Chapa de a\u00e7o galvanizada altamente refor\u00e7ada<\/strong>. Este material permite suportar intemp\u00e9ries.<\/p>\n<p>Recomenda-se comprar o\u00a0<a href=\"https:\/\/jauteco.com\/pt\/tienda\/mastil-180-m-incluye-tornillos\/\">mastros<\/a>\u00a0junto com o tablet, porque ele pode ser consertado. O Tablet deve <strong>sinal em um local vis\u00edvel<\/strong> Posto de ca\u00e7a n\u00ba. A m\u00e1 coloca\u00e7\u00e3o da tala pode impedir a pessoa de ser avisada do perigo, de entrar na \u00e1rea e colocar em risco a sua integridade.<\/p>\n<p>As cores usadas por este Tablet s\u00e3o as<strong>\u00a0branco, com letras pretas<\/strong>. As cores usadas s\u00e3o comuns no tablet, para que o ser humano, ao v\u00ea-lo, saiba que \u00e9 um aviso importante.<\/p>","protected":false},"excerpt":{"rendered":"<p>Para grandes cantidades, cont\u00e1ctenos por tel\u00e9fono \u00f3 e-mail para pedirnos presupuesto.<\/p>","protected":false},"featured_media":1535,"comment_status":"closed","ping_status":"closed","template":"","meta":[],"product_brand":[],"product_cat":[75],"product_tag":[561,614,567,402],"class_list":{"0":"post-1534","1":"product","2":"type-product","3":"status-publish","4":"has-post-thumbnail","6":"product_cat-tablillas-caza","7":"product_tag-espana","8":"product_tag-puesto-de-caza-no","9":"product_tag-tablilla-de-caza","10":"product_tag-tablillas-caza-2-orden","11":"product_shipping_class-tablillas","13":"first","14":"instock","15":"taxable","16":"shipping-taxable","17":"purchasable","18":"product-type-simple"},"_links":{"self":[{"href":"https:\/\/jauteco.com\/pt\/wp-json\/wp\/v2\/product\/1534","targetHints":{"allow":["GET"]}}],"collection":[{"href":"https:\/\/jauteco.com\/pt\/wp-json\/wp\/v2\/product"}],"about":[{"href":"https:\/\/jauteco.com\/pt\/wp-json\/wp\/v2\/types\/product"}],"replies":[{"embeddable":true,"href":"https:\/\/jauteco.com\/pt\/wp-json\/wp\/v2\/comments?post=1534"}],"version-history":[{"count":0,"href":"https:\/\/jauteco.com\/pt\/wp-json\/wp\/v2\/product\/1534\/revisions"}],"wp:featuredmedia":[{"embeddable":true,"href":"https:\/\/jauteco.com\/pt\/wp-json\/wp\/v2\/media\/1535"}],"wp:attachment":[{"href":"https:\/\/jauteco.com\/pt\/wp-json\/wp\/v2\/media?parent=1534"}],"wp:term":[{"taxonomy":"product_brand","embeddable":true,"href":"https:\/\/jauteco.com\/pt\/wp-json\/wp\/v2\/product_brand?post=1534"},{"taxonomy":"product_cat","embeddable":true,"href":"https:\/\/jauteco.com\/pt\/wp-json\/wp\/v2\/product_cat?post=1534"},{"taxonomy":"product_tag","embeddable":true,"href":"https:\/\/jauteco.com\/pt\/wp-json\/wp\/v2\/product_tag?post=1534"}],"curies":[{"name":"wp","href":"https:\/\/api.w.org\/{rel}","templated":true}]}}