{"id":1537,"date":"2017-09-20T10:04:59","date_gmt":"2017-09-20T10:04:59","guid":{"rendered":"https:\/\/jauteco.com\/?post_type=product&#038;p=1537"},"modified":"2026-02-09T09:28:59","modified_gmt":"2026-02-09T09:28:59","slug":"tablilla-atencio-batuda-del-senglar-catalunya-70x33","status":"publish","type":"product","link":"https:\/\/jauteco.com\/pt\/tienda\/tablilla-atencio-batuda-del-senglar-catalunya-70x33\/","title":{"rendered":"Mesa de centro Batuda del Senglar (Catalunya) 70 \u00d7 33"},"content":{"rendered":"<h2>Tablet Atenci\u00f3 Batuda del Senglar<\/h2>\n<p>Atenci\u00f3 Batuda del Senglar comprimido usado para o aviso na Catalunha com medidas 70 \u00d7 33.<\/p>\n<p>Este tablet est\u00e1 marcado para ser\u00a0<strong>usado na Catalunha, sendo diferente do usado no resto da Espanha\u00a0<\/strong>que usar\u00e1 o indicado em seu\u00a0<a href=\"https:\/\/jauteco.com\/pt\/senalizacion-cotos-caza\/\">normativo<\/a>.<\/p>\n<p>O tablet tem alguns\u00a0<strong>mede 70 \u00d7 33<\/strong>, por isso \u00e9 agrupado na primeira ordem. Este comprimido deve ser colocado antes dos de segunda ordem, para alertar as pessoas.<\/p>\n<h3><\/h3>\n<p>Este Tablet \u00e9 feito de<strong> Propileno<\/strong>. Este material permite suportar intemp\u00e9ries.<\/p>\n<p>A compra do\u00a0<a href=\"https:\/\/jauteco.com\/pt\/tienda\/mastil-180-m-incluye-tornillos\/\">mastro\u00a0<\/a>junto com a tala, porque com ela voc\u00ea pode fixar no ch\u00e3o. O Tablet deve\u00a0<strong>sinal em um local vis\u00edvel<\/strong>\u00a0para alertar sobre o perigo da ca\u00e7a ao javali. Uma m\u00e1 coloca\u00e7\u00e3o pode impedir a pessoa de ser avisada, de entrar na \u00e1rea e colocar em risco a sua integridade.<\/p>\n<p>As cores usadas por este Tablet s\u00e3o as<strong>\u00a0branco, com letras vermelhas e pretas<\/strong>. As cores usadas s\u00e3o comuns na tala, ent\u00e3o o humano ver\u00e1 que \u00e9 um aviso importante.<\/p>","protected":false},"excerpt":{"rendered":"<p>Para grandes or\u00e7amentos, entre em contato conosco pelo 964 60 23 59 ou envie um e-mail para: info@jauteco.com.<\/p>\n<p>&nbsp;<\/p>","protected":false},"featured_media":1538,"comment_status":"closed","ping_status":"closed","template":"","meta":[],"product_brand":[],"product_cat":[75],"product_tag":[615,560,559,401],"class_list":{"0":"post-1537","1":"product","2":"type-product","3":"status-publish","4":"has-post-thumbnail","6":"product_cat-tablillas-caza","7":"product_tag-atencio-batuda-del-senglar","8":"product_tag-catalunya","9":"product_tag-tablillas-de-caza","10":"product_tag-tablillas-caza-1-orden","11":"product_shipping_class-tablillas","13":"first","14":"instock","15":"taxable","16":"shipping-taxable","17":"purchasable","18":"product-type-simple"},"_links":{"self":[{"href":"https:\/\/jauteco.com\/pt\/wp-json\/wp\/v2\/product\/1537","targetHints":{"allow":["GET"]}}],"collection":[{"href":"https:\/\/jauteco.com\/pt\/wp-json\/wp\/v2\/product"}],"about":[{"href":"https:\/\/jauteco.com\/pt\/wp-json\/wp\/v2\/types\/product"}],"replies":[{"embeddable":true,"href":"https:\/\/jauteco.com\/pt\/wp-json\/wp\/v2\/comments?post=1537"}],"version-history":[{"count":0,"href":"https:\/\/jauteco.com\/pt\/wp-json\/wp\/v2\/product\/1537\/revisions"}],"wp:featuredmedia":[{"embeddable":true,"href":"https:\/\/jauteco.com\/pt\/wp-json\/wp\/v2\/media\/1538"}],"wp:attachment":[{"href":"https:\/\/jauteco.com\/pt\/wp-json\/wp\/v2\/media?parent=1537"}],"wp:term":[{"taxonomy":"product_brand","embeddable":true,"href":"https:\/\/jauteco.com\/pt\/wp-json\/wp\/v2\/product_brand?post=1537"},{"taxonomy":"product_cat","embeddable":true,"href":"https:\/\/jauteco.com\/pt\/wp-json\/wp\/v2\/product_cat?post=1537"},{"taxonomy":"product_tag","embeddable":true,"href":"https:\/\/jauteco.com\/pt\/wp-json\/wp\/v2\/product_tag?post=1537"}],"curies":[{"name":"wp","href":"https:\/\/api.w.org\/{rel}","templated":true}]}}