{"id":1583,"date":"2017-09-22T08:31:25","date_gmt":"2017-09-22T08:31:25","guid":{"rendered":"https:\/\/jauteco.com\/?post_type=product&#038;p=1583"},"modified":"2022-01-28T11:25:19","modified_gmt":"2022-01-28T11:25:19","slug":"towbox-v1-dog-negro","status":"publish","type":"product","link":"https:\/\/jauteco.com\/pt\/tienda\/towbox-v1-dog-negro\/","title":{"rendered":"Towbox V1 Dog Black"},"content":{"rendered":"<p>El\u00a0portaperros TowBox V1 Dog Negro es la manera m\u00e1s pr\u00e1ctica, sencilla, limpia y c\u00f3moda de transportar a sus perros u otros animales de compa\u00f1\u00eda.<\/p>\n<p>Ideal para ca\u00e7ar, tanto para o conforto do ca\u00e7ador como dos animais no transporte. A forma mais eficiente de transportar animais apenas com a bola de engate.<\/p>\n<h3>Caracteristicas<\/h3>\n<ul>\n<li>Ele \u00e9 colocado na bola do engate.<\/li>\n<li>N\u00e3o precisa passar pelo ITV e n\u00e3o limita a velocidade do ve\u00edculo.<\/li>\n<li>Permite o acesso \u00e0 garagem sem problemas.<\/li>\n<li>Economize combust\u00edvel.<\/li>\n<li>Possui certificado veterin\u00e1rio que o torna ideal para o transporte de animais de estima\u00e7\u00e3o.<\/li>\n<li>Os c\u00e3es viajam com conforto e voc\u00ea preservar\u00e1 o interior do ve\u00edculo de odores e poss\u00edveis danos, como arranh\u00f5es, mordidas ou manchas.<\/li>\n<li>Possui orif\u00edcios de ventila\u00e7\u00e3o e v\u00e1rios acess\u00f3rios que a tornam a mais completa transportadora para c\u00e3es do mercado.<\/li>\n<li>Medidas: 1085x640x590 (comprimento x largura x altura).<\/li>\n<li>Peso vazio: 26 kg.<br \/>\nPelas regulamenta\u00e7\u00f5es da DGT, a placa de sinaliza\u00e7\u00e3o de carga de sa\u00edda V20 deve ser vis\u00edvel em todos os modelos TowBox.<\/li>\n<li>Consulte o manual do propriet\u00e1rio do seu ve\u00edculo para calcular a carga \u00fatil que o TowBox pode transportar.<\/li>\n<li>Carga \u00fatil m\u00e1xima: 50 kg.<\/li>\n<\/ul>\n<p><strong>Obrigat\u00f3rio trazer suporte e prato<\/strong><\/p>\n<div class=\"video-container\"><iframe title=\"TowBox Dog - Portaperros\" width=\"1170\" height=\"878\" src=\"https:\/\/www.youtube.com\/embed\/g73S8BBO_A8?feature=oembed\" frameborder=\"0\" allow=\"accelerometer; autoplay; clipboard-write; encrypted-media; gyroscope; picture-in-picture; web-share\" allowfullscreen><\/iframe><\/div>","protected":false},"excerpt":{"rendered":"<p>O porta-c\u00e3es TowBox \u00e9 a forma mais pr\u00e1tica, simples, limpa e confort\u00e1vel de transportar seus c\u00e3es ou outros animais de estima\u00e7\u00e3o.<\/p>\n<h3><strong>Produto n\u00e3o inclu\u00eddo na oferta de frete gr\u00e1tis<\/strong><\/h3>\n<p><strong>Obrigat\u00f3rio trazer suporte e prato<\/strong><\/p>\n<p>TEMPO DE ENTREGA APROXIMADAMENTE 28 DIAS<\/p>","protected":false},"featured_media":1585,"comment_status":"closed","ping_status":"closed","template":"","meta":[],"product_brand":[],"product_cat":[1650,616],"product_tag":[629,631,630,632],"class_list":{"0":"post-1583","1":"product","2":"type-product","3":"status-publish","4":"has-post-thumbnail","6":"product_cat-portaperros","7":"product_cat-accesorios-para-perros","8":"product_tag-accesorios-para-perros","9":"product_tag-remolques","10":"product_tag-towbox","11":"product_tag-towbox-v1-dog","13":"first","14":"outofstock","15":"taxable","16":"shipping-taxable","17":"purchasable","18":"product-type-simple"},"_links":{"self":[{"href":"https:\/\/jauteco.com\/pt\/wp-json\/wp\/v2\/product\/1583","targetHints":{"allow":["GET"]}}],"collection":[{"href":"https:\/\/jauteco.com\/pt\/wp-json\/wp\/v2\/product"}],"about":[{"href":"https:\/\/jauteco.com\/pt\/wp-json\/wp\/v2\/types\/product"}],"replies":[{"embeddable":true,"href":"https:\/\/jauteco.com\/pt\/wp-json\/wp\/v2\/comments?post=1583"}],"version-history":[{"count":0,"href":"https:\/\/jauteco.com\/pt\/wp-json\/wp\/v2\/product\/1583\/revisions"}],"wp:featuredmedia":[{"embeddable":true,"href":"https:\/\/jauteco.com\/pt\/wp-json\/wp\/v2\/media\/1585"}],"wp:attachment":[{"href":"https:\/\/jauteco.com\/pt\/wp-json\/wp\/v2\/media?parent=1583"}],"wp:term":[{"taxonomy":"product_brand","embeddable":true,"href":"https:\/\/jauteco.com\/pt\/wp-json\/wp\/v2\/product_brand?post=1583"},{"taxonomy":"product_cat","embeddable":true,"href":"https:\/\/jauteco.com\/pt\/wp-json\/wp\/v2\/product_cat?post=1583"},{"taxonomy":"product_tag","embeddable":true,"href":"https:\/\/jauteco.com\/pt\/wp-json\/wp\/v2\/product_tag?post=1583"}],"curies":[{"name":"wp","href":"https:\/\/api.w.org\/{rel}","templated":true}]}}