{"id":1611,"date":"2017-09-22T11:26:11","date_gmt":"2017-09-22T11:26:11","guid":{"rendered":"https:\/\/jauteco.com\/?post_type=product&#038;p=1611"},"modified":"2022-01-28T11:22:18","modified_gmt":"2022-01-28T11:22:18","slug":"towbox-v2-dog-verde","status":"publish","type":"product","link":"https:\/\/jauteco.com\/pt\/tienda\/towbox-v2-dog-verde\/","title":{"rendered":"Towbox V2 Dog Green"},"content":{"rendered":"<p>O porta-c\u00e3es TowBox V2 \u00e9 a forma mais pr\u00e1tica, simples, limpa e confort\u00e1vel de transportar seus c\u00e3es ou outros animais de estima\u00e7\u00e3o.<\/p>\n<p>Ideal para ca\u00e7ar, tanto para o conforto do ca\u00e7ador como dos animais no transporte. A forma mais eficiente de transportar animais apenas com a bola de engate.<\/p>\n<h3>Caracteristicas<\/h3>\n<ul>\n<li>City Crash Test.<\/li>\n<li>Permite o acesso \u00e0s garagens sem problemas.<\/li>\n<li>O Towbox V2 Dog possui certificado veterin\u00e1rio que o torna ideal para o transporte de animais.<\/li>\n<li>O Towbox V2 Dog est\u00e1 equipado com uma divis\u00f3ria central para poder transportar os animais de forma independente.<\/li>\n<li>Ch\u00e3o amov\u00edvel.<\/li>\n<li>Os suportes da placa de marca\u00e7\u00e3o V20 s\u00e3o projetados de forma que sejam separados do t\u00f3rax e permitam a ventila\u00e7\u00e3o adequada dos animais.<\/li>\n<li>Inclui orif\u00edcios de drenagem para limpeza f\u00e1cil.<\/li>\n<li>Boca de entrada ampla para facilitar a entrada de animais.<\/li>\n<li>Orif\u00edcios de ventila\u00e7\u00e3o.<\/li>\n<li>Medidas: 1180x755x640 (comprimento por altura por largura).<\/li>\n<li>Medidas internas: 112x 52x 54 cm (largura por altura por profundidade).<\/li>\n<li>Peso vazio: 36 kg.<\/li>\n<li>Ele \u00e9 colocado na bola de engate.<\/li>\n<li>N\u00e3o limita a velocidade do ve\u00edculo.<\/li>\n<li>Voc\u00ea n\u00e3o precisa ser aprovado no ITV.<\/li>\n<li>Ele pode ser colocado por uma \u00fanica pessoa em segundos.<\/li>\n<li>Possui sistema de rodas dobr\u00e1veis para f\u00e1cil posicionamento na bola.<\/li>\n<li>Pelas regulamenta\u00e7\u00f5es da DGT, a placa de sinaliza\u00e7\u00e3o de carga de sa\u00edda V20 deve ser vis\u00edvel em todos os modelos TowBox.<\/li>\n<li>Consulte o manual do propriet\u00e1rio do seu ve\u00edculo para calcular a carga \u00fatil que o TowBox pode transportar.<\/li>\n<li>Carga \u00fatil m\u00e1xima: 50 kg.<\/li>\n<\/ul>\n<p><strong>Transporte obrigat\u00f3rio <a href=\"https:\/\/jauteco.com\/pt\/tienda\/placa-senalizacion-v20-metalica\/\">placa de carro<\/a><\/strong><\/p>\n<div class=\"video-container\"><iframe title=\"Towbox V2\" width=\"1170\" height=\"658\" src=\"https:\/\/www.youtube.com\/embed\/A_mMOT6v5C8?feature=oembed\" frameborder=\"0\" allow=\"accelerometer; autoplay; clipboard-write; encrypted-media; gyroscope; picture-in-picture; web-share\" allowfullscreen><\/iframe><\/div>","protected":false},"excerpt":{"rendered":"<p>O porta-c\u00e3es TowBox \u00e9 a forma mais pr\u00e1tica, simples, limpa e confort\u00e1vel de transportar seus c\u00e3es ou outros animais de estima\u00e7\u00e3o.<\/p>\n<h3><strong>Produto n\u00e3o inclu\u00eddo na oferta de frete gr\u00e1tis<\/strong><\/h3>\n<p><strong>Obrigat\u00f3rio trazer crach\u00e1<\/strong><\/p>\n<p>TEMPO DE ENTREGA APROXIMADAMENTE 28 DIAS<\/p>","protected":false},"featured_media":1612,"comment_status":"closed","ping_status":"closed","template":"","meta":[],"product_brand":[],"product_cat":[1650,616],"product_tag":[629,631,630,649],"class_list":{"0":"post-1611","1":"product","2":"type-product","3":"status-publish","4":"has-post-thumbnail","6":"product_cat-portaperros","7":"product_cat-accesorios-para-perros","8":"product_tag-accesorios-para-perros","9":"product_tag-remolques","10":"product_tag-towbox","11":"product_tag-towbox-v2-dog","13":"first","14":"outofstock","15":"taxable","16":"shipping-taxable","17":"purchasable","18":"product-type-simple"},"_links":{"self":[{"href":"https:\/\/jauteco.com\/pt\/wp-json\/wp\/v2\/product\/1611","targetHints":{"allow":["GET"]}}],"collection":[{"href":"https:\/\/jauteco.com\/pt\/wp-json\/wp\/v2\/product"}],"about":[{"href":"https:\/\/jauteco.com\/pt\/wp-json\/wp\/v2\/types\/product"}],"replies":[{"embeddable":true,"href":"https:\/\/jauteco.com\/pt\/wp-json\/wp\/v2\/comments?post=1611"}],"version-history":[{"count":0,"href":"https:\/\/jauteco.com\/pt\/wp-json\/wp\/v2\/product\/1611\/revisions"}],"wp:featuredmedia":[{"embeddable":true,"href":"https:\/\/jauteco.com\/pt\/wp-json\/wp\/v2\/media\/1612"}],"wp:attachment":[{"href":"https:\/\/jauteco.com\/pt\/wp-json\/wp\/v2\/media?parent=1611"}],"wp:term":[{"taxonomy":"product_brand","embeddable":true,"href":"https:\/\/jauteco.com\/pt\/wp-json\/wp\/v2\/product_brand?post=1611"},{"taxonomy":"product_cat","embeddable":true,"href":"https:\/\/jauteco.com\/pt\/wp-json\/wp\/v2\/product_cat?post=1611"},{"taxonomy":"product_tag","embeddable":true,"href":"https:\/\/jauteco.com\/pt\/wp-json\/wp\/v2\/product_tag?post=1611"}],"curies":[{"name":"wp","href":"https:\/\/api.w.org\/{rel}","templated":true}]}}