{"id":1613,"date":"2017-09-22T11:32:50","date_gmt":"2017-09-22T11:32:50","guid":{"rendered":"https:\/\/jauteco.com\/?post_type=product&#038;p=1613"},"modified":"2022-01-28T11:23:53","modified_gmt":"2022-01-28T11:23:53","slug":"towbox-v2-dog-negro","status":"publish","type":"product","link":"https:\/\/jauteco.com\/pt\/tienda\/towbox-v2-dog-negro\/","title":{"rendered":"Towbox V2 Dog Black"},"content":{"rendered":"<p>O porta-c\u00e3es TowBox V2 \u00e9 a forma mais pr\u00e1tica, simples, limpa e confort\u00e1vel de transportar seus c\u00e3es ou outros animais de estima\u00e7\u00e3o.<\/p>\n<p>Ideal para ca\u00e7ar, tanto para o conforto do ca\u00e7ador como dos animais no transporte. A forma mais eficiente de transportar animais apenas com a bola de engate.<\/p>\n<h3>Caracteristicas<\/h3>\n<ul>\n<li>City Crash Test.<\/li>\n<li>Puedes entrar a garajes sin problemas.<\/li>\n<li>Un certificado veterinario afirma que Towbox V2 Dog es ideal para el transporte de animales .<\/li>\n<li>Con el separador central del Towbox V2 Dog, los animales se pueden transportar de manera independiente.<\/li>\n<li>Cuenta con un desmontable.<\/li>\n<li>El dise\u00f1o de los soportes de la placa de se\u00f1alizaci\u00f3n V20\u00a0 est\u00e1n hechos para que esta quede separada del arc\u00f3n y permita una correcta ventilaci\u00f3n de los animales.<\/li>\n<li>Tiene facilidad para ser limpiado, ya que contiene orificios de desag\u00fce.<\/li>\n<li>El TowBox cuenta con una ampl\u00eda entrada para los animales.<\/li>\n<li>Orificios de ventilaci\u00f3n, para que el animal pueda respirar sin problemas.<\/li>\n<li>Dimensiones: 1180x755x640 (largo por alto por ancho).<\/li>\n<li>Dimensiones internas: 112x 52x 54 cm (ancho por alto por profundo).<\/li>\n<li>Peso vac\u00edo: 36 kg.<\/li>\n<li>Va sujeto a la bola de enganche.<\/li>\n<li>No reduce o limita la velocidad del veh\u00edculo.<\/li>\n<li>No tiene que pasar la ITV.<\/li>\n<li>Una sola persona puede colocarlo en segundos.<\/li>\n<li>Con el sistema de ruedas abatibles que lleva incorporado es f\u00e1cil la colocaci\u00f3n sobre la bola.<\/li>\n<li>En todos los modelos Towbox\u00a0 es obligatorio llevar visible la placa de se\u00f1alizaci\u00f3n de carga saliente V20 por normativa de la DGT.<\/li>\n<li>En el manual de usuario de su veh\u00edculo le informar\u00e1 de que carga \u00fatil puede levantar el TowBox<\/li>\n<li>La carga \u00fatil m\u00e1xima es de 50 kg.<\/li>\n<\/ul>\n<p><strong>Transporte obrigat\u00f3rio <a href=\"https:\/\/jauteco.com\/pt\/tienda\/placa-senalizacion-v20-metalica\/\">placa de carro<\/a><\/strong><\/p>","protected":false},"excerpt":{"rendered":"<p>O porta-c\u00e3es TowBox \u00e9 a forma mais pr\u00e1tica, simples, limpa e confort\u00e1vel de transportar seus c\u00e3es ou outros animais de estima\u00e7\u00e3o.<\/p>\n<h3><strong>Produto n\u00e3o inclu\u00eddo na oferta de frete gr\u00e1tis<\/strong><\/h3>\n<p><strong>Obrigat\u00f3rio trazer crach\u00e1<\/strong><\/p>\n<p>TEMPO DE ENTREGA APROXIMADAMENTE 28 DIAS<\/p>","protected":false},"featured_media":1614,"comment_status":"closed","ping_status":"closed","template":"","meta":[],"product_brand":[],"product_cat":[1650,616],"product_tag":[629,631,630,649],"class_list":{"0":"post-1613","1":"product","2":"type-product","3":"status-publish","4":"has-post-thumbnail","6":"product_cat-portaperros","7":"product_cat-accesorios-para-perros","8":"product_tag-accesorios-para-perros","9":"product_tag-remolques","10":"product_tag-towbox","11":"product_tag-towbox-v2-dog","13":"first","14":"outofstock","15":"taxable","16":"shipping-taxable","17":"purchasable","18":"product-type-simple"},"_links":{"self":[{"href":"https:\/\/jauteco.com\/pt\/wp-json\/wp\/v2\/product\/1613","targetHints":{"allow":["GET"]}}],"collection":[{"href":"https:\/\/jauteco.com\/pt\/wp-json\/wp\/v2\/product"}],"about":[{"href":"https:\/\/jauteco.com\/pt\/wp-json\/wp\/v2\/types\/product"}],"replies":[{"embeddable":true,"href":"https:\/\/jauteco.com\/pt\/wp-json\/wp\/v2\/comments?post=1613"}],"version-history":[{"count":0,"href":"https:\/\/jauteco.com\/pt\/wp-json\/wp\/v2\/product\/1613\/revisions"}],"wp:featuredmedia":[{"embeddable":true,"href":"https:\/\/jauteco.com\/pt\/wp-json\/wp\/v2\/media\/1614"}],"wp:attachment":[{"href":"https:\/\/jauteco.com\/pt\/wp-json\/wp\/v2\/media?parent=1613"}],"wp:term":[{"taxonomy":"product_brand","embeddable":true,"href":"https:\/\/jauteco.com\/pt\/wp-json\/wp\/v2\/product_brand?post=1613"},{"taxonomy":"product_cat","embeddable":true,"href":"https:\/\/jauteco.com\/pt\/wp-json\/wp\/v2\/product_cat?post=1613"},{"taxonomy":"product_tag","embeddable":true,"href":"https:\/\/jauteco.com\/pt\/wp-json\/wp\/v2\/product_tag?post=1613"}],"curies":[{"name":"wp","href":"https:\/\/api.w.org\/{rel}","templated":true}]}}