{"id":162,"date":"2017-03-29T21:55:05","date_gmt":"2017-03-29T21:55:05","guid":{"rendered":"https:\/\/jauteco.com\/?post_type=product&#038;p=162"},"modified":"2025-10-14T09:59:31","modified_gmt":"2025-10-14T09:59:31","slug":"comedero-colgar-perdices-conejos","status":"publish","type":"product","link":"https:\/\/jauteco.com\/pt\/tienda\/comedero-colgar-perdices-conejos\/","title":{"rendered":"Alimentador de perdizes e coelhos"},"content":{"rendered":"<h3>Alimentador de suspens\u00e3o<\/h3>\n<p><strong>Principais vantagens do alimentador de perdiz e coelhos pendurados:<\/strong><\/p>\n<p>O gr\u00e3o n\u00e3o se deteriora ou fica sujo, evitando poss\u00edveis doen\u00e7as, protegendo os animais.<\/p>\n<p>Estrutura anti-pecu\u00e1ria: Animais como javalis, cabras, gado e outros evitam quando se aproximam, pois trope\u00e7am no sino de prote\u00e7\u00e3o que circunda o cont\u00eainer.<\/p>\n<p>Ele n\u00e3o toca o ch\u00e3o, ent\u00e3o nenhum parasita o contamina. Desta forma, evitamos poss\u00edveis infec\u00e7\u00f5es alimentares.<\/p>\n<p>Totalmente fechado, o que impedir\u00e1 a perda de alimentos.<\/p>\n<div class=\"message-box-wrapper green\">\n<div class=\"message-box-content\">\n<p><strong>Ele <a href=\"https:\/\/jauteco.com\/pt\/tienda\/tripode-con-enganche\/\">Trip\u00e9<\/a> \u00e9 opcional<\/strong><\/p>\n<p>Recomendado se na \u00e1rea em que vamos instalar o alimentador, n\u00e3o temos um local alto para instal\u00e1-lo.<\/p>\n<p><strong>Capacidade:<\/strong> 60 litros.<\/p>\n<p><strong>Peso (vazio): <\/strong>3 kg.<\/p>\n<p><strong>Forma de emprego<\/strong><\/p>\n<p>A perdiz e o alimentador de coelhos devem ser pendurados no alto, recomendados em um galho de \u00e1rvore ou trip\u00e9. Depois de encher o alimentador, o gr\u00e3o cai sob o seu pr\u00f3prio peso na placa \u00e0 medida que \u00e9 consumido. Os animais v\u00e3o para a \u00e1rea onde est\u00e1 instalado, pois passam a comer continuamente e por muito tempo.<\/p>\n<p>&nbsp;<\/p>\n<\/div>\n<\/div>","protected":false},"excerpt":{"rendered":"<p>Alimentador de perdizes e coelhos, o gr\u00e3o cai sob o seu pr\u00f3prio peso no prato \u00e0 medida que \u00e9 consumido, pode ser pendurado em um galho de <a href=\"https:\/\/jauteco.com\/pt\/tienda\/tripode-con-enganche\/\">trip\u00e9<\/a>...<\/p>","protected":false},"featured_media":1103,"comment_status":"closed","ping_status":"closed","template":"","meta":[],"product_brand":[],"product_cat":[9],"product_tag":[2563,2136,967,742],"class_list":{"0":"post-162","1":"product","2":"type-product","3":"status-publish","4":"has-post-thumbnail","6":"product_cat-comederos","7":"product_tag-caza-menor","8":"product_tag-comedero-aves","9":"product_tag-comedero-perdices","10":"product_tag-comederos","11":"product_shipping_class-jaulas","13":"first","14":"instock","15":"taxable","16":"shipping-taxable","17":"purchasable","18":"product-type-simple"},"_links":{"self":[{"href":"https:\/\/jauteco.com\/pt\/wp-json\/wp\/v2\/product\/162","targetHints":{"allow":["GET"]}}],"collection":[{"href":"https:\/\/jauteco.com\/pt\/wp-json\/wp\/v2\/product"}],"about":[{"href":"https:\/\/jauteco.com\/pt\/wp-json\/wp\/v2\/types\/product"}],"replies":[{"embeddable":true,"href":"https:\/\/jauteco.com\/pt\/wp-json\/wp\/v2\/comments?post=162"}],"version-history":[{"count":0,"href":"https:\/\/jauteco.com\/pt\/wp-json\/wp\/v2\/product\/162\/revisions"}],"wp:featuredmedia":[{"embeddable":true,"href":"https:\/\/jauteco.com\/pt\/wp-json\/wp\/v2\/media\/1103"}],"wp:attachment":[{"href":"https:\/\/jauteco.com\/pt\/wp-json\/wp\/v2\/media?parent=162"}],"wp:term":[{"taxonomy":"product_brand","embeddable":true,"href":"https:\/\/jauteco.com\/pt\/wp-json\/wp\/v2\/product_brand?post=162"},{"taxonomy":"product_cat","embeddable":true,"href":"https:\/\/jauteco.com\/pt\/wp-json\/wp\/v2\/product_cat?post=162"},{"taxonomy":"product_tag","embeddable":true,"href":"https:\/\/jauteco.com\/pt\/wp-json\/wp\/v2\/product_tag?post=162"}],"curies":[{"name":"wp","href":"https:\/\/api.w.org\/{rel}","templated":true}]}}