{"id":1630,"date":"2017-09-27T07:56:39","date_gmt":"2017-09-27T07:56:39","guid":{"rendered":"https:\/\/jauteco.com\/?post_type=product&#038;p=1630"},"modified":"2026-02-09T09:28:51","modified_gmt":"2026-02-09T09:28:51","slug":"tablilla-peligro-accion-caza","status":"publish","type":"product","link":"https:\/\/jauteco.com\/pt\/tienda\/tablilla-peligro-accion-caza\/","title":{"rendered":"A\u00e7\u00e3o de Perigo de Ca\u00e7a \u00e0 Mesa (Andaluzia) 50 \u00d7 33"},"content":{"rendered":"<h2>Tablilla Peligro Acci\u00f3n de Caza<\/h2>\n<p>Tablilla Peligro Acci\u00f3n de Caza\u00a0utilizada para lo Monter\u00eda del Jabal\u00ed en Andaluc\u00eda con medidas 50&#215;33.<\/p>\n<p>Os regulamentos indicam que este tablet \u00e9 <strong>utilizada en la Comunidad Aut\u00f3noma de Andaluc\u00eda, <\/strong>Sendo um modelo diferente do restante da Espanha, em cada \u00e1rea eles usar\u00e3o o indicado em suas <a href=\"https:\/\/jauteco.com\/pt\/senalizacion-cotos-caza\/\">normativo<\/a>.<\/p>\n<p>O tablet tem alguns <strong>medidas 50 \u00d7 33<\/strong>, portanto, \u00e9 agrupado no primeiro pedido. Este tablet deve ser colocado antes do segundo pedido, para informar as pessoas.<\/p>\n<h3>Altamente refor\u00e7ado<\/h3>\n<p>Este tablet \u00e9 feito com um<strong> Chapa de a\u00e7o galvanizada altamente refor\u00e7ada<\/strong>. Este material permite suportar intemp\u00e9ries.<\/p>\n<p>Recomenda-se comprar o <a href=\"https:\/\/jauteco.com\/pt\/tienda\/soporte-plegable-tablillas-caza\/\">carrinho dobr\u00e1vel<\/a> junto com o tablet, porque ele pode ser colocado em qualquer lugar. O Tablet deve <strong>sinal em um local vis\u00edvel<\/strong> o perigo de Monter\u00eda. Uma m\u00e1 coloca\u00e7\u00e3o da tala pode impedir que a pessoa seja avisada do perigo, entrando na \u00e1rea e colocando em risco sua integridade.<\/p>\n<p>El fondo rojo con letras blancas, hacen que la Tablilla sea<strong>\u00a0atraente<\/strong>. La parte inferior derecha de la Tablilla permite colocar al cazador la fecha de la batida de forma manual.<\/p>\n<p>&nbsp;<\/p>","protected":false},"excerpt":{"rendered":"<p>Tablilla Peligro Acci\u00f3n de Caza\u00a0utilizada para lo Monter\u00eda del Jabal\u00ed en Andaluc\u00eda con medidas 50&#215;33.<\/p>\n<p>Para grandes or\u00e7amentos, entre em contato conosco pelo 964 60 23 59 ou envie um e-mail para: info@jauteco.com.<\/p>","protected":false},"featured_media":1634,"comment_status":"closed","ping_status":"closed","template":"","meta":[],"product_brand":[],"product_cat":[75],"product_tag":[842,567,841,401],"class_list":{"0":"post-1630","1":"product","2":"type-product","3":"status-publish","4":"has-post-thumbnail","6":"product_cat-tablillas-caza","7":"product_tag-andalucia","8":"product_tag-tablilla-de-caza","9":"product_tag-tablilla-peligro-accion-de-caza","10":"product_tag-tablillas-caza-1-orden","11":"product_shipping_class-tablillas","13":"first","14":"instock","15":"taxable","16":"shipping-taxable","17":"purchasable","18":"product-type-simple"},"_links":{"self":[{"href":"https:\/\/jauteco.com\/pt\/wp-json\/wp\/v2\/product\/1630","targetHints":{"allow":["GET"]}}],"collection":[{"href":"https:\/\/jauteco.com\/pt\/wp-json\/wp\/v2\/product"}],"about":[{"href":"https:\/\/jauteco.com\/pt\/wp-json\/wp\/v2\/types\/product"}],"replies":[{"embeddable":true,"href":"https:\/\/jauteco.com\/pt\/wp-json\/wp\/v2\/comments?post=1630"}],"version-history":[{"count":0,"href":"https:\/\/jauteco.com\/pt\/wp-json\/wp\/v2\/product\/1630\/revisions"}],"wp:featuredmedia":[{"embeddable":true,"href":"https:\/\/jauteco.com\/pt\/wp-json\/wp\/v2\/media\/1634"}],"wp:attachment":[{"href":"https:\/\/jauteco.com\/pt\/wp-json\/wp\/v2\/media?parent=1630"}],"wp:term":[{"taxonomy":"product_brand","embeddable":true,"href":"https:\/\/jauteco.com\/pt\/wp-json\/wp\/v2\/product_brand?post=1630"},{"taxonomy":"product_cat","embeddable":true,"href":"https:\/\/jauteco.com\/pt\/wp-json\/wp\/v2\/product_cat?post=1630"},{"taxonomy":"product_tag","embeddable":true,"href":"https:\/\/jauteco.com\/pt\/wp-json\/wp\/v2\/product_tag?post=1630"}],"curies":[{"name":"wp","href":"https:\/\/api.w.org\/{rel}","templated":true}]}}