{"id":1632,"date":"2017-09-27T08:29:06","date_gmt":"2017-09-27T08:29:06","guid":{"rendered":"https:\/\/jauteco.com\/?post_type=product&#038;p=1632"},"modified":"2022-01-28T11:27:47","modified_gmt":"2022-01-28T11:27:47","slug":"placa-senalizacion-v20-metalica","status":"publish","type":"product","link":"https:\/\/jauteco.com\/pt\/tienda\/placa-senalizacion-v20-metalica\/","title":{"rendered":"Placa de sinaliza\u00e7\u00e3o met\u00e1lica V20"},"content":{"rendered":"<h3>Placa de sinaliza\u00e7\u00e3o met\u00e1lica V20<\/h3>\n<p>A placa de identifica\u00e7\u00e3o met\u00e1lica V20 visa alertar outros motoristas de que a carga do ve\u00edculo est\u00e1 saliente. A placa \u00e9 completamente legal, pois \u00e9 aprovada para uso na Espanha.<\/p>\n<p>Esta placa \u00e9 completamente necess\u00e1ria para <a href=\"https:\/\/jauteco.com\/pt\/productos\/accesorios-para-perros\/\">Reboques sem caixa de reboque,<\/a> para o transporte de animais. Com isso, tamb\u00e9m podemos aumentar a seguran\u00e7a impedindo que outros drivers sejam carregados.<\/p>\n<p>A placa de sinaliza\u00e7\u00e3o V20 \u00e9 met\u00e1lica, tornando o material resistente a poss\u00edveis quedas ou pancadas.<\/p>\n<p>Tem uma forma quadrada, com medidas de 50 \u00d7 50.<\/p>\n<p>Al\u00e9m de suas impressionantes cores vermelho e branco, a placa tamb\u00e9m \u00e9 reflexiva, de modo que sua visibilidade \u00e0 noite ser\u00e1 ideal.<\/p>\n<p>A compra da placa de sinaliza\u00e7\u00e3o V20 n\u00e3o inclui tiras de fixa\u00e7\u00e3o.<\/p>\n<p>Necess\u00e1ria para o transporte de c\u00e3es ou outros animais durante a pr\u00e1tica de ca\u00e7a, tamb\u00e9m a placa de sinaliza\u00e7\u00e3o servir\u00e1 ao usu\u00e1rio para poder coloc\u00e1-la ao transportar uma carga que se projeta para dentro do ve\u00edculo.<\/p>\n<p>O transporte de carga pendente no ve\u00edculo e o transporte da Placa de Identifica\u00e7\u00e3o \u00e9 pun\u00edvel pela DGT. A placa de identifica\u00e7\u00e3o met\u00e1lica V20, al\u00e9m de necess\u00e1ria, tamb\u00e9m cumpre as normas de tr\u00e2nsito da UE.<\/p>","protected":false},"excerpt":{"rendered":"<p>A placa de identifica\u00e7\u00e3o met\u00e1lica V20 visa alertar outros motoristas de que a carga do ve\u00edculo est\u00e1 saliente. A placa \u00e9 completamente legal, pois \u00e9 aprovada para uso na Espanha.<\/p>\n<p>Esta placa \u00e9 completamente necess\u00e1ria para <a href=\"https:\/\/jauteco.com\/pt\/productos\/accesorios-para-perros\/\">Reboques sem caixa de reboque,<\/a> para o transporte de animais. Com isso, tamb\u00e9m podemos aumentar a seguran\u00e7a impedindo que outros drivers sejam carregados.<\/p>\n<h3><\/h3>","protected":false},"featured_media":1635,"comment_status":"closed","ping_status":"closed","template":"","meta":[],"product_brand":[],"product_cat":[1650,616],"product_tag":[629,855,631,630],"class_list":{"0":"post-1632","1":"product","2":"type-product","3":"status-publish","4":"has-post-thumbnail","6":"product_cat-portaperros","7":"product_cat-accesorios-para-perros","8":"product_tag-accesorios-para-perros","9":"product_tag-placa-senalizacion-v20","10":"product_tag-remolques","11":"product_tag-towbox","13":"first","14":"outofstock","15":"taxable","16":"shipping-taxable","17":"purchasable","18":"product-type-simple"},"_links":{"self":[{"href":"https:\/\/jauteco.com\/pt\/wp-json\/wp\/v2\/product\/1632","targetHints":{"allow":["GET"]}}],"collection":[{"href":"https:\/\/jauteco.com\/pt\/wp-json\/wp\/v2\/product"}],"about":[{"href":"https:\/\/jauteco.com\/pt\/wp-json\/wp\/v2\/types\/product"}],"replies":[{"embeddable":true,"href":"https:\/\/jauteco.com\/pt\/wp-json\/wp\/v2\/comments?post=1632"}],"version-history":[{"count":0,"href":"https:\/\/jauteco.com\/pt\/wp-json\/wp\/v2\/product\/1632\/revisions"}],"wp:featuredmedia":[{"embeddable":true,"href":"https:\/\/jauteco.com\/pt\/wp-json\/wp\/v2\/media\/1635"}],"wp:attachment":[{"href":"https:\/\/jauteco.com\/pt\/wp-json\/wp\/v2\/media?parent=1632"}],"wp:term":[{"taxonomy":"product_brand","embeddable":true,"href":"https:\/\/jauteco.com\/pt\/wp-json\/wp\/v2\/product_brand?post=1632"},{"taxonomy":"product_cat","embeddable":true,"href":"https:\/\/jauteco.com\/pt\/wp-json\/wp\/v2\/product_cat?post=1632"},{"taxonomy":"product_tag","embeddable":true,"href":"https:\/\/jauteco.com\/pt\/wp-json\/wp\/v2\/product_tag?post=1632"}],"curies":[{"name":"wp","href":"https:\/\/api.w.org\/{rel}","templated":true}]}}