{"id":1641,"date":"2017-09-28T09:21:27","date_gmt":"2017-09-28T09:21:27","guid":{"rendered":"https:\/\/jauteco.com\/?post_type=product&#038;p=1641"},"modified":"2025-09-02T09:57:54","modified_gmt":"2025-09-02T09:57:54","slug":"jaula-transporte-palomas-2-departamentos","status":"publish","type":"product","link":"https:\/\/jauteco.com\/pt\/tienda\/jaula-transporte-palomas-2-departamentos\/","title":{"rendered":"Palomas cage 2 apartamentos"},"content":{"rendered":"<h2>Palomas cage 2 apartamentos<\/h2>\n<p>Os dois departamentos da Palomas Cage s\u00e3o usados para o<strong> transporte de pombos, codornizes ou outras aves de caracter\u00edsticas semelhantes.<\/strong> Este produto \u00e9 feito de materiais resistentes que impedem que o animal escape, al\u00e9m de sofrer qualquer dano.<\/p>\n<p>As grades com as quais a gaiola \u00e9 feita facilita o transporte de animais <strong>flex\u00edvel e seguro<\/strong>. O produto possui v\u00e1rios acess\u00f3rios, como <strong>uma calha e uma calha<\/strong> para os p\u00e1ssaros<\/p>\n<p>No centro da gaiola, uma grade, a parte em <strong>duas metades<\/strong>, para que os animais possam<strong> ser separado<\/strong> sem perigo de atacar um ao outro. Tamb\u00e9m \u00e9 poss\u00edvel transportar dois tipos de<strong> p\u00e1ssaros diferentes<\/strong>, cada um em uma parte da gaiola.<\/p>\n<p>O <strong>A gaiola para pombos est\u00e1 em conformidade com todos os regulamentos da Lei de Prote\u00e7\u00e3o Animal<\/strong>. \u00c9 aconselh\u00e1vel visitar a gaiola de transporte de pombos todos os dias, para que o animal sofra fome ou sede.<\/p>\n<p>Pombos e codorna s\u00e3o animais com uma dieta variada. Ao encher o alimentador, \u00e9 aconselh\u00e1vel usar alimentos de trigo ou gr\u00e3os, para que essas aves tenham alimenta\u00e7\u00e3o adequada.<\/p>\n<p>As <strong>caracteristicas<\/strong> dos departamentos Cage of Pigeons 2 s\u00e3o os seguintes:<\/p>\n<p><strong>Dimens\u00f5es:<\/strong>\u00a0500 x 585 x 260 mm.<\/p>\n<p><strong>Compartimento:<\/strong>\u00a0250 x 440 x 260 mm.<\/p>","protected":false},"excerpt":{"rendered":"<p>A gaiola de pombos de dois departamentos \u00e9 usada para transportar pombos, codornizes ou outras aves com caracter\u00edsticas semelhantes. Este produto \u00e9 feito de materiais resistentes que impedem que o animal escape, al\u00e9m de n\u00e3o sofrer nenhum dano.<\/p>\n<p>As grades com as quais a gaiola \u00e9 feita tornam o transporte de animais flex\u00edvel e sem perigo. O produto possui v\u00e1rios acess\u00f3rios, como uma calha e um alimentador de p\u00e1ssaros.<\/p>\n<p>No centro da gaiola, uma grade a divide em duas metades.<\/p>","protected":false},"featured_media":1643,"comment_status":"closed","ping_status":"closed","template":"","meta":[],"product_brand":[],"product_cat":[907],"product_tag":[922,920,921],"class_list":{"0":"post-1641","1":"product","2":"type-product","3":"status-publish","4":"has-post-thumbnail","6":"product_cat-transporte-animales","7":"product_tag-jaulas-transporte","8":"product_tag-jaulas-transporte-palomas","9":"product_tag-palomas","10":"product_shipping_class-jaulas","12":"first","13":"outofstock","14":"taxable","15":"shipping-taxable","16":"purchasable","17":"product-type-simple"},"_links":{"self":[{"href":"https:\/\/jauteco.com\/pt\/wp-json\/wp\/v2\/product\/1641","targetHints":{"allow":["GET"]}}],"collection":[{"href":"https:\/\/jauteco.com\/pt\/wp-json\/wp\/v2\/product"}],"about":[{"href":"https:\/\/jauteco.com\/pt\/wp-json\/wp\/v2\/types\/product"}],"replies":[{"embeddable":true,"href":"https:\/\/jauteco.com\/pt\/wp-json\/wp\/v2\/comments?post=1641"}],"version-history":[{"count":0,"href":"https:\/\/jauteco.com\/pt\/wp-json\/wp\/v2\/product\/1641\/revisions"}],"wp:featuredmedia":[{"embeddable":true,"href":"https:\/\/jauteco.com\/pt\/wp-json\/wp\/v2\/media\/1643"}],"wp:attachment":[{"href":"https:\/\/jauteco.com\/pt\/wp-json\/wp\/v2\/media?parent=1641"}],"wp:term":[{"taxonomy":"product_brand","embeddable":true,"href":"https:\/\/jauteco.com\/pt\/wp-json\/wp\/v2\/product_brand?post=1641"},{"taxonomy":"product_cat","embeddable":true,"href":"https:\/\/jauteco.com\/pt\/wp-json\/wp\/v2\/product_cat?post=1641"},{"taxonomy":"product_tag","embeddable":true,"href":"https:\/\/jauteco.com\/pt\/wp-json\/wp\/v2\/product_tag?post=1641"}],"curies":[{"name":"wp","href":"https:\/\/api.w.org\/{rel}","templated":true}]}}