{"id":1647,"date":"2017-09-28T10:09:59","date_gmt":"2017-09-28T10:09:59","guid":{"rendered":"https:\/\/jauteco.com\/?post_type=product&#038;p=1647"},"modified":"2025-09-02T09:56:45","modified_gmt":"2025-09-02T09:56:45","slug":"jaula-palomas-4-departamentos","status":"publish","type":"product","link":"https:\/\/jauteco.com\/pt\/tienda\/jaula-palomas-4-departamentos\/","title":{"rendered":"Gaiola de pombo 4 departamentos"},"content":{"rendered":"<h3>Jaula Palomas 4 departamentos AGOTADAS<\/h3>\n<p>Os quatro departamentos do Pigeon Cage s\u00e3o usados para<strong>\u00a0transporte de pombos, codornizes ou outras aves de caracter\u00edsticas semelhantes.<\/strong>\u00a0Este produto \u00e9 feito de materiais resistentes que impedem que o animal escape, al\u00e9m de sofrer qualquer dano.<\/p>\n<p>As grades com as quais a gaiola \u00e9 feita facilita o transporte de animais\u00a0<strong>flex\u00edvel e seguro<\/strong>. O produto possui v\u00e1rios acess\u00f3rios, como\u00a0<strong>uma calha e uma calha<\/strong>\u00a0para os p\u00e1ssaros<\/p>\n<p>No centro da gaiola, uma grade na parte em\u00a0<strong>quatro metades<\/strong>, para que os animais possam<strong>\u00a0ser separado<\/strong>\u00a0sem perigo de atacar um ao outro. Tamb\u00e9m \u00e9 poss\u00edvel transportar at\u00e9 quatro tipos de<strong>\u00a0p\u00e1ssaros diferentes<\/strong>, cada um em uma parte da gaiola.<\/p>\n<p>Possibilidade de escolha ao comprar o produto, <strong>escolha com pernas ou sem.<\/strong><\/p>\n<p>O\u00a0<strong>A gaiola para pombos est\u00e1 em conformidade com todos os regulamentos da Lei de Prote\u00e7\u00e3o Animal<\/strong>. \u00c9 aconselh\u00e1vel visitar a gaiola de transporte de pombos todos os dias, para que o animal sofra fome ou sede.<\/p>\n<p>Pombos e codorna s\u00e3o animais com uma dieta variada. Ao encher o alimentador, \u00e9 aconselh\u00e1vel usar alimentos de trigo ou gr\u00e3os, para que essas aves tenham alimenta\u00e7\u00e3o adequada.<\/p>\n<p>As\u00a0<strong>caracteristicas<\/strong>\u00a0dos departamentos do Pigeon Cage 4 s\u00e3o os seguintes:<\/p>\n<p><strong>Dimens\u00f5es:<\/strong>\u00a01040 x 585 x 260 mm.<\/p>\n<p><strong>Compartimento:\u00a0<\/strong>250 x 440 x 260 mm.<\/p>\n<p>&nbsp;<\/p>\n<p>&nbsp;<\/p>","protected":false},"excerpt":{"rendered":"<p>Os quatro departamentos da gaiola de pombo s\u00e3o utilizados para o transporte de pombos, codornizes ou outras aves de caracter\u00edsticas semelhantes. Este produto \u00e9 feito de materiais resistentes que impedem que o animal escape, al\u00e9m de sofrer qualquer dano.<\/p>\n<p>As grades com as quais a gaiola \u00e9 feita tornam o transporte de animais flex\u00edvel e sem perigo. O produto possui v\u00e1rios acess\u00f3rios, como uma calha e um alimentador de p\u00e1ssaros.<\/p>\n<p>Possibilidade de escolha ao comprar o produto, <strong>escolha com pernas ou sem<\/strong><\/p>","protected":false},"featured_media":1648,"comment_status":"closed","ping_status":"closed","template":"","meta":[],"product_brand":[],"product_cat":[907],"product_tag":[922,920,921],"class_list":{"0":"post-1647","1":"product","2":"type-product","3":"status-publish","4":"has-post-thumbnail","6":"product_cat-transporte-animales","7":"product_tag-jaulas-transporte","8":"product_tag-jaulas-transporte-palomas","9":"product_tag-palomas","10":"product_shipping_class-jaulas","12":"first","13":"instock","14":"taxable","15":"shipping-taxable","16":"product-type-variable"},"_links":{"self":[{"href":"https:\/\/jauteco.com\/pt\/wp-json\/wp\/v2\/product\/1647","targetHints":{"allow":["GET"]}}],"collection":[{"href":"https:\/\/jauteco.com\/pt\/wp-json\/wp\/v2\/product"}],"about":[{"href":"https:\/\/jauteco.com\/pt\/wp-json\/wp\/v2\/types\/product"}],"replies":[{"embeddable":true,"href":"https:\/\/jauteco.com\/pt\/wp-json\/wp\/v2\/comments?post=1647"}],"version-history":[{"count":0,"href":"https:\/\/jauteco.com\/pt\/wp-json\/wp\/v2\/product\/1647\/revisions"}],"wp:featuredmedia":[{"embeddable":true,"href":"https:\/\/jauteco.com\/pt\/wp-json\/wp\/v2\/media\/1648"}],"wp:attachment":[{"href":"https:\/\/jauteco.com\/pt\/wp-json\/wp\/v2\/media?parent=1647"}],"wp:term":[{"taxonomy":"product_brand","embeddable":true,"href":"https:\/\/jauteco.com\/pt\/wp-json\/wp\/v2\/product_brand?post=1647"},{"taxonomy":"product_cat","embeddable":true,"href":"https:\/\/jauteco.com\/pt\/wp-json\/wp\/v2\/product_cat?post=1647"},{"taxonomy":"product_tag","embeddable":true,"href":"https:\/\/jauteco.com\/pt\/wp-json\/wp\/v2\/product_tag?post=1647"}],"curies":[{"name":"wp","href":"https:\/\/api.w.org\/{rel}","templated":true}]}}