{"id":1653,"date":"2017-09-28T10:43:08","date_gmt":"2017-09-28T10:43:08","guid":{"rendered":"https:\/\/jauteco.com\/?post_type=product&#038;p=1653"},"modified":"2024-10-08T12:40:09","modified_gmt":"2024-10-08T12:40:09","slug":"cesta-plastico-palomas-codornices","status":"publish","type":"product","link":"https:\/\/jauteco.com\/pt\/tienda\/cesta-plastico-palomas-codornices\/","title":{"rendered":"Gaiola para transporte de pombos e codornizes"},"content":{"rendered":"<h2>Gaiola para transporte de pombos e codornizes<\/h2>\n<p>A gaiola de transporte de pombos e codornizes \u00e9 usada para<strong>\u00a0transporte de pombos, codornizes ou outras aves de caracter\u00edsticas semelhantes.<\/strong>\u00a0Este produto \u00e9 feito de materiais resistentes que impedem que o animal escape, al\u00e9m de sofrer qualquer dano.<\/p>\n<p>O pl\u00e1stico com o qual a gaiola \u00e9 feita facilita o transporte de animais\u00a0<strong>flex\u00edvel e seguro<\/strong>. O produto tem uma entrada na parte superior e na lateral para introduzir o p\u00e1ssaro.<\/p>\n<p>Grelhas de pl\u00e1stico<strong> permitir que o p\u00e1ssaro respire sem problemas<\/strong>, al\u00e9m de poder transport\u00e1-los de maneira confort\u00e1vel e flex\u00edvel. A grande capacidade da gaiola<strong> permite transportar v\u00e1rios animais<\/strong>, dentro da mesma c\u00e9lula.<\/p>\n<p>O\u00a0<strong>A Gaiola de Transporte Paloma y Quaorn est\u00e1 em conformidade com todos os regulamentos da Lei de Prote\u00e7\u00e3o Animal<\/strong>. \u00c9 aconselh\u00e1vel visitar a cesta pl\u00e1stica de pombos e codornizes todos os dias, evitando assim que o animal sofra fome ou sede.<\/p>\n<p>Pombos e codorna s\u00e3o aves de tamanho m\u00e9dio, com uma dieta variada. \u00c9 essencial fornecer os alimentos e bebidas necess\u00e1rios para essas aves, pois, al\u00e9m de serem imorais, <strong>O n\u00e3o fornecimento de animais com necessidades b\u00e1sicas \u00e9 pun\u00edvel por lei.<\/strong><\/p>\n<p><strong>Caracteristicas<\/strong> da gaiola de transporte de pombos e codornizes:<\/p>\n<p><strong>Dimens\u00f5es:<\/strong>\u00a0675 x 450 x 150 mm.<\/p>\n<p>&nbsp;<\/p>","protected":false},"excerpt":{"rendered":"<p>A cesta pl\u00e1stica de pombas e codorniz \u00e9 usada para<strong>\u00a0transporte de pombos, codornizes ou outras aves de caracter\u00edsticas semelhantes.<\/strong>\u00a0Este produto \u00e9 feito de materiais resistentes que impedem que o animal escape, al\u00e9m de sofrer qualquer dano.<\/p>\n<p>O pl\u00e1stico com o qual a gaiola \u00e9 feita facilita o transporte de animais\u00a0<strong>flex\u00edvel e seguro<\/strong>. O produto tem uma entrada na parte superior e na lateral para introduzir o p\u00e1ssaro.<\/p>","protected":false},"featured_media":1654,"comment_status":"closed","ping_status":"closed","template":"","meta":[],"product_brand":[],"product_cat":[907],"product_tag":[922,920,921],"class_list":{"0":"post-1653","1":"product","2":"type-product","3":"status-publish","4":"has-post-thumbnail","6":"product_cat-transporte-animales","7":"product_tag-jaulas-transporte","8":"product_tag-jaulas-transporte-palomas","9":"product_tag-palomas","10":"product_shipping_class-jaulas","12":"first","13":"instock","14":"taxable","15":"shipping-taxable","16":"purchasable","17":"product-type-simple"},"_links":{"self":[{"href":"https:\/\/jauteco.com\/pt\/wp-json\/wp\/v2\/product\/1653","targetHints":{"allow":["GET"]}}],"collection":[{"href":"https:\/\/jauteco.com\/pt\/wp-json\/wp\/v2\/product"}],"about":[{"href":"https:\/\/jauteco.com\/pt\/wp-json\/wp\/v2\/types\/product"}],"replies":[{"embeddable":true,"href":"https:\/\/jauteco.com\/pt\/wp-json\/wp\/v2\/comments?post=1653"}],"version-history":[{"count":0,"href":"https:\/\/jauteco.com\/pt\/wp-json\/wp\/v2\/product\/1653\/revisions"}],"wp:featuredmedia":[{"embeddable":true,"href":"https:\/\/jauteco.com\/pt\/wp-json\/wp\/v2\/media\/1654"}],"wp:attachment":[{"href":"https:\/\/jauteco.com\/pt\/wp-json\/wp\/v2\/media?parent=1653"}],"wp:term":[{"taxonomy":"product_brand","embeddable":true,"href":"https:\/\/jauteco.com\/pt\/wp-json\/wp\/v2\/product_brand?post=1653"},{"taxonomy":"product_cat","embeddable":true,"href":"https:\/\/jauteco.com\/pt\/wp-json\/wp\/v2\/product_cat?post=1653"},{"taxonomy":"product_tag","embeddable":true,"href":"https:\/\/jauteco.com\/pt\/wp-json\/wp\/v2\/product_tag?post=1653"}],"curies":[{"name":"wp","href":"https:\/\/api.w.org\/{rel}","templated":true}]}}