{"id":1656,"date":"2017-09-28T11:33:52","date_gmt":"2017-09-28T11:33:52","guid":{"rendered":"https:\/\/jauteco.com\/?post_type=product&#038;p=1656"},"modified":"2022-08-11T10:27:22","modified_gmt":"2022-08-11T10:27:22","slug":"bebedero-perdices-plastico","status":"publish","type":"product","link":"https:\/\/jauteco.com\/pt\/tienda\/bebedero-perdices-plastico\/","title":{"rendered":"Bebedor de perdiz em pl\u00e1stico"},"content":{"rendered":"<h3>Bebedor de perdiz em pl\u00e1stico<\/h3>\n<p>O bebedor de perdiz de pl\u00e1stico \u00e9 um produto projetado para que as perdizes ou outras aves semelhantes possam beber. O produto possui as caracter\u00edsticas necess\u00e1rias para fornecer \u00e1gua \u00e0 perdiz.<\/p>\n<p>Sua boca em particular afugenta javalis, gado ou outros tipos de animais, de modo que o bebedor \u00e9 particularmente para p\u00e1ssaros, especificamente perdizes. Al\u00e9m disso, a \u00e1gua tamb\u00e9m ser\u00e1 protegida contra parasitas e outros predadores, evitando poss\u00edveis doen\u00e7as.<\/p>\n<p>A cor verde da calha permite que ela se adapte perfeitamente ao ambiente natural. Essa adapta\u00e7\u00e3o far\u00e1 com que a perdiz v\u00e1 beber, pois ver\u00e1 algo natural no bebedor.<\/p>\n<p>La compra de este producto incluye, boya, cuatro tornillos, estos ser\u00e1n necesarios para la sujeci\u00f3n y el anclaje en el suelo. Si se hace de forma correcta, los animales no tendr\u00e1n la capacidad de romper o mover el producto.<\/p>\n<p>Atra\u00eddos pela \u00e1gua que sai da calha, as perdizes da regi\u00e3o passam a beber, para que o ser humano possa controlar a quantidade de esp\u00e9cies da regi\u00e3o, evitando superpopula\u00e7\u00f5es ou poss\u00edveis doen\u00e7as.<\/p>\n<p>Gra\u00e7as aos bebedouros, os ca\u00e7adores podem controlar diferentes esp\u00e9cies de animais, sem a necessidade de mais trabalho manual.<\/p>\n<p>O bebedor de perdiz de pl\u00e1stico tem as seguintes caracter\u00edsticas:<\/p>\n<p><strong>Dimens\u00f5es:<\/strong>\u00a0235 x 365 x 80 mm.<\/p>","protected":false},"excerpt":{"rendered":"<p>O bebedor de perdiz de pl\u00e1stico \u00e9 um produto projetado para que as perdizes ou outras aves semelhantes possam beber. O produto possui as caracter\u00edsticas necess\u00e1rias para fornecer \u00e1gua \u00e0 perdiz.<\/p>\n<p>Sua boca em particular afugenta javalis, gado ou outros tipos de animais, de modo que o bebedor \u00e9 particularmente para p\u00e1ssaros, especificamente perdizes. Al\u00e9m disso, a \u00e1gua tamb\u00e9m ser\u00e1 protegida contra parasitas e outros predadores, evitando poss\u00edveis doen\u00e7as.<\/p>","protected":false},"featured_media":1657,"comment_status":"closed","ping_status":"closed","template":"","meta":[],"product_brand":[],"product_cat":[10],"product_tag":[769,946,770],"class_list":{"0":"post-1656","1":"product","2":"type-product","3":"status-publish","4":"has-post-thumbnail","6":"product_cat-bebederos","7":"product_tag-bebederos","8":"product_tag-bebederos-perdices","9":"product_tag-perdices","10":"product_shipping_class-jaulas","12":"first","13":"instock","14":"taxable","15":"shipping-taxable","16":"purchasable","17":"product-type-simple"},"_links":{"self":[{"href":"https:\/\/jauteco.com\/pt\/wp-json\/wp\/v2\/product\/1656","targetHints":{"allow":["GET"]}}],"collection":[{"href":"https:\/\/jauteco.com\/pt\/wp-json\/wp\/v2\/product"}],"about":[{"href":"https:\/\/jauteco.com\/pt\/wp-json\/wp\/v2\/types\/product"}],"replies":[{"embeddable":true,"href":"https:\/\/jauteco.com\/pt\/wp-json\/wp\/v2\/comments?post=1656"}],"version-history":[{"count":0,"href":"https:\/\/jauteco.com\/pt\/wp-json\/wp\/v2\/product\/1656\/revisions"}],"wp:featuredmedia":[{"embeddable":true,"href":"https:\/\/jauteco.com\/pt\/wp-json\/wp\/v2\/media\/1657"}],"wp:attachment":[{"href":"https:\/\/jauteco.com\/pt\/wp-json\/wp\/v2\/media?parent=1656"}],"wp:term":[{"taxonomy":"product_brand","embeddable":true,"href":"https:\/\/jauteco.com\/pt\/wp-json\/wp\/v2\/product_brand?post=1656"},{"taxonomy":"product_cat","embeddable":true,"href":"https:\/\/jauteco.com\/pt\/wp-json\/wp\/v2\/product_cat?post=1656"},{"taxonomy":"product_tag","embeddable":true,"href":"https:\/\/jauteco.com\/pt\/wp-json\/wp\/v2\/product_tag?post=1656"}],"curies":[{"name":"wp","href":"https:\/\/api.w.org\/{rel}","templated":true}]}}