{"id":166,"date":"2017-03-29T21:58:38","date_gmt":"2017-03-29T21:58:38","guid":{"rendered":"https:\/\/jauteco.com\/?post_type=product&#038;p=166"},"modified":"2024-10-08T12:40:10","modified_gmt":"2024-10-08T12:40:10","slug":"comedero-jabalies","status":"publish","type":"product","link":"https:\/\/jauteco.com\/pt\/tienda\/comedero-jabalies\/","title":{"rendered":"Alimentador de javali"},"content":{"rendered":"<h3>Alimentador de javali<\/h3>\n<p>O Alimentador de Javalis \u00e9 ideal para alimentar esses animais, indo especificamente para a \u00e1rea que queremos.<\/p>\n<p>Inclui: cabos de ancoragem, \u00e2ncoras e 14 furos com ilh\u00f3s de metal.<\/p>\n<p>Alta resist\u00eancia a intemp\u00e9ries.<\/p>\n<p>Feito de pl\u00e1stico especial <strong>resistente a rasgos<\/strong> e \u00e0 percuss\u00e3o que garante uma vida \u00fatil longa. Seus orif\u00edcios de eje\u00e7\u00e3o de lat\u00e3o refor\u00e7ado impedem que sejam ro\u00eddos por ratos, ratos e esquilos.<\/p>\n<p>Taxa de ocupa\u00e7\u00e3o ideal para acessar gr\u00e3os de milho, <strong>Javalis e sua ninhada rolar a gaiola<\/strong>; o milho sai em quantidades muito pequenas.<\/p>\n<p><strong>Acesso a alimentos apenas para javalis<\/strong> Devido ao seu design, os javalis s\u00e3o os \u00fanicos que podem acessar o feed. Por esse motivo, n\u00e3o entra em conflito com nenhuma proibi\u00e7\u00e3o de engodo de ca\u00e7a ou engorda da qual o javali est\u00e1 exclu\u00eddo.<\/p>\n<p><strong>Despesa m\u00ednima de tempo<\/strong> \/ sem inconvenientes desnecess\u00e1rios, ao contr\u00e1rio do que acontece ao espalhar o alimento manualmente, neste caso, n\u00e3o \u00e9 necess\u00e1rio encher o barril diariamente. Dessa forma, o inconveniente para os ca\u00e7adores \u00e9 minimizado.<\/p>\n<p>Despesas m\u00ednimas de m\u00e3o de obra, um alimentador de barril para Wild Boars \u00e9 fornecido com uma haste de ancoragem e cabo de a\u00e7o. Basta fixar o espeto de ancoragem no ch\u00e3o e continuar enchendo o barril com milho.<\/p>\n<p><b><\/b><strong>N\u00e3o suja os alimentos devido ao seu design<\/strong>, n\u00e3o h\u00e1 possibilidade de que a alimenta\u00e7\u00e3o dentro do alimentador fique suja com excrementos, sujeira ou parasitas. Al\u00e9m disso, o milho em gr\u00e3o n\u00e3o perde a atratividade para o javali em v\u00e1rias semanas.<\/p>","protected":false},"excerpt":{"rendered":"<p>Distribuidor de javali no barril (inclui cabo e \u00e2ncora)<\/p>\n<p>Principais caracter\u00edsticas:<\/p>\n<p>Alta prote\u00e7\u00e3o contra entupimentos dos orif\u00edcios na abertura do t\u00fanel lateral.<\/p>\n<p>F\u00e1cil uso de v\u00e1rios alimentos.<\/p>\n<p>Pl\u00e1stico de alta resist\u00eancia.<\/p>\n<p>Capacidade 18 kgs<\/p>\n<p>&nbsp;<\/p>","protected":false},"featured_media":167,"comment_status":"closed","ping_status":"closed","template":"","meta":[],"product_brand":[],"product_cat":[9],"product_tag":[2564,742,762],"class_list":{"0":"post-166","1":"product","2":"type-product","3":"status-publish","4":"has-post-thumbnail","6":"product_cat-comederos","7":"product_tag-caza-mayor","8":"product_tag-comederos","9":"product_tag-jabali","10":"product_shipping_class-jaulas","12":"first","13":"instock","14":"taxable","15":"shipping-taxable","16":"product-type-simple"},"_links":{"self":[{"href":"https:\/\/jauteco.com\/pt\/wp-json\/wp\/v2\/product\/166","targetHints":{"allow":["GET"]}}],"collection":[{"href":"https:\/\/jauteco.com\/pt\/wp-json\/wp\/v2\/product"}],"about":[{"href":"https:\/\/jauteco.com\/pt\/wp-json\/wp\/v2\/types\/product"}],"replies":[{"embeddable":true,"href":"https:\/\/jauteco.com\/pt\/wp-json\/wp\/v2\/comments?post=166"}],"version-history":[{"count":0,"href":"https:\/\/jauteco.com\/pt\/wp-json\/wp\/v2\/product\/166\/revisions"}],"wp:featuredmedia":[{"embeddable":true,"href":"https:\/\/jauteco.com\/pt\/wp-json\/wp\/v2\/media\/167"}],"wp:attachment":[{"href":"https:\/\/jauteco.com\/pt\/wp-json\/wp\/v2\/media?parent=166"}],"wp:term":[{"taxonomy":"product_brand","embeddable":true,"href":"https:\/\/jauteco.com\/pt\/wp-json\/wp\/v2\/product_brand?post=166"},{"taxonomy":"product_cat","embeddable":true,"href":"https:\/\/jauteco.com\/pt\/wp-json\/wp\/v2\/product_cat?post=166"},{"taxonomy":"product_tag","embeddable":true,"href":"https:\/\/jauteco.com\/pt\/wp-json\/wp\/v2\/product_tag?post=166"}],"curies":[{"name":"wp","href":"https:\/\/api.w.org\/{rel}","templated":true}]}}