{"id":168,"date":"2017-03-29T22:09:48","date_gmt":"2017-03-29T22:09:48","guid":{"rendered":"https:\/\/jauteco.com\/?post_type=product&#038;p=168"},"modified":"2019-02-28T11:29:26","modified_gmt":"2019-02-28T11:29:26","slug":"comedero-automatico-1-2-tiradas-al-dia","status":"publish","type":"product","link":"https:\/\/jauteco.com\/pt\/tienda\/comedero-automatico-1-2-tiradas-al-dia\/","title":{"rendered":"1 ou 2 alimentador di\u00e1rio autom\u00e1tico"},"content":{"rendered":"<h3>Alimentador Autom\u00e1tico<\/h3>\n<p><strong>Alimentador autom\u00e1tico indicado para v\u00e1rios animais (como javalis, ca\u00e7a grossa e animais dom\u00e9sticos)<\/strong>\u00a01 ou 2 s\u00e9ries de gr\u00e3os program\u00e1veis todos os dias. Com eles <strong>animais vir\u00e3o<\/strong> para a \u00e1rea onde o alimentador est\u00e1 localizado diariamente.<\/p>\n<p>A calha \u00e9 <strong>mec\u00e2nico<\/strong> raz\u00e3o pela qual o humano ter\u00e1 que realizar sua montagem. O pr\u00f3prio alimentador retira automaticamente os alimentos programados para cada dia.<\/p>\n<p>O produto inclui bateria, mecaniza\u00e7\u00e3o para pendurar e <strong>diferentes capacidades de dep\u00f3sito<\/strong>: 60 e 120 Kgs (escolha no menu); Se escolhermos uma capacidade de dep\u00f3sito maior, o alimentador poder\u00e1 ser programado por um n\u00famero maior de dias sem a necessidade de o ser humano preench\u00ea-lo novamente.<\/p>\n<p><strong>Elevador (opcional)<\/strong> para o alimentador autom\u00e1tico com mecanismo para elevar e abaixar muito facilmente o alimentador. Recomendado para facilitar o trabalho de montagem para seres humanos.<\/p>\n<p><strong>Coloque o alimentador em um local alto,<\/strong> para que os animais n\u00e3o o alcancem e os impe\u00e7am de derrub\u00e1-lo<\/p>\n<p>Altamente recomendado para <strong>animais de grande jogo,\u00a0<\/strong>como javalis ou veados, bem como produtos dom\u00e9sticos. Alimentar animais soltos, dispersando todos os tipos de cereais, de prefer\u00eancia trigo, milho, yeros ou ervilhaca (qualquer tipo de cereal de gr\u00e3o redondo e n\u00e3o aqueles com sucata de aveia)<\/p>\n<p>Desde a sua cria\u00e7\u00e3o,<strong> alimentadores autom\u00e1ticos t\u00eam sido uma grande ajuda para os ca\u00e7adores.<\/strong> O agendamento do alimentador, ao mesmo tempo, permite que os ca\u00e7adores controlem as presas sem a necessidade de ir pessoalmente atra\u00ed-las dia ap\u00f3s dia, investindo menos tempo e esfor\u00e7o para a mesma pr\u00e1tica.<\/p>\n<p><strong>Escolher<\/strong> no momento da compra do <strong>tamanho do tambor desejado, bem como adicionar o elevador.<\/strong><\/p>\n<p>&nbsp;<\/p>","protected":false},"excerpt":{"rendered":"<p>Alimentador autom\u00e1tico para animais de grande porte e animais dom\u00e9sticos, program\u00e1vel 1 ou 2 s\u00e9ries de gr\u00e3os todos os dias.<\/p>\n<p>Inclui bateria, mecaniza\u00e7\u00e3o de suspens\u00e3o e diferentes capacidades do tanque: 60 e 120 Kgs. (Escolha no menu).<\/p>\n<p>Elevador (opcional) para o alimentador autom\u00e1tico com mecanismo para elevar e abaixar muito facilmente o alimentador.<strong> PRE\u00c7O \u20ac 229<\/strong> (Verificar disponibilidade)<\/p>","protected":false},"featured_media":171,"comment_status":"closed","ping_status":"closed","template":"","meta":[],"product_brand":[],"product_cat":[9],"product_tag":[2564,1764],"class_list":{"0":"post-168","1":"product","2":"type-product","3":"status-publish","4":"has-post-thumbnail","6":"product_cat-comederos","7":"product_tag-caza-mayor","8":"product_tag-comedero-automatico","9":"product_shipping_class-jaulas","11":"first","12":"instock","13":"taxable","14":"shipping-taxable","15":"product-type-simple"},"_links":{"self":[{"href":"https:\/\/jauteco.com\/pt\/wp-json\/wp\/v2\/product\/168","targetHints":{"allow":["GET"]}}],"collection":[{"href":"https:\/\/jauteco.com\/pt\/wp-json\/wp\/v2\/product"}],"about":[{"href":"https:\/\/jauteco.com\/pt\/wp-json\/wp\/v2\/types\/product"}],"replies":[{"embeddable":true,"href":"https:\/\/jauteco.com\/pt\/wp-json\/wp\/v2\/comments?post=168"}],"version-history":[{"count":0,"href":"https:\/\/jauteco.com\/pt\/wp-json\/wp\/v2\/product\/168\/revisions"}],"wp:featuredmedia":[{"embeddable":true,"href":"https:\/\/jauteco.com\/pt\/wp-json\/wp\/v2\/media\/171"}],"wp:attachment":[{"href":"https:\/\/jauteco.com\/pt\/wp-json\/wp\/v2\/media?parent=168"}],"wp:term":[{"taxonomy":"product_brand","embeddable":true,"href":"https:\/\/jauteco.com\/pt\/wp-json\/wp\/v2\/product_brand?post=168"},{"taxonomy":"product_cat","embeddable":true,"href":"https:\/\/jauteco.com\/pt\/wp-json\/wp\/v2\/product_cat?post=168"},{"taxonomy":"product_tag","embeddable":true,"href":"https:\/\/jauteco.com\/pt\/wp-json\/wp\/v2\/product_tag?post=168"}],"curies":[{"name":"wp","href":"https:\/\/api.w.org\/{rel}","templated":true}]}}