{"id":1707,"date":"2017-10-02T11:01:15","date_gmt":"2017-10-02T11:01:15","guid":{"rendered":"https:\/\/jauteco.com\/?post_type=product&#038;p=1707"},"modified":"2017-11-28T11:09:42","modified_gmt":"2017-11-28T11:09:42","slug":"bebedero-sifon","status":"publish","type":"product","link":"https:\/\/jauteco.com\/pt\/tienda\/bebedero-sifon\/","title":{"rendered":"Bebedor de sif\u00e3o"},"content":{"rendered":"<h3>Bebedor de sif\u00e3o<\/h3>\n<p>O bebedor de sif\u00e3o \u00e9 um<strong> bebedor ideal para o fornecimento de l\u00edquido para p\u00e1ssaros.<\/strong> Devido \u00e0s suas caracter\u00edsticas, este bebedouro \u00e9 ideal para fornecer perdizes e p\u00e1ssaros semelhantes.<\/p>\n<p>O produto <strong>cont\u00e9m um barril de pl\u00e1stico<\/strong>, em que o <strong>l\u00edquido<\/strong> e que <strong>cair\u00e1 atrav\u00e9s do sif\u00e3o<\/strong> <strong>em uma plataforma de pl\u00e1stico<\/strong> onde os animais ser\u00e3o fornecidos. este <strong>mecanismo \u00e9 simples<\/strong> e eficaz, fornecer corretamente o l\u00edquido.<\/p>\n<p>O barril apresenta <strong>tr\u00eas capacidades diferentes<\/strong> de acordo com as prefer\u00eancias do cliente. Podem ser 20 litros, 30 e tamb\u00e9m 40 litros, quanto maior a capacidade, maior o l\u00edquido fornecido.<\/p>\n<p>O m\u00e9todo de introdu\u00e7\u00e3o \u00e9 atrav\u00e9s de uma tampa, localizada no topo do barril. Essa forma facilita a substitui\u00e7\u00e3o do l\u00edquido pelos seres humanos.<\/p>\n<p>Para segur\u00e1-lo, o produto possui alguns<strong> pernas que te afastam do ch\u00e3o,<\/strong> Isso impede que outros animais ou parasitas bebam ou entrem nele.<\/p>\n<p>O sif\u00e3o transportar\u00e1 a \u00e1gua para a plataforma conforme os animais a consumirem, para que sejam supridas.<\/p>\n<p><strong>Caracteristicas<\/strong> Fonte bebendo do sif\u00e3o:<\/p>\n<p><strong>Pequeno:\u00a0<\/strong><strong>Dimens\u00f5es:<\/strong>\u00a0\u00d8 360 x 615 mm. P\u00e9: 160 mm.\u00a0<strong>Capacidade:<\/strong>\u00a020 l.<\/p>\n<p><strong>M\u00e9dio:\u00a0<\/strong><strong>Dimens\u00f5es:<\/strong>\u00a0\u00d8 320 x 760 mm. P\u00e9: 160 mm.\u00a0<strong>Capacidade:<\/strong>\u00a030 l.<\/p>\n<p><strong>Grande:\u00a0<\/strong><strong>Dimens\u00f5es:<\/strong>\u00a0\u00d8 360 x 830 mm. P\u00e9: 160 mm.\u00a0<strong>Capacidade:<\/strong>\u00a040 l.<\/p>\n<p>&nbsp;<\/p>","protected":false},"excerpt":{"rendered":"<p>O sif\u00e3o \u00e9 um bebedor ideal para o suprimento de l\u00edquidos para p\u00e1ssaros. Devido \u00e0s suas caracter\u00edsticas, este bebedouro \u00e9 ideal para fornecer perdizes e p\u00e1ssaros semelhantes.<\/p>\n<p>O produto cont\u00e9m um barril de pl\u00e1stico, no qual o l\u00edquido \u00e9 introduzido e que cai atrav\u00e9s do sif\u00e3o em uma plataforma de pl\u00e1stico onde os animais ser\u00e3o fornecidos. Este mecanismo \u00e9 simples e eficaz para fornecer corretamente o l\u00edquido.<\/p>\n<p><strong>Escolha o produto de acordo com a capacidade desejada.<\/strong><\/p>","protected":false},"featured_media":1708,"comment_status":"closed","ping_status":"closed","template":"","meta":[],"product_brand":[],"product_cat":[10],"product_tag":[956,1225,946],"class_list":{"0":"post-1707","1":"product","2":"type-product","3":"status-publish","4":"has-post-thumbnail","6":"product_cat-bebederos","7":"product_tag-bebedero","8":"product_tag-bebedero-sifon","9":"product_tag-bebederos-perdices","11":"first","12":"instock","13":"taxable","14":"shipping-taxable","15":"purchasable","16":"product-type-variable"},"_links":{"self":[{"href":"https:\/\/jauteco.com\/pt\/wp-json\/wp\/v2\/product\/1707","targetHints":{"allow":["GET"]}}],"collection":[{"href":"https:\/\/jauteco.com\/pt\/wp-json\/wp\/v2\/product"}],"about":[{"href":"https:\/\/jauteco.com\/pt\/wp-json\/wp\/v2\/types\/product"}],"replies":[{"embeddable":true,"href":"https:\/\/jauteco.com\/pt\/wp-json\/wp\/v2\/comments?post=1707"}],"version-history":[{"count":0,"href":"https:\/\/jauteco.com\/pt\/wp-json\/wp\/v2\/product\/1707\/revisions"}],"wp:featuredmedia":[{"embeddable":true,"href":"https:\/\/jauteco.com\/pt\/wp-json\/wp\/v2\/media\/1708"}],"wp:attachment":[{"href":"https:\/\/jauteco.com\/pt\/wp-json\/wp\/v2\/media?parent=1707"}],"wp:term":[{"taxonomy":"product_brand","embeddable":true,"href":"https:\/\/jauteco.com\/pt\/wp-json\/wp\/v2\/product_brand?post=1707"},{"taxonomy":"product_cat","embeddable":true,"href":"https:\/\/jauteco.com\/pt\/wp-json\/wp\/v2\/product_cat?post=1707"},{"taxonomy":"product_tag","embeddable":true,"href":"https:\/\/jauteco.com\/pt\/wp-json\/wp\/v2\/product_tag?post=1707"}],"curies":[{"name":"wp","href":"https:\/\/api.w.org\/{rel}","templated":true}]}}