{"id":1725,"date":"2017-10-03T08:09:45","date_gmt":"2017-10-03T08:09:45","guid":{"rendered":"https:\/\/jauteco.com\/?post_type=product&#038;p=1725"},"modified":"2024-10-08T12:40:09","modified_gmt":"2024-10-08T12:40:09","slug":"caseta-pet-house","status":"publish","type":"product","link":"https:\/\/jauteco.com\/pt\/tienda\/caseta-pet-house\/","title":{"rendered":"Pet-house shed"},"content":{"rendered":"<h2>Pet-house shed<\/h2>\n<p>La Caseta Pet-house es una caseta para perros que permitir\u00e1 facilitar el descanso de los animales. Este producto re\u00fane las caracter\u00edsticas necesarias para complacer la comodidad del perro.<\/p>\n<p>La puerta que contiene la caseta, permite al humano tener la posibilidad de abrir o cerrar al perro seg\u00fan le convenga. Esto le permite poder tener al animal controlado, siempre que lo requiera.<\/p>\n<p>Adem\u00e1s de las rejillas de la puerta, el producto cuenta con respiraderos en los laterales para permitir que el animal pueda respirar. Contiene unas peque\u00f1as patas que levantan ligeramente la caseta del suelo.<\/p>\n<p>El producto tiene un dise\u00f1o que lo hace muy atractivo a la vista, combinando el color blanco de la caseta con el rojo de la puerta y el tejado. Esto le permite que su est\u00e9tica sea agradable en jardines, as\u00ed como en\u00a0 lugares similares.<\/p>\n<p>La forma triangular del tejado de la caseta evita que nieve o agua se mantengan encima, as\u00ed evitando da\u00f1os. Adem\u00e1s con las patas tambi\u00e9n se evita que el agua pueda entrar en la caseta, para bienestar del animal.<\/p>\n<p>Por sus dimensiones, la Caseta Pet-house es ideal para perros de tama\u00f1o mediano. La Caseta est\u00e1 fabricada en pl\u00e1stico.<\/p>\n<p>Caracter\u00edsticas de la Caseta Pet-house:<\/p>\n<p><strong>Dimens\u00f5es:<\/strong>\u00a0450 x 600 x 715 mm.<\/p>","protected":false},"excerpt":{"rendered":"<p>La Caseta Pet-house es una caseta para perros que permitir\u00e1 facilitar el descanso de los animales. Este producto re\u00fane las caracter\u00edsticas necesarias para complacer la comodidad del perro.<\/p>\n<p>Por sus dimensiones, la Caseta Pet-house es ideal para perros de tama\u00f1o mediano. La Caseta est\u00e1 fabricada en pl\u00e1stico.<\/p>\n<h3><strong>Producto en cajas de 2<\/strong><strong>, pedido m\u00ednimo 2 unidades. Realizar pedidos de cajas completas, en caso contrario ser\u00e1n anulados los mismos.<\/strong><\/h3>","protected":false},"featured_media":1726,"comment_status":"closed","ping_status":"closed","template":"","meta":[],"product_brand":[],"product_cat":[1675,616],"product_tag":[629,1095],"class_list":{"0":"post-1725","1":"product","2":"type-product","3":"status-publish","4":"has-post-thumbnail","6":"product_cat-casetas-perros","7":"product_cat-accesorios-para-perros","8":"product_tag-accesorios-para-perros","9":"product_tag-casetas","10":"product_shipping_class-jaulas","12":"first","13":"outofstock","14":"taxable","15":"shipping-taxable","16":"purchasable","17":"product-type-simple"},"_links":{"self":[{"href":"https:\/\/jauteco.com\/pt\/wp-json\/wp\/v2\/product\/1725","targetHints":{"allow":["GET"]}}],"collection":[{"href":"https:\/\/jauteco.com\/pt\/wp-json\/wp\/v2\/product"}],"about":[{"href":"https:\/\/jauteco.com\/pt\/wp-json\/wp\/v2\/types\/product"}],"replies":[{"embeddable":true,"href":"https:\/\/jauteco.com\/pt\/wp-json\/wp\/v2\/comments?post=1725"}],"version-history":[{"count":0,"href":"https:\/\/jauteco.com\/pt\/wp-json\/wp\/v2\/product\/1725\/revisions"}],"wp:featuredmedia":[{"embeddable":true,"href":"https:\/\/jauteco.com\/pt\/wp-json\/wp\/v2\/media\/1726"}],"wp:attachment":[{"href":"https:\/\/jauteco.com\/pt\/wp-json\/wp\/v2\/media?parent=1725"}],"wp:term":[{"taxonomy":"product_brand","embeddable":true,"href":"https:\/\/jauteco.com\/pt\/wp-json\/wp\/v2\/product_brand?post=1725"},{"taxonomy":"product_cat","embeddable":true,"href":"https:\/\/jauteco.com\/pt\/wp-json\/wp\/v2\/product_cat?post=1725"},{"taxonomy":"product_tag","embeddable":true,"href":"https:\/\/jauteco.com\/pt\/wp-json\/wp\/v2\/product_tag?post=1725"}],"curies":[{"name":"wp","href":"https:\/\/api.w.org\/{rel}","templated":true}]}}