{"id":1727,"date":"2017-10-03T08:41:51","date_gmt":"2017-10-03T08:41:51","guid":{"rendered":"https:\/\/jauteco.com\/?post_type=product&#038;p=1727"},"modified":"2022-01-20T13:25:33","modified_gmt":"2022-01-20T13:25:33","slug":"caseta-doggy-house","status":"publish","type":"product","link":"https:\/\/jauteco.com\/pt\/tienda\/caseta-doggy-house\/","title":{"rendered":"Doggy House"},"content":{"rendered":"<h3>Doggy House<\/h3>\n<p>A Doggy House \u00e9 uma <strong>casinha de cachorro<\/strong> o que facilitar\u00e1<strong> resto dos animais<\/strong>. Este produto tem as caracter\u00edsticas necess\u00e1rias para agradar o conforto do c\u00e3o.<\/p>\n<p>O produto possui<strong> aberturas<\/strong> nas laterais para permitir que o animal respire sem dificuldade. Cont\u00e9m alguns <strong>perninhas<\/strong> que levemente levantam a casa do ch\u00e3o.<\/p>\n<p>A cor do produto que combina o telhado azul com a estrutura cinza-marrom torna <strong>agrad\u00e1vel ao ambiente natural<\/strong> . Isso permite que sua est\u00e9tica seja agrad\u00e1vel em jardins, bem como em locais fechados, como garagens ou similares.<\/p>\n<p>O produto<strong> tem uma porta<\/strong> Isso permitir\u00e1 que o ser humano controle a entrada e a sa\u00edda do c\u00e3o. Desta forma, o animal pode ser trancado quando necess\u00e1rio.<\/p>\n<p>O<strong> forma de telhado oval<\/strong> da casa impede que a neve ou a \u00e1gua fiquem no topo, evitando danos. Al\u00e9m disso, as pernas tamb\u00e9m impedem a entrada de \u00e1gua na casa, para o bem-estar do animal.<\/p>\n<p>Devido \u00e0s suas dimens\u00f5es, a Doggy House \u00e9<strong> ideal para c\u00e3es pequenos e m\u00e9dios<\/strong>. O estande \u00e9 feito de pl\u00e1stico.<\/p>\n<p><strong>Caracteristicas<\/strong> da Doggy House:<\/p>\n<p><strong>Dimens\u00f5es:<\/strong>\u00a0480 x 580 x 660 mm.<\/p>","protected":false},"excerpt":{"rendered":"<p>A Doggy House \u00e9 uma casinha de cachorro que facilitar\u00e1 o resto dos animais. Este produto tem as caracter\u00edsticas necess\u00e1rias para agradar o conforto do c\u00e3o.<\/p>\n<p>Devido \u00e0s suas dimens\u00f5es, a Doggy House \u00e9 ideal para c\u00e3es pequenos e m\u00e9dios. O estande \u00e9 feito de pl\u00e1stico.<\/p>","protected":false},"featured_media":1729,"comment_status":"closed","ping_status":"closed","template":"","meta":[],"product_brand":[],"product_cat":[1675,616],"product_tag":[629,1095],"class_list":{"0":"post-1727","1":"product","2":"type-product","3":"status-publish","4":"has-post-thumbnail","6":"product_cat-casetas-perros","7":"product_cat-accesorios-para-perros","8":"product_tag-accesorios-para-perros","9":"product_tag-casetas","10":"product_shipping_class-jaulas","12":"first","13":"outofstock","14":"taxable","15":"shipping-taxable","16":"purchasable","17":"product-type-simple"},"_links":{"self":[{"href":"https:\/\/jauteco.com\/pt\/wp-json\/wp\/v2\/product\/1727","targetHints":{"allow":["GET"]}}],"collection":[{"href":"https:\/\/jauteco.com\/pt\/wp-json\/wp\/v2\/product"}],"about":[{"href":"https:\/\/jauteco.com\/pt\/wp-json\/wp\/v2\/types\/product"}],"replies":[{"embeddable":true,"href":"https:\/\/jauteco.com\/pt\/wp-json\/wp\/v2\/comments?post=1727"}],"version-history":[{"count":0,"href":"https:\/\/jauteco.com\/pt\/wp-json\/wp\/v2\/product\/1727\/revisions"}],"wp:featuredmedia":[{"embeddable":true,"href":"https:\/\/jauteco.com\/pt\/wp-json\/wp\/v2\/media\/1729"}],"wp:attachment":[{"href":"https:\/\/jauteco.com\/pt\/wp-json\/wp\/v2\/media?parent=1727"}],"wp:term":[{"taxonomy":"product_brand","embeddable":true,"href":"https:\/\/jauteco.com\/pt\/wp-json\/wp\/v2\/product_brand?post=1727"},{"taxonomy":"product_cat","embeddable":true,"href":"https:\/\/jauteco.com\/pt\/wp-json\/wp\/v2\/product_cat?post=1727"},{"taxonomy":"product_tag","embeddable":true,"href":"https:\/\/jauteco.com\/pt\/wp-json\/wp\/v2\/product_tag?post=1727"}],"curies":[{"name":"wp","href":"https:\/\/api.w.org\/{rel}","templated":true}]}}