{"id":1731,"date":"2017-10-03T09:55:53","date_gmt":"2017-10-03T09:55:53","guid":{"rendered":"https:\/\/jauteco.com\/?post_type=product&#038;p=1731"},"modified":"2022-01-28T11:39:39","modified_gmt":"2022-01-28T11:39:39","slug":"caseta-plastico-perros","status":"publish","type":"product","link":"https:\/\/jauteco.com\/pt\/tienda\/caseta-plastico-perros\/","title":{"rendered":"Casinha em pl\u00e1stico"},"content":{"rendered":"<h3>Casinha em pl\u00e1stico<\/h3>\n<p>La Caseta pl\u00e1stico es un producto\u00a0<strong>para perros<\/strong>\u00a0o que facilitar\u00e1<strong>\u00a0resto dos animais<\/strong>. Este produto tem as caracter\u00edsticas necess\u00e1rias para agradar o conforto do c\u00e3o.<\/p>\n<p>La forma de cilindro de la caseta le permite<strong> ser cogido de forma pr\u00e1ctica<\/strong> por el humano. De esta manera persona y animal <strong>ganan en comodidad<\/strong>, as\u00ed como en flexibilidad.<\/p>\n<p>El animal podr\u00e1 respirar sin dificultad a trav\u00e9s de la boca de entrada, por su gran amplitud, as\u00ed como por el respiradero trasero. El producto contiene unas\u00a0<strong>perninhas<\/strong>\u00a0que levemente levantam a casa do ch\u00e3o.<\/p>\n<p>El color del producto combina el blanco en la parte superior y el azul marino en la inferior, as\u00ed lo hacen\u00a0<strong>agradable a la vista<\/strong>. Su est\u00e9tica es ideal tanto para lugares cerrados, como para espacios abiertos.<\/p>\n<p>El perro tendr\u00e1 libertad para entrar o salir en la caseta, as\u00ed se mover\u00e1 con total comodidad.<\/p>\n<p>O<strong>\u00a0forma de telhado oval<\/strong>\u00a0da casa impede que a neve ou a \u00e1gua fiquem no topo, evitando danos. Al\u00e9m disso, as pernas tamb\u00e9m impedem a entrada de \u00e1gua na casa, para o bem-estar do animal.<\/p>\n<p>La caseta pl\u00e1stico perros est\u00e1 disponible en tres dimensiones distintas, seg\u00fan el tama\u00f1o del perro.<\/p>\n<p>Caracter\u00edsticas de la caseta pl\u00e1stico de perros:<\/p>\n<p><strong>Peque\u00f1a.<\/strong>\u00a0<strong>Dimens\u00f5es:<\/strong>\u00a0500 x 780 x 500 mm.<\/p>\n<p><strong>Mediana. Dimensiones:<\/strong>\u00a0600 x 890 x 600 mm<\/p>\n<p><strong>Grande.<\/strong>\u00a0<strong>Dimens\u00f5es:<\/strong>\u00a0700 x 1000 x 700 mm.<\/p>\n<p>.<\/p>\n<p>&nbsp;<\/p>\n<p>&nbsp;<\/p>","protected":false},"excerpt":{"rendered":"<p>La Caseta pl\u00e1stico es un producto\u00a0<strong>para perros<\/strong>\u00a0o que facilitar\u00e1<strong>\u00a0resto dos animais<\/strong>. Este produto tem as caracter\u00edsticas necess\u00e1rias para agradar o conforto do c\u00e3o.<\/p>\n<p>La forma de cilindro de la caseta le permite ser cogido de forma pr\u00e1ctica por el humano. De esta manera persona y animal ganan en comodidad, as\u00ed como en flexibilidad.<\/p>\n<p><strong>Elegir tama\u00f1o deseado al comprar el producto.<\/strong><\/p>","protected":false},"featured_media":1733,"comment_status":"closed","ping_status":"closed","template":"","meta":[],"product_brand":[],"product_cat":[1675,616],"product_tag":[629,1095],"class_list":{"0":"post-1731","1":"product","2":"type-product","3":"status-publish","4":"has-post-thumbnail","6":"product_cat-casetas-perros","7":"product_cat-accesorios-para-perros","8":"product_tag-accesorios-para-perros","9":"product_tag-casetas","11":"first","12":"outofstock","13":"taxable","14":"shipping-taxable","15":"purchasable","16":"product-type-variable"},"_links":{"self":[{"href":"https:\/\/jauteco.com\/pt\/wp-json\/wp\/v2\/product\/1731","targetHints":{"allow":["GET"]}}],"collection":[{"href":"https:\/\/jauteco.com\/pt\/wp-json\/wp\/v2\/product"}],"about":[{"href":"https:\/\/jauteco.com\/pt\/wp-json\/wp\/v2\/types\/product"}],"replies":[{"embeddable":true,"href":"https:\/\/jauteco.com\/pt\/wp-json\/wp\/v2\/comments?post=1731"}],"version-history":[{"count":0,"href":"https:\/\/jauteco.com\/pt\/wp-json\/wp\/v2\/product\/1731\/revisions"}],"wp:featuredmedia":[{"embeddable":true,"href":"https:\/\/jauteco.com\/pt\/wp-json\/wp\/v2\/media\/1733"}],"wp:attachment":[{"href":"https:\/\/jauteco.com\/pt\/wp-json\/wp\/v2\/media?parent=1731"}],"wp:term":[{"taxonomy":"product_brand","embeddable":true,"href":"https:\/\/jauteco.com\/pt\/wp-json\/wp\/v2\/product_brand?post=1731"},{"taxonomy":"product_cat","embeddable":true,"href":"https:\/\/jauteco.com\/pt\/wp-json\/wp\/v2\/product_cat?post=1731"},{"taxonomy":"product_tag","embeddable":true,"href":"https:\/\/jauteco.com\/pt\/wp-json\/wp\/v2\/product_tag?post=1731"}],"curies":[{"name":"wp","href":"https:\/\/api.w.org\/{rel}","templated":true}]}}