{"id":1738,"date":"2017-10-03T11:22:24","date_gmt":"2017-10-03T11:22:24","guid":{"rendered":"https:\/\/jauteco.com\/?post_type=product&#038;p=1738"},"modified":"2022-01-28T11:46:19","modified_gmt":"2022-01-28T11:46:19","slug":"caseta-madera-techo-plano","status":"publish","type":"product","link":"https:\/\/jauteco.com\/pt\/tienda\/caseta-madera-techo-plano\/","title":{"rendered":"Telhado plano de cabana de madeira"},"content":{"rendered":"<h3>Telhado plano de cabana de madeira<\/h3>\n<p>La Caseta Madera Techo Plano es un producto\u00a0<strong>para perros<\/strong>\u00a0o que facilitar\u00e1<strong>\u00a0resto dos animais<\/strong>. Este produto tem as caracter\u00edsticas necess\u00e1rias para agradar o conforto do c\u00e3o.<\/p>\n<p>La forma de caseta contiene una puerta en en el lateral que permitir\u00e1 la entrada del animal, a la vez que le permitir\u00e1 respirar sin dificultad. El producto contiene peque\u00f1as patas que levanta ligeramente la caseta del suelo.<\/p>\n<p>El producto est\u00e1 dise\u00f1a con madera natural, con un techo de color verde, su naturalidad lo hace agradable para la vista. Sus caracter\u00edsticas la hacen ideal para espacios abiertos como jardines.<\/p>\n<p>El perro tendr\u00e1 libertad para entrar o salir en la caseta, as\u00ed se mover\u00e1 con total comodidad.<\/p>\n<p>O<strong>\u00a0forma plana e inclinada del techo<\/strong>\u00a0da casa impede que a neve ou a \u00e1gua fiquem no topo, evitando danos. Al\u00e9m disso, as pernas tamb\u00e9m impedem a entrada de \u00e1gua na casa, para o bem-estar do animal.<\/p>\n<p>La caseta madera techo plano est\u00e1 disponible en tres dimensiones distintas, seg\u00fan el tama\u00f1o del perro. El suelo es impermeable y abatible, las patas contienen tacos de goma para facilitar su limpieza.<\/p>\n<p>Caracter\u00edsticas de la caseta madera techo plano para perros:<\/p>\n<p><strong>Peque\u00f1a. Dimensiones:\u00a0<\/strong>850 x 580 x 580 mm.<\/p>\n<p><strong>Mediana. Dimensiones:\u00a0<\/strong>1040 x 700 x 660 mm.<\/p>\n<p><strong>Grande. Dimens\u00f5es:\u00a0<\/strong>1160 x 820 x 760 mm.<\/p>","protected":false},"excerpt":{"rendered":"<p>La Caseta Madera Techo Plano es un producto\u00a0<strong>para perros<\/strong>\u00a0o que facilitar\u00e1<strong>\u00a0resto dos animais<\/strong>. Este produto tem as caracter\u00edsticas necess\u00e1rias para agradar o conforto do c\u00e3o.<\/p>\n<p>El producto est\u00e1 dise\u00f1a con madera natural, con un techo de color verde, su naturalidad lo hace agradable para la vista. Sus caracter\u00edsticas la hacen ideal para espacios abiertos como jardines.<\/p>\n<p><strong>Elegir el tama\u00f1o deseado para el producto.<\/strong><\/p>","protected":false},"featured_media":1749,"comment_status":"closed","ping_status":"closed","template":"","meta":[],"product_brand":[],"product_cat":[1675,616],"product_tag":[629,1095],"class_list":{"0":"post-1738","1":"product","2":"type-product","3":"status-publish","4":"has-post-thumbnail","6":"product_cat-casetas-perros","7":"product_cat-accesorios-para-perros","8":"product_tag-accesorios-para-perros","9":"product_tag-casetas","10":"product_shipping_class-jaulas","12":"first","13":"outofstock","14":"taxable","15":"shipping-taxable","16":"purchasable","17":"product-type-variable"},"_links":{"self":[{"href":"https:\/\/jauteco.com\/pt\/wp-json\/wp\/v2\/product\/1738","targetHints":{"allow":["GET"]}}],"collection":[{"href":"https:\/\/jauteco.com\/pt\/wp-json\/wp\/v2\/product"}],"about":[{"href":"https:\/\/jauteco.com\/pt\/wp-json\/wp\/v2\/types\/product"}],"replies":[{"embeddable":true,"href":"https:\/\/jauteco.com\/pt\/wp-json\/wp\/v2\/comments?post=1738"}],"version-history":[{"count":0,"href":"https:\/\/jauteco.com\/pt\/wp-json\/wp\/v2\/product\/1738\/revisions"}],"wp:featuredmedia":[{"embeddable":true,"href":"https:\/\/jauteco.com\/pt\/wp-json\/wp\/v2\/media\/1749"}],"wp:attachment":[{"href":"https:\/\/jauteco.com\/pt\/wp-json\/wp\/v2\/media?parent=1738"}],"wp:term":[{"taxonomy":"product_brand","embeddable":true,"href":"https:\/\/jauteco.com\/pt\/wp-json\/wp\/v2\/product_brand?post=1738"},{"taxonomy":"product_cat","embeddable":true,"href":"https:\/\/jauteco.com\/pt\/wp-json\/wp\/v2\/product_cat?post=1738"},{"taxonomy":"product_tag","embeddable":true,"href":"https:\/\/jauteco.com\/pt\/wp-json\/wp\/v2\/product_tag?post=1738"}],"curies":[{"name":"wp","href":"https:\/\/api.w.org\/{rel}","templated":true}]}}