{"id":1743,"date":"2017-10-04T08:18:21","date_gmt":"2017-10-04T08:18:21","guid":{"rendered":"https:\/\/jauteco.com\/?post_type=product&#038;p=1743"},"modified":"2022-01-28T11:49:54","modified_gmt":"2022-01-28T11:49:54","slug":"caseta-madera-perros-techo-2-aguas","status":"publish","type":"product","link":"https:\/\/jauteco.com\/pt\/tienda\/caseta-madera-perros-techo-2-aguas\/","title":{"rendered":"Telhado de madeira dos c\u00e3es da casa 2 \u00e1guas"},"content":{"rendered":"<h3>Telhado de madeira dos c\u00e3es da casa 2 \u00e1guas<\/h3>\n<p>La Caseta Madera Perros Techo 2 Aguas\u00a0es un producto\u00a0<strong>para perros<\/strong>\u00a0o que facilitar\u00e1<strong>\u00a0resto dos animais<\/strong>. Este produto tem as caracter\u00edsticas necess\u00e1rias para agradar o conforto do c\u00e3o.<\/p>\n<p>La forma de caseta contiene una<strong> puerta central<\/strong> que permitir\u00e1 tanto la entrada del animal, como respirar sin dificultad. El producto <strong>contiene peque\u00f1as patas<\/strong> que levanta ligeramente la caseta del suelo.<\/p>\n<p>O produto \u00e9 <strong>dise\u00f1ado con madera natural<\/strong>, con un techo de color verde, su naturalidad lo hace agradable para la vista. Sus caracter\u00edsticas la hacen ideal para espacios abiertos como jardines.<\/p>\n<p>El perro tendr\u00e1 l<strong>ibertad para entrar o salir en la caseta<\/strong>, as\u00ed se mover\u00e1 con total comodidad.<\/p>\n<p>O<strong>\u00a0forma triangular de dos aguas del techo<\/strong>\u00a0da casa impede que a neve ou a \u00e1gua fiquem no topo, evitando danos. Al\u00e9m disso, as pernas tamb\u00e9m impedem a entrada de \u00e1gua na casa, para o bem-estar do animal.<\/p>\n<p>La caseta madera perros est\u00e1 disponible en <strong>tres dimensiones distintas<\/strong>, a elegir seg\u00fan el tama\u00f1o del perro. El suelo es impermeable y abatible, las patas contienen tacos de goma para facilitar su limpieza.<\/p>\n<p>Caracter\u00edsticas de la Caseta Madera Perros Techo 2 Aguas para perros:<\/p>\n<p><strong>Peque\u00f1a:\u00a0Dimensiones:<\/strong>\u00a0720 x 760 x 760\u00a0mm.<\/p>\n<p><strong>Mediana:<\/strong>\u00a0<strong>Dimens\u00f5es:<\/strong>\u00a0780 x 800 x 880 mm.<\/p>\n<p><strong>Grande<\/strong>:\u00a0<strong>Dimens\u00f5es:<\/strong>\u00a0840 x 865 x 1011 mm.<\/p>","protected":false},"excerpt":{"rendered":"<p>La Caseta Madera Perros Techo 2 Aguas\u00a0es un producto\u00a0<strong>para perros<\/strong>\u00a0o que facilitar\u00e1<strong>\u00a0resto dos animais<\/strong>. Este produto tem as caracter\u00edsticas necess\u00e1rias para agradar o conforto do c\u00e3o.<\/p>\n<p>El producto est\u00e1 dise\u00f1ado con madera natural, con un techo de color verde, su naturalidad lo hace agradable para la vista. Sus caracter\u00edsticas la hacen ideal para espacios abiertos como jardines.<\/p>\n<p><strong>Elegir el tama\u00f1o deseado del producto<\/strong><\/p>","protected":false},"featured_media":1744,"comment_status":"closed","ping_status":"closed","template":"","meta":[],"product_brand":[],"product_cat":[1675,616],"product_tag":[629,1095],"class_list":{"0":"post-1743","1":"product","2":"type-product","3":"status-publish","4":"has-post-thumbnail","6":"product_cat-casetas-perros","7":"product_cat-accesorios-para-perros","8":"product_tag-accesorios-para-perros","9":"product_tag-casetas","11":"first","12":"outofstock","13":"taxable","14":"shipping-taxable","15":"purchasable","16":"product-type-variable"},"_links":{"self":[{"href":"https:\/\/jauteco.com\/pt\/wp-json\/wp\/v2\/product\/1743","targetHints":{"allow":["GET"]}}],"collection":[{"href":"https:\/\/jauteco.com\/pt\/wp-json\/wp\/v2\/product"}],"about":[{"href":"https:\/\/jauteco.com\/pt\/wp-json\/wp\/v2\/types\/product"}],"replies":[{"embeddable":true,"href":"https:\/\/jauteco.com\/pt\/wp-json\/wp\/v2\/comments?post=1743"}],"version-history":[{"count":0,"href":"https:\/\/jauteco.com\/pt\/wp-json\/wp\/v2\/product\/1743\/revisions"}],"wp:featuredmedia":[{"embeddable":true,"href":"https:\/\/jauteco.com\/pt\/wp-json\/wp\/v2\/media\/1744"}],"wp:attachment":[{"href":"https:\/\/jauteco.com\/pt\/wp-json\/wp\/v2\/media?parent=1743"}],"wp:term":[{"taxonomy":"product_brand","embeddable":true,"href":"https:\/\/jauteco.com\/pt\/wp-json\/wp\/v2\/product_brand?post=1743"},{"taxonomy":"product_cat","embeddable":true,"href":"https:\/\/jauteco.com\/pt\/wp-json\/wp\/v2\/product_cat?post=1743"},{"taxonomy":"product_tag","embeddable":true,"href":"https:\/\/jauteco.com\/pt\/wp-json\/wp\/v2\/product_tag?post=1743"}],"curies":[{"name":"wp","href":"https:\/\/api.w.org\/{rel}","templated":true}]}}