{"id":1750,"date":"2017-10-04T09:06:36","date_gmt":"2017-10-04T09:06:36","guid":{"rendered":"https:\/\/jauteco.com\/?post_type=product&#038;p=1750"},"modified":"2022-04-12T10:19:40","modified_gmt":"2022-04-12T10:19:40","slug":"jaula-exposicion-paris","status":"publish","type":"product","link":"https:\/\/jauteco.com\/pt\/tienda\/jaula-exposicion-paris\/","title":{"rendered":"Jaula Exposici\u00f3n Par\u00eds (Plegable)"},"content":{"rendered":"<h3><strong>Jaula Exposici\u00f3n Par\u00eds para Perros (Plegable)<\/strong><\/h3>\n<p>A gaiola de exposi\u00e7\u00f5es de Paris foi projetada para o transporte e a exposi\u00e7\u00e3o de c\u00e3es. Este produto atende \u00e0s condi\u00e7\u00f5es necess\u00e1rias para o conforto humano e animal.<\/p>\n<p>O c\u00e3o poder\u00e1 respirar sem problemas na gaiola, gra\u00e7as \u00e0 grade met\u00e1lica atrav\u00e9s da qual \u00e9 formada. Al\u00e9m disso, essa grade tamb\u00e9m \u00e9 usada para fortalecer a gaiola, impedindo que o c\u00e3o escape.<\/p>\n<p><strong>El piso es de alambre y tiene una bandeja extra\u00edble para poder limpiar con facilidad.<\/strong><\/p>\n<p>El producto cuenta con dos peque\u00f1as asas, con ellas facilitar\u00e1 el transporte de la jaula.<\/p>\n<p>A gaiola de exposi\u00e7\u00f5es de Paris est\u00e1 dispon\u00edvel em tamanhos diferentes, dependendo dos desejos do comprador e das caracter\u00edsticas do animal, para que o produto seja adapt\u00e1vel a todos os c\u00e3es.<\/p>\n<p>La Jaula Exposici\u00f3n para Perros Par\u00eds cuenta con las siguientes caracter\u00edsticas:<\/p>\n<p><strong>Grande:\u00a0<\/strong>1090 x 710 x 795 mm.<\/p>\n<p><strong>Mediana:<\/strong>\u00a0925 x 575 x 655 mm.<\/p>\n<p><strong>Pequeno:<\/strong>\u00a0775 x 485 x 570 mm.<\/p>","protected":false},"excerpt":{"rendered":"<p>La Jaula exposici\u00f3n Roma est\u00e1 dise\u00f1ada para el transporte y la exposici\u00f3n de perros. Este producto re\u00fane las condiciones necesarias para la comodidad de humano y animal.<\/p>\n<p>O c\u00e3o poder\u00e1 respirar sem problemas na gaiola, gra\u00e7as \u00e0 grade met\u00e1lica atrav\u00e9s da qual \u00e9 formada. Al\u00e9m disso, essa grade tamb\u00e9m \u00e9 usada para fortalecer a gaiola, impedindo que o c\u00e3o escape.<\/p>\n<p><strong>Elegir tama\u00f1o de Jaula deseado seg\u00fan las caracter\u00edsticas del perro<\/strong><\/p>","protected":false},"featured_media":1751,"comment_status":"closed","ping_status":"closed","template":"","meta":[],"product_brand":[],"product_cat":[907,616],"product_tag":[1193,1194,1195,922],"class_list":{"0":"post-1750","1":"product","2":"type-product","3":"status-publish","4":"has-post-thumbnail","6":"product_cat-transporte-animales","7":"product_cat-accesorios-para-perros","8":"product_tag-accesorios-perros","9":"product_tag-jaulas-exposicion","10":"product_tag-jaulas-perros","11":"product_tag-jaulas-transporte","13":"first","14":"instock","15":"taxable","16":"shipping-taxable","17":"purchasable","18":"product-type-variable"},"_links":{"self":[{"href":"https:\/\/jauteco.com\/pt\/wp-json\/wp\/v2\/product\/1750","targetHints":{"allow":["GET"]}}],"collection":[{"href":"https:\/\/jauteco.com\/pt\/wp-json\/wp\/v2\/product"}],"about":[{"href":"https:\/\/jauteco.com\/pt\/wp-json\/wp\/v2\/types\/product"}],"replies":[{"embeddable":true,"href":"https:\/\/jauteco.com\/pt\/wp-json\/wp\/v2\/comments?post=1750"}],"version-history":[{"count":0,"href":"https:\/\/jauteco.com\/pt\/wp-json\/wp\/v2\/product\/1750\/revisions"}],"wp:featuredmedia":[{"embeddable":true,"href":"https:\/\/jauteco.com\/pt\/wp-json\/wp\/v2\/media\/1751"}],"wp:attachment":[{"href":"https:\/\/jauteco.com\/pt\/wp-json\/wp\/v2\/media?parent=1750"}],"wp:term":[{"taxonomy":"product_brand","embeddable":true,"href":"https:\/\/jauteco.com\/pt\/wp-json\/wp\/v2\/product_brand?post=1750"},{"taxonomy":"product_cat","embeddable":true,"href":"https:\/\/jauteco.com\/pt\/wp-json\/wp\/v2\/product_cat?post=1750"},{"taxonomy":"product_tag","embeddable":true,"href":"https:\/\/jauteco.com\/pt\/wp-json\/wp\/v2\/product_tag?post=1750"}],"curies":[{"name":"wp","href":"https:\/\/api.w.org\/{rel}","templated":true}]}}