{"id":1761,"date":"2017-10-04T11:01:36","date_gmt":"2017-10-04T11:01:36","guid":{"rendered":"https:\/\/jauteco.com\/?post_type=product&#038;p=1761"},"modified":"2022-01-28T11:42:15","modified_gmt":"2022-01-28T11:42:15","slug":"transportin-perros","status":"publish","type":"product","link":"https:\/\/jauteco.com\/pt\/tienda\/transportin-perros\/","title":{"rendered":"Portador de c\u00e3es"},"content":{"rendered":"<h3><strong>Portador de c\u00e3es<\/strong><\/h3>\n<p>A transportadora para c\u00e3es \u00e9 ideal para transportar c\u00e3es, gatos e animais semelhantes com seguran\u00e7a. As caracter\u00edsticas do transportador permitem que seja confort\u00e1vel para animais, bem como para humanos.<\/p>\n<p>O produto possui uma porta de entrada com grades, que permitir\u00e1 ao ser humano abrir e fechar, mantendo o c\u00e3o ou gato sob controle. O animal n\u00e3o se sentir\u00e1 isolado, pois atrav\u00e9s das grades poder\u00e1 observar tudo o que acontece ao seu redor.<\/p>\n<p>As aberturas laterais da transportadora, assim como a grade permitem que o animal respire sem problemas.<\/p>\n<p>A transportadora possui quatro modelos espec\u00edficos de acordo com o tamanho do animal, s\u00e3o eles (do menor ao maior) o Foxterrier, o Cocker, o Bullterrier e o Husky. O Foxterrier se destaca pela al\u00e7a para transportar o animal, assim como o Husky pelas rodas para seu movimento.<\/p>\n<p>Este produto \u00e9 ideal para transportar animais em meios de transporte com flexibilidade. O animal viajar\u00e1 com conforto, evitando causar transtornos ao condutor e passageiros.<\/p>\n<p>As cores utilizadas pela transportadora para c\u00e3es s\u00e3o o branco na parte superior e o azul marinho na parte inferior. Essas cores o tornam atraente aos olhos.<\/p>\n<p>\u00c9 muito \u00fatil para transportar animais de ca\u00e7a, como c\u00e3es, para mant\u00ea-los controlados durante o acesso.<\/p>\n<p>Caracter\u00edsticas do transportador de c\u00e3es de acordo com o modelo:<\/p>\n<p><strong>- Fox terrier:\u00a0<\/strong>\u00a0330 x 500 x 330 mm.<\/p>\n<p><strong>- Cocker:\u00a0<\/strong>400 x 610 x 400 mm.<\/p>\n<p><strong>- Bullterrier:\u00a0<\/strong>600 x 780 x 600 mm.<\/p>\n<p><strong>- Husky:\u00a0<\/strong>700 x 1000 x 750 mm.<strong>\u00a0<\/strong><\/p>","protected":false},"excerpt":{"rendered":"<p>A transportadora para c\u00e3es \u00e9 ideal para transportar c\u00e3es, gatos e animais semelhantes com seguran\u00e7a. As caracter\u00edsticas do transportador permitem que seja confort\u00e1vel para animais, bem como para humanos.<\/p>\n<p>Este produto \u00e9 ideal para transportar animais em meios de transporte com flexibilidade. O animal viajar\u00e1 com conforto, evitando causar transtornos ao condutor e passageiros.<\/p>\n<p>A transportadora possui quatro modelos espec\u00edficos de acordo com o tamanho do animal, s\u00e3o eles (do menor ao maior) o Foxterrier, o Cocker, o Bullterrier e o Husky.<\/p>\n<p><strong>Escolha o modelo desejado no momento da compra.<\/strong><\/p>","protected":false},"featured_media":1764,"comment_status":"closed","ping_status":"closed","template":"","meta":[],"product_brand":[],"product_cat":[907,616],"product_tag":[1193,1194,922],"class_list":{"0":"post-1761","1":"product","2":"type-product","3":"status-publish","4":"has-post-thumbnail","6":"product_cat-transporte-animales","7":"product_cat-accesorios-para-perros","8":"product_tag-accesorios-perros","9":"product_tag-jaulas-exposicion","10":"product_tag-jaulas-transporte","12":"first","13":"outofstock","14":"taxable","15":"shipping-taxable","16":"purchasable","17":"product-type-variable"},"_links":{"self":[{"href":"https:\/\/jauteco.com\/pt\/wp-json\/wp\/v2\/product\/1761","targetHints":{"allow":["GET"]}}],"collection":[{"href":"https:\/\/jauteco.com\/pt\/wp-json\/wp\/v2\/product"}],"about":[{"href":"https:\/\/jauteco.com\/pt\/wp-json\/wp\/v2\/types\/product"}],"replies":[{"embeddable":true,"href":"https:\/\/jauteco.com\/pt\/wp-json\/wp\/v2\/comments?post=1761"}],"version-history":[{"count":0,"href":"https:\/\/jauteco.com\/pt\/wp-json\/wp\/v2\/product\/1761\/revisions"}],"wp:featuredmedia":[{"embeddable":true,"href":"https:\/\/jauteco.com\/pt\/wp-json\/wp\/v2\/media\/1764"}],"wp:attachment":[{"href":"https:\/\/jauteco.com\/pt\/wp-json\/wp\/v2\/media?parent=1761"}],"wp:term":[{"taxonomy":"product_brand","embeddable":true,"href":"https:\/\/jauteco.com\/pt\/wp-json\/wp\/v2\/product_brand?post=1761"},{"taxonomy":"product_cat","embeddable":true,"href":"https:\/\/jauteco.com\/pt\/wp-json\/wp\/v2\/product_cat?post=1761"},{"taxonomy":"product_tag","embeddable":true,"href":"https:\/\/jauteco.com\/pt\/wp-json\/wp\/v2\/product_tag?post=1761"}],"curies":[{"name":"wp","href":"https:\/\/api.w.org\/{rel}","templated":true}]}}